{"id":10427,"date":"2020-04-13T07:44:28","date_gmt":"2020-04-13T07:44:28","guid":{"rendered":"https:\/\/jaya-prosecco.com\/?page_id=10427"},"modified":"2025-08-27T14:57:41","modified_gmt":"2025-08-27T14:57:41","slug":"condizioni-di-vendita","status":"publish","type":"page","link":"https:\/\/jaya-prosecco.com\/it\/sales-terms\/","title":{"rendered":"Condizioni di vendita"},"content":{"rendered":"<h3>GENERALIT\u00c0 E APPLICAZIONE DELLE CONDIZIONI GENERALI DI VENDITA (GTC)<\/h3>\n<p>La conferma dell'ordine implica la piena accettazione delle CGV da parte del cliente.<\/p>\n<p>In assenza di qualsiasi altro accordo scritto tra il venditore e il cliente, le presenti CGV prevalgono. Ad eccezione di casi specifici, il presente documento non richiede una firma autografa per concludere la vendita; la conferma dell'ordine da parte del cliente \u00e8 considerata un'approvazione del contenuto delle CGV.<\/p>\n<p>In caso di modifica delle CGC, le condizioni applicabili saranno quelle indicate sul sito web al momento dell'ordine.<\/p>\n<p>Le presenti CGV sono disciplinate e soggette all'applicazione del diritto svizzero.<\/p>\n<p>I prodotti presenti sul sito web di T&amp;P Group S\u00e0rl sono in vendita in Svizzera.<\/p>\n<p>Le foto e le illustrazioni non sono contrattuali. I dettagli e le spiegazioni fornite sono solo a scopo informativo. Non costituiscono un documento contrattuale.<\/p>\n<p>Le nostre offerte sono riservate esclusivamente ai clienti maggiorenni e capaci di discernimento (cio\u00e8 non sottoposti a tutela o curatela).<\/p>\n<p>Ai sensi dell'articolo 13681 del Codice penale svizzero, la vendita di alcolici, aperitivi e alcopop in quantit\u00e0 tali da mettere in pericolo la salute \u00e8 vietata ai minori di diciotto anni (18 anni). La vendita di vini, sidri e birre \u00e8 vietata ai minori di sedici (16 anni). L'acquirente si impegna a certificare di aver raggiunto l'et\u00e0 minima prevista dalla legge.<\/p>\n<p>L'abuso di alcol \u00e8 pericoloso per la salute. Bevete e divertitevi con moderazione.<\/p>\n<p>&nbsp;<\/p>\n<h3>CONVALIDA DELL'ORDINE<\/h3>\n<p>Gli ordini non sono definitivi e non vengono preparati fino al ricevimento del pagamento e dei dati completi di contatto dell'acquirente e del destinatario dell'ordine. La preparazione dell'ordine \u00e8 subordinata al ricevimento di tutti questi elementi. In caso di mancanza di tali elementi, T&amp;P Group S\u00e0rl non sar\u00e0 responsabile di eventuali ritardi nella consegna.<\/p>\n<p>I pagamenti con carta di credito sono sicuri. T&amp;P Group S\u00e0rl non memorizza i dati bancari comunicati durante gli acquisti online.<\/p>\n<p>Affinch\u00e9 la consegna venga effettuata, l'intero importo dell'ordine deve essere pagato al momento della convalida dell'ordine.<\/p>\n<p>T&amp;P Group S\u00e0rl si riserva il diritto di rifiutare di evadere un ordine per un cliente con il quale non sia stata risolta una controversia in corso.<\/p>\n<p>&nbsp;<\/p>\n<h3>PREZZO:<\/h3>\n<p>Tutti i prezzi sono espressi in franchi svizzeri, includono l'IVA e non comprendono le spese di spedizione.<\/p>\n<p>I prezzi indicati al momento dell'ordine sono soggetti a modifiche dell'assortimento, dell'annata, della disponibilit\u00e0 degli articoli e alla correzione di errori evidenti o refusi.<\/p>\n<p>T&amp;P Group S\u00e0rl pu\u00f2 effettuare promozioni sul proprio assortimento. Queste offerte sono valide solo per il periodo in cui vengono pubblicate sul sito e non possono essere richieste retroattivamente.<\/p>\n<p>I prezzi indicati in valute diverse dal franco svizzero sono solo a scopo informativo e non costituiscono un'offerta da parte di T&amp;P Group S\u00e0rl, n\u00e9 un impegno in termini di tasso di cambio. Tutti i vini in vendita sono soggetti a disponibilit\u00e0 e a variazioni di mercato.<\/p>\n<p>&nbsp;<\/p>\n<h3>SPEDIZIONE DELL'ORDINE<\/h3>\n<p>Gli ordini vengono generalmente spediti entro due (2) o tre (3) giorni dal ricevimento del pagamento. Le spedizioni vengono effettuate tramite il nostro servizio di corriere o tramite terzi. A ogni spedizione viene assegnato un numero di tracciamento.<\/p>\n<p>Le consegne non saranno effettuate il sabato, la domenica e nei giorni festivi nazionali o cantonali.<\/p>\n<p>T&amp;P Group S\u00e0rl non pu\u00f2 essere ritenuta responsabile per eventuali problemi di consegna in caso di errore o di informazioni incomplete nell'ordine di acquisto. Se la merce \u00e8 stata restituita a causa di un indirizzo errato o incompleto, il cliente pu\u00f2 scegliere una nuova spedizione di cui sosterr\u00e0 l'intero costo oppure il rimborso dell'ordine al netto delle spese di spedizione.<\/p>\n<p>Le spese di spedizione comprendono le spese di elaborazione e imballaggio e le spese di consegna. Le spese di elaborazione sono fisse, mentre le spese di consegna variano in base al peso totale del pacco. Si consiglia di combinare tutti gli articoli in un unico ordine. Non sar\u00e0 possibile combinare due ordini effettuati separatamente e di conseguenza le spese di spedizione saranno applicate a ciascuno di essi.<\/p>\n<p>La merce viaggia a rischio e pericolo dell'acquirente. T&amp;P Group S\u00e0rl non pu\u00f2 essere ritenuta responsabile per eventuali difetti del servizio postale o di trasporto.<\/p>\n<p>Le consegne vengono effettuate solo in Svizzera. La consegna verr\u00e0 effettuata all'indirizzo di consegna indicato dal cliente.<\/p>\n<p>&nbsp;<\/p>\n<h3>TEMPI DI CONSEGNA<\/h3>\n<p>Gli ordini vengono generalmente spediti entro due (2) o tre (3) giorni dal ricevimento del pagamento. Potrebbe essere necessario verificare i dati dell'utente con l'emittente della carta prima di spedire l'ordine. Faremo del nostro meglio per ridurre questo periodo di tempo. Il tempo di consegna \u00e8 calcolato a partire dal momento in cui l'ordine \u00e8 stato accettato e il pagamento \u00e8 stato ricevuto. Questo tempo include un periodo di 24 ore durante i giorni di apertura, tranne in caso di forza maggiore, in cui gli articoli vengono elaborati e spediti dal nostro magazzino. I tempi di consegna degli articoli non disponibili in magazzino saranno comunicati separatamente. Lavoreremo a stretto contatto con il nostro partner di consegna per ridurre il pi\u00f9 possibile i tempi di consegna. I prodotti dovrebbero essere consegnati entro cinque (5) o sei (6) giorni lavorativi, a condizione che siano disponibili in magazzino.<\/p>\n<p>Le consegne non saranno effettuate il sabato, la domenica e nei giorni festivi nazionali o cantonali.<\/p>\n<p>I tempi di consegna sono calcolati a partire dal momento in cui l'ordine \u00e8 stato accettato e il pagamento \u00e8 stato ricevuto.<\/p>\n<p>Se l'indirizzo indicato non \u00e8 corretto, l'acquirente \u00e8 l'unico responsabile delle conseguenze (ritardi nella consegna, costi aggiuntivi di consegna).<\/p>\n<p>&nbsp;<\/p>\n<h3>SPESE DI SPEDIZIONE<\/h3>\n<p>Le spese di consegna non vengono fatturate per gli ordini e-commerce di JAYA o T&amp;P Group S\u00e0rl.<\/p>\n<p>&nbsp;<\/p>\n<h3>LEGISLAZIONE SULLA NAVIGAZIONE<\/h3>\n<p>Gli ordini sono soggetti alla legislazione svizzera vigente.<\/p>\n<p>Gli utenti che effettuano un ordine tramite il sito web di Jaya Prosecco o di T&amp;P Group S\u00e0rl si impegnano a rispettare l'articolo 13681 del Codice Penale Svizzero relativo alla vendita di alcolici, il quale specifica che la vendita di liquori, aperitivi e alcopops \u00e8 vietata ai minori di diciotto (18 anni) e che la vendita di vini, sidri e birre \u00e8 vietata ai minori di sedici (16 anni). Gli acquirenti, pertanto, attestano di aver raggiunto l'et\u00e0 richiesta per effettuare l'ordine e di non essere sotto tutela o curatela.<\/p>\n<p>Per qualsiasi ordine destinato a un paese diverso dalla Svizzera, il cliente deve contattare T&amp;P Group S\u00e0rl per maggiori informazioni sulla possibilit\u00e0 di consegna internazionale.<\/p>\n<p>T&amp;P Group S\u00e0rl ha diritto di recesso se l'ordine \u00e8 destinato a un Paese in cui la legge vieta l'importazione di alcolici o vini.<\/p>\n<p>Gli ordini per l'esportazione sono soggetti alla legislazione del paese di destinazione.<\/p>\n<p>&nbsp;<\/p>\n<h3>QUALIT\u00c0, DIFETTI E NOTIFICA DEI DIFETTI<\/h3>\n<p>T&amp;P Group S\u00e0rl si adopera per garantire che i vini in suo possesso siano conservati e immagazzinati in condizioni adeguate, ma non \u00e8 responsabile dello stato e delle condizioni dei vini, n\u00e9 della qualit\u00e0 attesa in base alla descrizione. Secondo le disposizioni dell'Associazione Svizzera del Commercio del Vino (Association Suisse du Commerce du Vin), le bottiglie difettose saranno sostituite solo se i vini svizzeri o stranieri sono stati imbottigliati in Svizzera e fino a un anno dopo l'acquisto. Non \u00e8 prevista alcuna sostituzione o rimborso per i vini stranieri imbottigliati nel paese di produzione o altrove. T&amp;P Group S\u00e0rl deve essere informata di qualsiasi difetto o irregolarit\u00e0 entro un massimo di 8 giorni dal ritiro o dal ricevimento del bene.<\/p>\n<p>&nbsp;<\/p>\n<h3>SICUREZZA DEL SITO WEB<\/h3>\n<p>Per garantire che la vostra esperienza di acquisto sia semplice e sicura, T&amp;P GROUP utilizza la tecnologia Secure Socket Layer (SSL). Questa tecnologia cripta e protegge i dati inviati via Internet. Se l'SSL \u00e8 abilitato, si vedr\u00e0 un lucchetto nella parte superiore del browser. \u00c8 possibile fare clic su di esso per ottenere informazioni sul certificato digitale SSL.<\/p>\n<p>Vi informiamo che i vostri dati sono conservati in un archivio sotto la responsabilit\u00e0 di T&amp;P Group al fine di poter adempiere agli impegni derivanti dal rapporto tra noi. Se lo desidera, pu\u00f2 esercitare i suoi diritti di accesso, rettifica, cancellazione e opposizione scrivendo al seguente indirizzo e-mail: info@t-p-group.com.<\/p>\n<p>&nbsp;<\/p>\n<h3>FOTO NON CONTRATTUALI<\/h3>\n<p>Le foto e le illustrazioni sono solo a scopo informativo e non hanno valore contrattuale. I crediti fotografici sono riportati in calce a ogni foto o, se non \u00e8 menzionato, \u00e8 di propriet\u00e0 di T&amp;P Group S\u00e0rl.<\/p>\n<p>&nbsp;<\/p>\n<h3>CONTROVERSIE, LEGGE APPLICABILE E GIURISDIZIONE<\/h3>\n<p>In caso di controversia, l'acquirente dovr\u00e0 innanzitutto contattare la Cantina T&amp;P Group S\u00e0rl per raggiungere una soluzione amichevole. I presenti termini e condizioni di vendita sono soggetti alla legge svizzera. Qualsiasi controversia relativa a una vendita conclusa secondo i parametri delle presenti condizioni generali di vendita sar\u00e0 di competenza esclusiva dei tribunali del Cantone di Vaud, con possibilit\u00e0 di ricorso al Tribunale federale.<\/p>","protected":false},"excerpt":{"rendered":"<p>GENERALITIES &amp; APPLICATION OF THE GENERAL TERMS AND CONDITIONS OF SALE (GTC) Confirmation of the order implies full acceptance of the GTC by the customer. In the absence of any other written agreement between the seller and the customer, these GTC shall prevail. With the exception of specific cases, this document does not require a handwritten signature to conclude a sale, confirmation of the order by the customer is deemed to be an approval of the contents of the GTC. In the event of a change to the GTC, the conditions that apply shall be those outlined on the website at the time the order was placed. These GTC are governed by and subject to the application of Swiss law. The products on the T&amp;P Group S\u00e0rl website are listed for sale in Switzerland. The photos and illustrations are not contractual. The details and explanations given are for information purposes only. They are not a contractual document. Our offers are exclusively reserved for customers who have attained the age of majority and are capable of discernment (that is, not under guardianship or curatorship). In accordance with Article 13681 of the Swiss Penal Code, the sale of spirits, aperitifs and alcopops in quantities likely to endanger health is prohibited to persons under the age of eighteen (18 years old). The sale of wines, ciders and beers is prohibited to persons under the age of sixteen (16 years old). The buyer undertakes to certify that they have attained the legal minimum age required. Alcohol abuse is dangerous to health. Drink and enjoy in moderation. &nbsp; VALIDATION OF THE ORDER The orders are not definitive and are not prepared until receipt of payment and the full contact details of the buyer and the recipient of the order. Preparation of the order is subject [&hellip;]<\/p>\n","protected":false},"author":1,"featured_media":0,"parent":0,"menu_order":15,"comment_status":"closed","ping_status":"closed","template":"","meta":{"_acf_changed":false,"footnotes":""},"class_list":["post-10427","page","type-page","status-publish","hentry"],"acf":[],"yoast_head":"<!-- This site is optimized with the Yoast SEO plugin v27.3 - https:\/\/yoast.com\/product\/yoast-seo-wordpress\/ -->\n<title>Sales Terms | JAYA Prosecco<\/title>\n<meta name=\"robots\" content=\"index, follow, max-snippet:-1, max-image-preview:large, max-video-preview:-1\" \/>\n<link rel=\"canonical\" href=\"https:\/\/jaya-prosecco.com\/it\/condizioni-di-vendita\/\" \/>\n<meta property=\"og:locale\" content=\"it_IT\" \/>\n<meta property=\"og:type\" content=\"article\" \/>\n<meta property=\"og:title\" content=\"Sales Terms | JAYA Prosecco\" \/>\n<meta property=\"og:description\" content=\"GENERALITIES &amp; APPLICATION OF THE GENERAL TERMS AND CONDITIONS OF SALE (GTC) Confirmation of the order implies full acceptance of the GTC by the customer. In the absence of any other written agreement between the seller and the customer, these GTC shall prevail. With the exception of specific cases, this document does not require a handwritten signature to conclude a sale, confirmation of the order by the customer is deemed to be an approval of the contents of the GTC. In the event of a change to the GTC, the conditions that apply shall be those outlined on the website at the time the order was placed. These GTC are governed by and subject to the application of Swiss law. The products on the T&amp;P Group S\u00e0rl website are listed for sale in Switzerland. The photos and illustrations are not contractual. The details and explanations given are for information purposes only. They are not a contractual document. Our offers are exclusively reserved for customers who have attained the age of majority and are capable of discernment (that is, not under guardianship or curatorship). In accordance with Article 13681 of the Swiss Penal Code, the sale of spirits, aperitifs and alcopops in quantities likely to endanger health is prohibited to persons under the age of eighteen (18 years old). The sale of wines, ciders and beers is prohibited to persons under the age of sixteen (16 years old). The buyer undertakes to certify that they have attained the legal minimum age required. Alcohol abuse is dangerous to health. Drink and enjoy in moderation. &nbsp; VALIDATION OF THE ORDER The orders are not definitive and are not prepared until receipt of payment and the full contact details of the buyer and the recipient of the order. Preparation of the order is subject [&hellip;]\" \/>\n<meta property=\"og:url\" content=\"https:\/\/jaya-prosecco.com\/it\/condizioni-di-vendita\/\" \/>\n<meta property=\"og:site_name\" content=\"JAYA Prosecco\" \/>\n<meta property=\"article:modified_time\" content=\"2025-08-27T14:57:41+00:00\" \/>\n<meta name=\"twitter:card\" content=\"summary_large_image\" \/>\n<meta name=\"twitter:label1\" content=\"Tempo di lettura stimato\" \/>\n\t<meta name=\"twitter:data1\" content=\"7 minuti\" \/>\n<script type=\"application\/ld+json\" class=\"yoast-schema-graph\">{\"@context\":\"https:\\\/\\\/schema.org\",\"@graph\":[{\"@type\":\"WebPage\",\"@id\":\"https:\\\/\\\/jaya-prosecco.com\\\/sales-terms\\\/\",\"url\":\"https:\\\/\\\/jaya-prosecco.com\\\/sales-terms\\\/\",\"name\":\"Sales Terms | JAYA Prosecco\",\"isPartOf\":{\"@id\":\"https:\\\/\\\/jaya-prosecco.com\\\/#website\"},\"datePublished\":\"2020-04-13T07:44:28+00:00\",\"dateModified\":\"2025-08-27T14:57:41+00:00\",\"breadcrumb\":{\"@id\":\"https:\\\/\\\/jaya-prosecco.com\\\/sales-terms\\\/#breadcrumb\"},\"inLanguage\":\"it-IT\",\"potentialAction\":[{\"@type\":\"ReadAction\",\"target\":[\"https:\\\/\\\/jaya-prosecco.com\\\/sales-terms\\\/\"]}]},{\"@type\":\"BreadcrumbList\",\"@id\":\"https:\\\/\\\/jaya-prosecco.com\\\/sales-terms\\\/#breadcrumb\",\"itemListElement\":[{\"@type\":\"ListItem\",\"position\":1,\"name\":\"Home\",\"item\":\"https:\\\/\\\/jaya-prosecco.com\\\/\"},{\"@type\":\"ListItem\",\"position\":2,\"name\":\"Sales Terms\"}]},{\"@type\":\"WebSite\",\"@id\":\"https:\\\/\\\/jaya-prosecco.com\\\/#website\",\"url\":\"https:\\\/\\\/jaya-prosecco.com\\\/\",\"name\":\"JAYA Prosecco\",\"description\":\"Joy of Celebration\",\"publisher\":{\"@id\":\"https:\\\/\\\/jaya-prosecco.com\\\/#organization\"},\"potentialAction\":[{\"@type\":\"SearchAction\",\"target\":{\"@type\":\"EntryPoint\",\"urlTemplate\":\"https:\\\/\\\/jaya-prosecco.com\\\/?s={search_term_string}\"},\"query-input\":{\"@type\":\"PropertyValueSpecification\",\"valueRequired\":true,\"valueName\":\"search_term_string\"}}],\"inLanguage\":\"it-IT\"},{\"@type\":\"Organization\",\"@id\":\"https:\\\/\\\/jaya-prosecco.com\\\/#organization\",\"name\":\"JAYA Prosecco\",\"url\":\"https:\\\/\\\/jaya-prosecco.com\\\/\",\"logo\":{\"@type\":\"ImageObject\",\"inLanguage\":\"it-IT\",\"@id\":\"https:\\\/\\\/jaya-prosecco.com\\\/#\\\/schema\\\/logo\\\/image\\\/\",\"url\":\"https:\\\/\\\/jaya-prosecco.com\\\/wp-content\\\/uploads\\\/2023\\\/04\\\/cropped-cropped-jaya_logo_horizontal_dark_background.png\",\"contentUrl\":\"https:\\\/\\\/jaya-prosecco.com\\\/wp-content\\\/uploads\\\/2023\\\/04\\\/cropped-cropped-jaya_logo_horizontal_dark_background.png\",\"width\":350,\"height\":168,\"caption\":\"JAYA Prosecco\"},\"image\":{\"@id\":\"https:\\\/\\\/jaya-prosecco.com\\\/#\\\/schema\\\/logo\\\/image\\\/\"}}]}<\/script>\n<!-- \/ Yoast SEO plugin. -->","yoast_head_json":{"title":"Condizioni di vendita | JAYA Prosecco","robots":{"index":"index","follow":"follow","max-snippet":"max-snippet:-1","max-image-preview":"max-image-preview:large","max-video-preview":"max-video-preview:-1"},"canonical":"https:\/\/jaya-prosecco.com\/it\/condizioni-di-vendita\/","og_locale":"it_IT","og_type":"article","og_title":"Sales Terms | JAYA Prosecco","og_description":"GENERALITIES &amp; APPLICATION OF THE GENERAL TERMS AND CONDITIONS OF SALE (GTC) Confirmation of the order implies full acceptance of the GTC by the customer. In the absence of any other written agreement between the seller and the customer, these GTC shall prevail. With the exception of specific cases, this document does not require a handwritten signature to conclude a sale, confirmation of the order by the customer is deemed to be an approval of the contents of the GTC. In the event of a change to the GTC, the conditions that apply shall be those outlined on the website at the time the order was placed. These GTC are governed by and subject to the application of Swiss law. The products on the T&amp;P Group S\u00e0rl website are listed for sale in Switzerland. The photos and illustrations are not contractual. The details and explanations given are for information purposes only. They are not a contractual document. Our offers are exclusively reserved for customers who have attained the age of majority and are capable of discernment (that is, not under guardianship or curatorship). In accordance with Article 13681 of the Swiss Penal Code, the sale of spirits, aperitifs and alcopops in quantities likely to endanger health is prohibited to persons under the age of eighteen (18 years old). The sale of wines, ciders and beers is prohibited to persons under the age of sixteen (16 years old). The buyer undertakes to certify that they have attained the legal minimum age required. Alcohol abuse is dangerous to health. Drink and enjoy in moderation. &nbsp; VALIDATION OF THE ORDER The orders are not definitive and are not prepared until receipt of payment and the full contact details of the buyer and the recipient of the order. Preparation of the order is subject [&hellip;]","og_url":"https:\/\/jaya-prosecco.com\/it\/condizioni-di-vendita\/","og_site_name":"JAYA Prosecco","article_modified_time":"2025-08-27T14:57:41+00:00","twitter_card":"summary_large_image","twitter_misc":{"Tempo di lettura stimato":"7 minuti"},"schema":{"@context":"https:\/\/schema.org","@graph":[{"@type":"WebPage","@id":"https:\/\/jaya-prosecco.com\/sales-terms\/","url":"https:\/\/jaya-prosecco.com\/sales-terms\/","name":"Condizioni di vendita | JAYA Prosecco","isPartOf":{"@id":"https:\/\/jaya-prosecco.com\/#website"},"datePublished":"2020-04-13T07:44:28+00:00","dateModified":"2025-08-27T14:57:41+00:00","breadcrumb":{"@id":"https:\/\/jaya-prosecco.com\/sales-terms\/#breadcrumb"},"inLanguage":"it-IT","potentialAction":[{"@type":"ReadAction","target":["https:\/\/jaya-prosecco.com\/sales-terms\/"]}]},{"@type":"BreadcrumbList","@id":"https:\/\/jaya-prosecco.com\/sales-terms\/#breadcrumb","itemListElement":[{"@type":"ListItem","position":1,"name":"Home","item":"https:\/\/jaya-prosecco.com\/"},{"@type":"ListItem","position":2,"name":"Sales Terms"}]},{"@type":"WebSite","@id":"https:\/\/jaya-prosecco.com\/#website","url":"https:\/\/jaya-prosecco.com\/","name":"JAYA Prosecco","description":"La gioia della celebrazione","publisher":{"@id":"https:\/\/jaya-prosecco.com\/#organization"},"potentialAction":[{"@type":"SearchAction","target":{"@type":"EntryPoint","urlTemplate":"https:\/\/jaya-prosecco.com\/?s={search_term_string}"},"query-input":{"@type":"PropertyValueSpecification","valueRequired":true,"valueName":"search_term_string"}}],"inLanguage":"it-IT"},{"@type":"Organization","@id":"https:\/\/jaya-prosecco.com\/#organization","name":"JAYA Prosecco","url":"https:\/\/jaya-prosecco.com\/","logo":{"@type":"ImageObject","inLanguage":"it-IT","@id":"https:\/\/jaya-prosecco.com\/#\/schema\/logo\/image\/","url":"https:\/\/jaya-prosecco.com\/wp-content\/uploads\/2023\/04\/cropped-cropped-jaya_logo_horizontal_dark_background.png","contentUrl":"https:\/\/jaya-prosecco.com\/wp-content\/uploads\/2023\/04\/cropped-cropped-jaya_logo_horizontal_dark_background.png","width":350,"height":168,"caption":"JAYA Prosecco"},"image":{"@id":"https:\/\/jaya-prosecco.com\/#\/schema\/logo\/image\/"}}]}},"_links":{"self":[{"href":"https:\/\/jaya-prosecco.com\/it\/wp-json\/wp\/v2\/pages\/10427","targetHints":{"allow":["GET"]}}],"collection":[{"href":"https:\/\/jaya-prosecco.com\/it\/wp-json\/wp\/v2\/pages"}],"about":[{"href":"https:\/\/jaya-prosecco.com\/it\/wp-json\/wp\/v2\/types\/page"}],"author":[{"embeddable":true,"href":"https:\/\/jaya-prosecco.com\/it\/wp-json\/wp\/v2\/users\/1"}],"replies":[{"embeddable":true,"href":"https:\/\/jaya-prosecco.com\/it\/wp-json\/wp\/v2\/comments?post=10427"}],"version-history":[{"count":1,"href":"https:\/\/jaya-prosecco.com\/it\/wp-json\/wp\/v2\/pages\/10427\/revisions"}],"predecessor-version":[{"id":47540,"href":"https:\/\/jaya-prosecco.com\/it\/wp-json\/wp\/v2\/pages\/10427\/revisions\/47540"}],"wp:attachment":[{"href":"https:\/\/jaya-prosecco.com\/it\/wp-json\/wp\/v2\/media?parent=10427"}],"curies":[{"name":"wp","href":"https:\/\/api.w.org\/{rel}","templated":true}]}}