{"id":44808,"date":"2024-03-10T15:58:50","date_gmt":"2024-03-10T15:58:50","guid":{"rendered":"https:\/\/jaya-prosecco.com\/?post_type=product&#038;p=44808"},"modified":"2024-03-11T13:19:47","modified_gmt":"2024-03-11T13:19:47","slug":"jaya-dei-colli-prosecco-superiore-extra-dry-docg-bottle","status":"publish","type":"product","link":"https:\/\/jaya-prosecco.com\/fr\/product\/jaya-dei-colli-prosecco-superiore-extra-dry-docg-bottle\/","title":{"rendered":"JAYA dei Colli Prosecco Superiore Extra Dry DOCG"},"content":{"rendered":"<p><span style=\"font-weight: 400;\">Une d\u00e9licate symphonie entre les fines bulles et l'ar\u00f4me qui lib\u00e8re toute la saveur de ce Prosecco. JAYA DEI COLLI r\u00e9v\u00e8le les liens ins\u00e9parables entre le ciel et la terre. Depuis des si\u00e8cles, M\u00e8re Nature a fa\u00e7onn\u00e9 les terres du Valdobbiadene et nous avons adapt\u00e9 nos techniques de travail pour en pr\u00e9server la richesse. JAYA DEI COLLI est \u00e9labor\u00e9 \u00e0 partir de 100% Glera, tous r\u00e9colt\u00e9s \u00e0 la main.<\/span><\/p>","protected":false},"excerpt":{"rendered":"<p><span data-contrast=\"auto\">Avec ses ar\u00f4mes de p\u00eache blanche, de poire et de fleurs, ce Prosecco r\u00e9v\u00e8le son caract\u00e8re frais et raffin\u00e9 dans une symphonie de fines bulles. Issu de 100% Glera, vendang\u00e9s \u00e0 la main, il pr\u00e9sente une robe aux d\u00e9licates nuances de paille dor\u00e9e, de jaune et de vert, que le perlage vient renforcer.\u00a0<\/span><span data-ccp-props=\"{&quot;201341983&quot;:0,&quot;335559739&quot;:0,&quot;335559740&quot;:276}\">\u00a0<\/span><\/p>\n<p><span data-ccp-props=\"{&quot;201341983&quot;:0,&quot;335559739&quot;:0,&quot;335559740&quot;:276}\">\u00a0<\/span><span data-contrast=\"auto\">Le JAYA dei Colli Prosecco Superiore Extra Dry DOCG a une saveur d\u00e9licieuse qui est rehauss\u00e9e par ses fines bulles et sa fra\u00eecheur intense. Ce vin offre un go\u00fbt franc qui se marie parfaitement avec les plats de poisson et les desserts.<\/span><span data-ccp-props=\"{&quot;201341983&quot;:0,&quot;335559739&quot;:0,&quot;335559740&quot;:276}\">\u00a0<\/span><\/p>\n<p><span data-ccp-props=\"{&quot;201341983&quot;:0,&quot;335559739&quot;:160,&quot;335559740&quot;:259}\">\u00a0<\/span><\/p>","protected":false},"featured_media":44807,"template":"","meta":{"_acf_changed":false},"product_brand":[],"product_cat":[151],"product_tag":[],"class_list":{"0":"post-44808","1":"product","2":"type-product","3":"status-publish","4":"has-post-thumbnail","6":"product_cat-bottle","8":"first","9":"instock","10":"taxable","11":"shipping-taxable","12":"purchasable","13":"product-type-simple"},"acf":[],"yoast_head":"<!-- This site is optimized with the Yoast SEO plugin v27.3 - https:\/\/yoast.com\/product\/yoast-seo-wordpress\/ -->\n<title>JAYA dei Colli Prosecco Superiore Extra Dry DOCG | JAYA Prosecco<\/title>\n<meta name=\"robots\" content=\"index, follow, max-snippet:-1, max-image-preview:large, max-video-preview:-1\" \/>\n<link rel=\"canonical\" href=\"https:\/\/jaya-prosecco.com\/fr\/produit\/jaya-dei-colli-prosecco-superiore-extra-dry-docg-bottle\/\" \/>\n<meta property=\"og:locale\" content=\"fr_FR\" \/>\n<meta property=\"og:type\" content=\"article\" \/>\n<meta property=\"og:title\" content=\"JAYA dei Colli Prosecco Superiore Extra Dry DOCG | JAYA Prosecco\" \/>\n<meta property=\"og:description\" content=\"With its white peach, pear and floral aromas, this Prosecco reveals its fresh and refined character with a symphony of fine bubbles. Made of 100% Glera grapes, harvested by hand, it boasts a colour with delicate golden straw, yellow and green hints which are spruced up by the perlage.\u00a0\u00a0  \u00a0The JAYA dei Colli Prosecco Superiore Extra Dry DOCG has a delightful flavour which is enhanced by its fine bubbles and intense freshness. This wine offers a clean taste which pairs perfectly with fish dishes and desserts.\u00a0  \u00a0\" \/>\n<meta property=\"og:url\" content=\"https:\/\/jaya-prosecco.com\/fr\/produit\/jaya-dei-colli-prosecco-superiore-extra-dry-docg-bottle\/\" \/>\n<meta property=\"og:site_name\" content=\"JAYA Prosecco\" \/>\n<meta property=\"article:modified_time\" content=\"2024-03-11T13:19:47+00:00\" \/>\n<meta property=\"og:image\" content=\"https:\/\/jaya-prosecco.com\/wp-content\/uploads\/2020\/09\/jaya_docg-bottle.webp\" \/>\n\t<meta property=\"og:image:width\" content=\"1228\" \/>\n\t<meta property=\"og:image:height\" content=\"1840\" \/>\n\t<meta property=\"og:image:type\" content=\"image\/webp\" \/>\n<meta name=\"twitter:card\" content=\"summary_large_image\" \/>\n<meta name=\"twitter:label1\" content=\"Dur\u00e9e de lecture estim\u00e9e\" \/>\n\t<meta name=\"twitter:data1\" content=\"1 minute\" \/>\n<script type=\"application\/ld+json\" class=\"yoast-schema-graph\">{\"@context\":\"https:\\\/\\\/schema.org\",\"@graph\":[{\"@type\":\"WebPage\",\"@id\":\"https:\\\/\\\/jaya-prosecco.com\\\/product\\\/jaya-dei-colli-prosecco-superiore-extra-dry-docg-bottle\\\/\",\"url\":\"https:\\\/\\\/jaya-prosecco.com\\\/product\\\/jaya-dei-colli-prosecco-superiore-extra-dry-docg-bottle\\\/\",\"name\":\"JAYA dei Colli Prosecco Superiore Extra Dry DOCG | JAYA Prosecco\",\"isPartOf\":{\"@id\":\"https:\\\/\\\/jaya-prosecco.com\\\/#website\"},\"primaryImageOfPage\":{\"@id\":\"https:\\\/\\\/jaya-prosecco.com\\\/product\\\/jaya-dei-colli-prosecco-superiore-extra-dry-docg-bottle\\\/#primaryimage\"},\"image\":{\"@id\":\"https:\\\/\\\/jaya-prosecco.com\\\/product\\\/jaya-dei-colli-prosecco-superiore-extra-dry-docg-bottle\\\/#primaryimage\"},\"thumbnailUrl\":\"https:\\\/\\\/jaya-prosecco.com\\\/wp-content\\\/uploads\\\/2020\\\/09\\\/jaya_docg-bottle.webp\",\"datePublished\":\"2024-03-10T15:58:50+00:00\",\"dateModified\":\"2024-03-11T13:19:47+00:00\",\"breadcrumb\":{\"@id\":\"https:\\\/\\\/jaya-prosecco.com\\\/product\\\/jaya-dei-colli-prosecco-superiore-extra-dry-docg-bottle\\\/#breadcrumb\"},\"inLanguage\":\"fr-FR\",\"potentialAction\":[{\"@type\":\"ReadAction\",\"target\":[\"https:\\\/\\\/jaya-prosecco.com\\\/product\\\/jaya-dei-colli-prosecco-superiore-extra-dry-docg-bottle\\\/\"]}]},{\"@type\":\"ImageObject\",\"inLanguage\":\"fr-FR\",\"@id\":\"https:\\\/\\\/jaya-prosecco.com\\\/product\\\/jaya-dei-colli-prosecco-superiore-extra-dry-docg-bottle\\\/#primaryimage\",\"url\":\"https:\\\/\\\/jaya-prosecco.com\\\/wp-content\\\/uploads\\\/2020\\\/09\\\/jaya_docg-bottle.webp\",\"contentUrl\":\"https:\\\/\\\/jaya-prosecco.com\\\/wp-content\\\/uploads\\\/2020\\\/09\\\/jaya_docg-bottle.webp\",\"width\":1228,\"height\":1840},{\"@type\":\"BreadcrumbList\",\"@id\":\"https:\\\/\\\/jaya-prosecco.com\\\/product\\\/jaya-dei-colli-prosecco-superiore-extra-dry-docg-bottle\\\/#breadcrumb\",\"itemListElement\":[{\"@type\":\"ListItem\",\"position\":1,\"name\":\"Home\",\"item\":\"https:\\\/\\\/jaya-prosecco.com\\\/\"},{\"@type\":\"ListItem\",\"position\":2,\"name\":\"Shop Online\",\"item\":\"https:\\\/\\\/jaya-prosecco.com\\\/shop-online\\\/\"},{\"@type\":\"ListItem\",\"position\":3,\"name\":\"JAYA dei Colli Prosecco Superiore Extra Dry DOCG\"}]},{\"@type\":\"WebSite\",\"@id\":\"https:\\\/\\\/jaya-prosecco.com\\\/#website\",\"url\":\"https:\\\/\\\/jaya-prosecco.com\\\/\",\"name\":\"JAYA Prosecco\",\"description\":\"Joy of Celebration\",\"publisher\":{\"@id\":\"https:\\\/\\\/jaya-prosecco.com\\\/#organization\"},\"potentialAction\":[{\"@type\":\"SearchAction\",\"target\":{\"@type\":\"EntryPoint\",\"urlTemplate\":\"https:\\\/\\\/jaya-prosecco.com\\\/?s={search_term_string}\"},\"query-input\":{\"@type\":\"PropertyValueSpecification\",\"valueRequired\":true,\"valueName\":\"search_term_string\"}}],\"inLanguage\":\"fr-FR\"},{\"@type\":\"Organization\",\"@id\":\"https:\\\/\\\/jaya-prosecco.com\\\/#organization\",\"name\":\"JAYA Prosecco\",\"url\":\"https:\\\/\\\/jaya-prosecco.com\\\/\",\"logo\":{\"@type\":\"ImageObject\",\"inLanguage\":\"fr-FR\",\"@id\":\"https:\\\/\\\/jaya-prosecco.com\\\/#\\\/schema\\\/logo\\\/image\\\/\",\"url\":\"https:\\\/\\\/jaya-prosecco.com\\\/wp-content\\\/uploads\\\/2023\\\/04\\\/cropped-cropped-jaya_logo_horizontal_dark_background.png\",\"contentUrl\":\"https:\\\/\\\/jaya-prosecco.com\\\/wp-content\\\/uploads\\\/2023\\\/04\\\/cropped-cropped-jaya_logo_horizontal_dark_background.png\",\"width\":350,\"height\":168,\"caption\":\"JAYA Prosecco\"},\"image\":{\"@id\":\"https:\\\/\\\/jaya-prosecco.com\\\/#\\\/schema\\\/logo\\\/image\\\/\"}}]}<\/script>\n<!-- \/ Yoast SEO plugin. -->","yoast_head_json":{"title":"JAYA dei Colli Prosecco Superiore Extra Dry DOCG | JAYA Prosecco","robots":{"index":"index","follow":"follow","max-snippet":"max-snippet:-1","max-image-preview":"max-image-preview:large","max-video-preview":"max-video-preview:-1"},"canonical":"https:\/\/jaya-prosecco.com\/fr\/produit\/jaya-dei-colli-prosecco-superiore-extra-dry-docg-bottle\/","og_locale":"fr_FR","og_type":"article","og_title":"JAYA dei Colli Prosecco Superiore Extra Dry DOCG | JAYA Prosecco","og_description":"With its white peach, pear and floral aromas, this Prosecco reveals its fresh and refined character with a symphony of fine bubbles. Made of 100% Glera grapes, harvested by hand, it boasts a colour with delicate golden straw, yellow and green hints which are spruced up by the perlage.\u00a0\u00a0  \u00a0The JAYA dei Colli Prosecco Superiore Extra Dry DOCG has a delightful flavour which is enhanced by its fine bubbles and intense freshness. This wine offers a clean taste which pairs perfectly with fish dishes and desserts.\u00a0  \u00a0","og_url":"https:\/\/jaya-prosecco.com\/fr\/produit\/jaya-dei-colli-prosecco-superiore-extra-dry-docg-bottle\/","og_site_name":"JAYA Prosecco","article_modified_time":"2024-03-11T13:19:47+00:00","og_image":[{"width":1228,"height":1840,"url":"https:\/\/jaya-prosecco.com\/wp-content\/uploads\/2020\/09\/jaya_docg-bottle.webp","type":"image\/webp"}],"twitter_card":"summary_large_image","twitter_misc":{"Dur\u00e9e de lecture estim\u00e9e":"1 minute"},"schema":{"@context":"https:\/\/schema.org","@graph":[{"@type":"WebPage","@id":"https:\/\/jaya-prosecco.com\/product\/jaya-dei-colli-prosecco-superiore-extra-dry-docg-bottle\/","url":"https:\/\/jaya-prosecco.com\/product\/jaya-dei-colli-prosecco-superiore-extra-dry-docg-bottle\/","name":"JAYA dei Colli Prosecco Superiore Extra Dry DOCG | JAYA Prosecco","isPartOf":{"@id":"https:\/\/jaya-prosecco.com\/#website"},"primaryImageOfPage":{"@id":"https:\/\/jaya-prosecco.com\/product\/jaya-dei-colli-prosecco-superiore-extra-dry-docg-bottle\/#primaryimage"},"image":{"@id":"https:\/\/jaya-prosecco.com\/product\/jaya-dei-colli-prosecco-superiore-extra-dry-docg-bottle\/#primaryimage"},"thumbnailUrl":"https:\/\/jaya-prosecco.com\/wp-content\/uploads\/2020\/09\/jaya_docg-bottle.webp","datePublished":"2024-03-10T15:58:50+00:00","dateModified":"2024-03-11T13:19:47+00:00","breadcrumb":{"@id":"https:\/\/jaya-prosecco.com\/product\/jaya-dei-colli-prosecco-superiore-extra-dry-docg-bottle\/#breadcrumb"},"inLanguage":"fr-FR","potentialAction":[{"@type":"ReadAction","target":["https:\/\/jaya-prosecco.com\/product\/jaya-dei-colli-prosecco-superiore-extra-dry-docg-bottle\/"]}]},{"@type":"ImageObject","inLanguage":"fr-FR","@id":"https:\/\/jaya-prosecco.com\/product\/jaya-dei-colli-prosecco-superiore-extra-dry-docg-bottle\/#primaryimage","url":"https:\/\/jaya-prosecco.com\/wp-content\/uploads\/2020\/09\/jaya_docg-bottle.webp","contentUrl":"https:\/\/jaya-prosecco.com\/wp-content\/uploads\/2020\/09\/jaya_docg-bottle.webp","width":1228,"height":1840},{"@type":"BreadcrumbList","@id":"https:\/\/jaya-prosecco.com\/product\/jaya-dei-colli-prosecco-superiore-extra-dry-docg-bottle\/#breadcrumb","itemListElement":[{"@type":"ListItem","position":1,"name":"Home","item":"https:\/\/jaya-prosecco.com\/"},{"@type":"ListItem","position":2,"name":"Shop Online","item":"https:\/\/jaya-prosecco.com\/shop-online\/"},{"@type":"ListItem","position":3,"name":"JAYA dei Colli Prosecco Superiore Extra Dry DOCG"}]},{"@type":"WebSite","@id":"https:\/\/jaya-prosecco.com\/#website","url":"https:\/\/jaya-prosecco.com\/","name":"JAYA Prosecco","description":"La joie de la c\u00e9l\u00e9bration","publisher":{"@id":"https:\/\/jaya-prosecco.com\/#organization"},"potentialAction":[{"@type":"SearchAction","target":{"@type":"EntryPoint","urlTemplate":"https:\/\/jaya-prosecco.com\/?s={search_term_string}"},"query-input":{"@type":"PropertyValueSpecification","valueRequired":true,"valueName":"search_term_string"}}],"inLanguage":"fr-FR"},{"@type":"Organization","@id":"https:\/\/jaya-prosecco.com\/#organization","name":"JAYA Prosecco","url":"https:\/\/jaya-prosecco.com\/","logo":{"@type":"ImageObject","inLanguage":"fr-FR","@id":"https:\/\/jaya-prosecco.com\/#\/schema\/logo\/image\/","url":"https:\/\/jaya-prosecco.com\/wp-content\/uploads\/2023\/04\/cropped-cropped-jaya_logo_horizontal_dark_background.png","contentUrl":"https:\/\/jaya-prosecco.com\/wp-content\/uploads\/2023\/04\/cropped-cropped-jaya_logo_horizontal_dark_background.png","width":350,"height":168,"caption":"JAYA Prosecco"},"image":{"@id":"https:\/\/jaya-prosecco.com\/#\/schema\/logo\/image\/"}}]}},"_links":{"self":[{"href":"https:\/\/jaya-prosecco.com\/fr\/wp-json\/wp\/v2\/product\/44808","targetHints":{"allow":["GET"]}}],"collection":[{"href":"https:\/\/jaya-prosecco.com\/fr\/wp-json\/wp\/v2\/product"}],"about":[{"href":"https:\/\/jaya-prosecco.com\/fr\/wp-json\/wp\/v2\/types\/product"}],"wp:featuredmedia":[{"embeddable":true,"href":"https:\/\/jaya-prosecco.com\/fr\/wp-json\/wp\/v2\/media\/44807"}],"wp:attachment":[{"href":"https:\/\/jaya-prosecco.com\/fr\/wp-json\/wp\/v2\/media?parent=44808"}],"wp:term":[{"taxonomy":"product_brand","embeddable":true,"href":"https:\/\/jaya-prosecco.com\/fr\/wp-json\/wp\/v2\/product_brand?post=44808"},{"taxonomy":"product_cat","embeddable":true,"href":"https:\/\/jaya-prosecco.com\/fr\/wp-json\/wp\/v2\/product_cat?post=44808"},{"taxonomy":"product_tag","embeddable":true,"href":"https:\/\/jaya-prosecco.com\/fr\/wp-json\/wp\/v2\/product_tag?post=44808"}],"curies":[{"name":"wp","href":"https:\/\/api.w.org\/{rel}","templated":true}]}}