{"id":44801,"date":"2024-03-10T15:13:13","date_gmt":"2024-03-10T15:13:13","guid":{"rendered":"https:\/\/jaya-prosecco.com\/?post_type=product&#038;p=44801"},"modified":"2024-03-11T13:20:12","modified_gmt":"2024-03-11T13:20:12","slug":"bouteille-de-jaya-spumante","status":"publish","type":"product","link":"https:\/\/jaya-prosecco.com\/fr\/product\/jaya-spumante-bottle\/","title":{"rendered":"JAYA Spumante"},"content":{"rendered":"<p><span class=\"TextRun SCXW266228449 BCX0\" lang=\"EN-GB\" xml:lang=\"EN-GB\" data-contrast=\"auto\"><span class=\"NormalTextRun SCXW266228449 BCX0\" data-ccp-charstyle=\"Subtle Emphasis\">Ce Spumante de qualit\u00e9 sup\u00e9rieure est cultiv\u00e9 et produit sur le sol de la DOCG. <\/span><span class=\"NormalTextRun SCXW266228449 BCX0\" data-ccp-charstyle=\"Subtle Emphasis\">Repr\u00e9senter<\/span><span class=\"NormalTextRun SCXW266228449 BCX0\" data-ccp-charstyle=\"Subtle Emphasis\"> aux racines du Prosecco, voire \u00e0 son essence m\u00eame, avec son caract\u00e8re vif et ses bulles plus prononc\u00e9es, ce classique simple et \u00e9l\u00e9gant est dot\u00e9 d'ar\u00f4mes subtils et intenses de pomme verte.<\/span><\/span><\/p>","protected":false},"excerpt":{"rendered":"<p><span data-contrast=\"auto\">JAYA Spumante cr\u00e9e une authentique explosion de go\u00fbt !\u00a0<\/span><span data-ccp-props=\"{&quot;201341983&quot;:0,&quot;335559739&quot;:0,&quot;335559740&quot;:276}\">\u00a0<\/span><\/p>\n<p><span data-contrast=\"auto\">Excellent pour les cocktails. Il accompagne parfaitement vos ap\u00e9ritifs, vos plats de poisson et vos desserts.<\/span><span data-ccp-props=\"{&quot;201341983&quot;:0,&quot;335559739&quot;:0,&quot;335559740&quot;:276}\">\u00a0<\/span><\/p>","protected":false},"featured_media":44806,"template":"","meta":{"_acf_changed":false},"product_brand":[],"product_cat":[151],"product_tag":[],"class_list":{"0":"post-44801","1":"product","2":"type-product","3":"status-publish","4":"has-post-thumbnail","6":"product_cat-bottle","8":"first","9":"instock","10":"taxable","11":"shipping-taxable","12":"purchasable","13":"product-type-simple"},"acf":[],"yoast_head":"<!-- This site is optimized with the Yoast SEO plugin v27.3 - https:\/\/yoast.com\/product\/yoast-seo-wordpress\/ -->\n<title>JAYA Spumante | JAYA Prosecco<\/title>\n<meta name=\"robots\" content=\"index, follow, max-snippet:-1, max-image-preview:large, max-video-preview:-1\" \/>\n<link rel=\"canonical\" href=\"https:\/\/jaya-prosecco.com\/fr\/produit\/bouteille-de-jaya-spumante\/\" \/>\n<meta property=\"og:locale\" content=\"fr_FR\" \/>\n<meta property=\"og:type\" content=\"article\" \/>\n<meta property=\"og:title\" content=\"JAYA Spumante | JAYA Prosecco\" \/>\n<meta property=\"og:description\" content=\"JAYA Spumante creates an authentic taste explosion!\u00a0\u00a0  Excellent for cocktails. lt is the perfect accompaniment for your aperitifs, fish dishes and desserts.\u00a0\" \/>\n<meta property=\"og:url\" content=\"https:\/\/jaya-prosecco.com\/fr\/produit\/bouteille-de-jaya-spumante\/\" \/>\n<meta property=\"og:site_name\" content=\"JAYA Prosecco\" \/>\n<meta property=\"article:modified_time\" content=\"2024-03-11T13:20:12+00:00\" \/>\n<meta property=\"og:image\" content=\"https:\/\/jaya-prosecco.com\/wp-content\/uploads\/2020\/04\/jaya_spumante-bottle.webp\" \/>\n\t<meta property=\"og:image:width\" content=\"1228\" \/>\n\t<meta property=\"og:image:height\" content=\"1840\" \/>\n\t<meta property=\"og:image:type\" content=\"image\/webp\" \/>\n<meta name=\"twitter:card\" content=\"summary_large_image\" \/>\n<meta name=\"twitter:label1\" content=\"Dur\u00e9e de lecture estim\u00e9e\" \/>\n\t<meta name=\"twitter:data1\" content=\"1 minute\" \/>\n<script type=\"application\/ld+json\" class=\"yoast-schema-graph\">{\"@context\":\"https:\\\/\\\/schema.org\",\"@graph\":[{\"@type\":\"WebPage\",\"@id\":\"https:\\\/\\\/jaya-prosecco.com\\\/product\\\/jaya-spumante-bottle\\\/\",\"url\":\"https:\\\/\\\/jaya-prosecco.com\\\/product\\\/jaya-spumante-bottle\\\/\",\"name\":\"JAYA Spumante | JAYA Prosecco\",\"isPartOf\":{\"@id\":\"https:\\\/\\\/jaya-prosecco.com\\\/#website\"},\"primaryImageOfPage\":{\"@id\":\"https:\\\/\\\/jaya-prosecco.com\\\/product\\\/jaya-spumante-bottle\\\/#primaryimage\"},\"image\":{\"@id\":\"https:\\\/\\\/jaya-prosecco.com\\\/product\\\/jaya-spumante-bottle\\\/#primaryimage\"},\"thumbnailUrl\":\"https:\\\/\\\/jaya-prosecco.com\\\/wp-content\\\/uploads\\\/2020\\\/04\\\/jaya_spumante-bottle.webp\",\"datePublished\":\"2024-03-10T15:13:13+00:00\",\"dateModified\":\"2024-03-11T13:20:12+00:00\",\"breadcrumb\":{\"@id\":\"https:\\\/\\\/jaya-prosecco.com\\\/product\\\/jaya-spumante-bottle\\\/#breadcrumb\"},\"inLanguage\":\"fr-FR\",\"potentialAction\":[{\"@type\":\"ReadAction\",\"target\":[\"https:\\\/\\\/jaya-prosecco.com\\\/product\\\/jaya-spumante-bottle\\\/\"]}]},{\"@type\":\"ImageObject\",\"inLanguage\":\"fr-FR\",\"@id\":\"https:\\\/\\\/jaya-prosecco.com\\\/product\\\/jaya-spumante-bottle\\\/#primaryimage\",\"url\":\"https:\\\/\\\/jaya-prosecco.com\\\/wp-content\\\/uploads\\\/2020\\\/04\\\/jaya_spumante-bottle.webp\",\"contentUrl\":\"https:\\\/\\\/jaya-prosecco.com\\\/wp-content\\\/uploads\\\/2020\\\/04\\\/jaya_spumante-bottle.webp\",\"width\":1228,\"height\":1840},{\"@type\":\"BreadcrumbList\",\"@id\":\"https:\\\/\\\/jaya-prosecco.com\\\/product\\\/jaya-spumante-bottle\\\/#breadcrumb\",\"itemListElement\":[{\"@type\":\"ListItem\",\"position\":1,\"name\":\"Home\",\"item\":\"https:\\\/\\\/jaya-prosecco.com\\\/\"},{\"@type\":\"ListItem\",\"position\":2,\"name\":\"Shop Online\",\"item\":\"https:\\\/\\\/jaya-prosecco.com\\\/shop-online\\\/\"},{\"@type\":\"ListItem\",\"position\":3,\"name\":\"JAYA Spumante\"}]},{\"@type\":\"WebSite\",\"@id\":\"https:\\\/\\\/jaya-prosecco.com\\\/#website\",\"url\":\"https:\\\/\\\/jaya-prosecco.com\\\/\",\"name\":\"JAYA Prosecco\",\"description\":\"Joy of Celebration\",\"publisher\":{\"@id\":\"https:\\\/\\\/jaya-prosecco.com\\\/#organization\"},\"potentialAction\":[{\"@type\":\"SearchAction\",\"target\":{\"@type\":\"EntryPoint\",\"urlTemplate\":\"https:\\\/\\\/jaya-prosecco.com\\\/?s={search_term_string}\"},\"query-input\":{\"@type\":\"PropertyValueSpecification\",\"valueRequired\":true,\"valueName\":\"search_term_string\"}}],\"inLanguage\":\"fr-FR\"},{\"@type\":\"Organization\",\"@id\":\"https:\\\/\\\/jaya-prosecco.com\\\/#organization\",\"name\":\"JAYA Prosecco\",\"url\":\"https:\\\/\\\/jaya-prosecco.com\\\/\",\"logo\":{\"@type\":\"ImageObject\",\"inLanguage\":\"fr-FR\",\"@id\":\"https:\\\/\\\/jaya-prosecco.com\\\/#\\\/schema\\\/logo\\\/image\\\/\",\"url\":\"https:\\\/\\\/jaya-prosecco.com\\\/wp-content\\\/uploads\\\/2023\\\/04\\\/cropped-cropped-jaya_logo_horizontal_dark_background.png\",\"contentUrl\":\"https:\\\/\\\/jaya-prosecco.com\\\/wp-content\\\/uploads\\\/2023\\\/04\\\/cropped-cropped-jaya_logo_horizontal_dark_background.png\",\"width\":350,\"height\":168,\"caption\":\"JAYA Prosecco\"},\"image\":{\"@id\":\"https:\\\/\\\/jaya-prosecco.com\\\/#\\\/schema\\\/logo\\\/image\\\/\"}}]}<\/script>\n<!-- \/ Yoast SEO plugin. -->","yoast_head_json":{"title":"JAYA Spumante | JAYA Prosecco","robots":{"index":"index","follow":"follow","max-snippet":"max-snippet:-1","max-image-preview":"max-image-preview:large","max-video-preview":"max-video-preview:-1"},"canonical":"https:\/\/jaya-prosecco.com\/fr\/produit\/bouteille-de-jaya-spumante\/","og_locale":"fr_FR","og_type":"article","og_title":"JAYA Spumante | JAYA Prosecco","og_description":"JAYA Spumante creates an authentic taste explosion!\u00a0\u00a0  Excellent for cocktails. lt is the perfect accompaniment for your aperitifs, fish dishes and desserts.\u00a0","og_url":"https:\/\/jaya-prosecco.com\/fr\/produit\/bouteille-de-jaya-spumante\/","og_site_name":"JAYA Prosecco","article_modified_time":"2024-03-11T13:20:12+00:00","og_image":[{"width":1228,"height":1840,"url":"https:\/\/jaya-prosecco.com\/wp-content\/uploads\/2020\/04\/jaya_spumante-bottle.webp","type":"image\/webp"}],"twitter_card":"summary_large_image","twitter_misc":{"Dur\u00e9e de lecture estim\u00e9e":"1 minute"},"schema":{"@context":"https:\/\/schema.org","@graph":[{"@type":"WebPage","@id":"https:\/\/jaya-prosecco.com\/product\/jaya-spumante-bottle\/","url":"https:\/\/jaya-prosecco.com\/product\/jaya-spumante-bottle\/","name":"JAYA Spumante | JAYA Prosecco","isPartOf":{"@id":"https:\/\/jaya-prosecco.com\/#website"},"primaryImageOfPage":{"@id":"https:\/\/jaya-prosecco.com\/product\/jaya-spumante-bottle\/#primaryimage"},"image":{"@id":"https:\/\/jaya-prosecco.com\/product\/jaya-spumante-bottle\/#primaryimage"},"thumbnailUrl":"https:\/\/jaya-prosecco.com\/wp-content\/uploads\/2020\/04\/jaya_spumante-bottle.webp","datePublished":"2024-03-10T15:13:13+00:00","dateModified":"2024-03-11T13:20:12+00:00","breadcrumb":{"@id":"https:\/\/jaya-prosecco.com\/product\/jaya-spumante-bottle\/#breadcrumb"},"inLanguage":"fr-FR","potentialAction":[{"@type":"ReadAction","target":["https:\/\/jaya-prosecco.com\/product\/jaya-spumante-bottle\/"]}]},{"@type":"ImageObject","inLanguage":"fr-FR","@id":"https:\/\/jaya-prosecco.com\/product\/jaya-spumante-bottle\/#primaryimage","url":"https:\/\/jaya-prosecco.com\/wp-content\/uploads\/2020\/04\/jaya_spumante-bottle.webp","contentUrl":"https:\/\/jaya-prosecco.com\/wp-content\/uploads\/2020\/04\/jaya_spumante-bottle.webp","width":1228,"height":1840},{"@type":"BreadcrumbList","@id":"https:\/\/jaya-prosecco.com\/product\/jaya-spumante-bottle\/#breadcrumb","itemListElement":[{"@type":"ListItem","position":1,"name":"Home","item":"https:\/\/jaya-prosecco.com\/"},{"@type":"ListItem","position":2,"name":"Shop Online","item":"https:\/\/jaya-prosecco.com\/shop-online\/"},{"@type":"ListItem","position":3,"name":"JAYA Spumante"}]},{"@type":"WebSite","@id":"https:\/\/jaya-prosecco.com\/#website","url":"https:\/\/jaya-prosecco.com\/","name":"JAYA Prosecco","description":"La joie de la c\u00e9l\u00e9bration","publisher":{"@id":"https:\/\/jaya-prosecco.com\/#organization"},"potentialAction":[{"@type":"SearchAction","target":{"@type":"EntryPoint","urlTemplate":"https:\/\/jaya-prosecco.com\/?s={search_term_string}"},"query-input":{"@type":"PropertyValueSpecification","valueRequired":true,"valueName":"search_term_string"}}],"inLanguage":"fr-FR"},{"@type":"Organization","@id":"https:\/\/jaya-prosecco.com\/#organization","name":"JAYA Prosecco","url":"https:\/\/jaya-prosecco.com\/","logo":{"@type":"ImageObject","inLanguage":"fr-FR","@id":"https:\/\/jaya-prosecco.com\/#\/schema\/logo\/image\/","url":"https:\/\/jaya-prosecco.com\/wp-content\/uploads\/2023\/04\/cropped-cropped-jaya_logo_horizontal_dark_background.png","contentUrl":"https:\/\/jaya-prosecco.com\/wp-content\/uploads\/2023\/04\/cropped-cropped-jaya_logo_horizontal_dark_background.png","width":350,"height":168,"caption":"JAYA Prosecco"},"image":{"@id":"https:\/\/jaya-prosecco.com\/#\/schema\/logo\/image\/"}}]}},"_links":{"self":[{"href":"https:\/\/jaya-prosecco.com\/fr\/wp-json\/wp\/v2\/product\/44801","targetHints":{"allow":["GET"]}}],"collection":[{"href":"https:\/\/jaya-prosecco.com\/fr\/wp-json\/wp\/v2\/product"}],"about":[{"href":"https:\/\/jaya-prosecco.com\/fr\/wp-json\/wp\/v2\/types\/product"}],"wp:featuredmedia":[{"embeddable":true,"href":"https:\/\/jaya-prosecco.com\/fr\/wp-json\/wp\/v2\/media\/44806"}],"wp:attachment":[{"href":"https:\/\/jaya-prosecco.com\/fr\/wp-json\/wp\/v2\/media?parent=44801"}],"wp:term":[{"taxonomy":"product_brand","embeddable":true,"href":"https:\/\/jaya-prosecco.com\/fr\/wp-json\/wp\/v2\/product_brand?post=44801"},{"taxonomy":"product_cat","embeddable":true,"href":"https:\/\/jaya-prosecco.com\/fr\/wp-json\/wp\/v2\/product_cat?post=44801"},{"taxonomy":"product_tag","embeddable":true,"href":"https:\/\/jaya-prosecco.com\/fr\/wp-json\/wp\/v2\/product_tag?post=44801"}],"curies":[{"name":"wp","href":"https:\/\/api.w.org\/{rel}","templated":true}]}}