{"id":30763,"date":"2020-04-05T09:50:33","date_gmt":"2020-04-05T09:50:33","guid":{"rendered":"https:\/\/jaya-prosecco.com\/?post_type=product&#038;p=30763"},"modified":"2024-04-19T14:02:21","modified_gmt":"2024-04-19T14:02:21","slug":"jaya-la-coppia-1x-jaya-brut-doc-1x-jaya-dei-colli-valdobbiadene-superiore-extra-dry-docg","status":"publish","type":"product","link":"https:\/\/jaya-prosecco.com\/fr\/product\/jaya-la-coppia-1x-jaya-brut-doc-1x-jaya-dei-colli-valdobbiadene-superiore-extra-dry-docg\/","title":{"rendered":"JAYA La Coppia 1x Brut | 1x dei Colli"},"content":{"rendered":"<p>Vous cherchez le cadeau id\u00e9al pour g\u00e2ter un \u00eatre cher ? Le prosecco JAYA \"La Coppia\", nomm\u00e9 de fa\u00e7on appropri\u00e9e d'apr\u00e8s le mot italien signifiant \"couple\", se compose d'une bouteille de JAYA Brut DOC et d'une bouteille de JAYA dei Colli Valdobbiadene Superiore Extra Dry DOCG. Les deux bouteilles de ce coffret sont soigneusement emball\u00e9es dans du papier de soie JAYA Prosecco.<\/p>\n<p><strong>C\u00e9page<\/strong> : 100% Glera<\/p>\n<p><strong>Ar\u00f4mes<\/strong> : Les fines bulles lib\u00e8rent le caract\u00e8re raffin\u00e9 du JAYA dei Colli Valdobbiadene Superiore Extra Dry DOCG et la fra\u00eecheur des raisins. JAYA Brut DOC est domin\u00e9 par l'ar\u00f4me du raisin Glera. Les bulles l\u00e9g\u00e8res lib\u00e8rent le caract\u00e8re raffin\u00e9 de JAYA et la fra\u00eecheur des ar\u00f4mes.<\/p>","protected":false},"excerpt":{"rendered":"<p class=\"price2\"><span class=\"woocommerce-Price-amount amount\"><span class=\"woocommerce-Price-currencySymbol2\">CHF<\/span> 45.00 \/ prix par coffret cadeau<\/span><\/p>\n<p><em style=\"font-size: 16px; color: #111 !important;\">* La commande minimum pour ce produit est de 1 coffret cadeau qui comprend :<\/em><\/p>\n<ul>\n<li><em style=\"font-size: 16px; color: #111 !important;\"> 1 bouteille de JAYA Brut DOC<\/em><\/li>\n<li><em style=\"font-size: 16px; color: #111 !important;\">1 bouteille de JAYA dei Colli Valdobbiadene Superiore Extra Dry DOCG<\/em><\/li>\n<\/ul>\n<p>&nbsp;<\/p>\n<p><em style=\"font-size: 16px; color: #111 !important;\">1 bouteille contient 75 cl de Prosecco.<\/em><\/p>","protected":false},"featured_media":44598,"template":"","meta":{"_acf_changed":false},"product_brand":[],"product_cat":[140],"product_tag":[],"class_list":{"0":"post-30763","1":"product","2":"type-product","3":"status-publish","4":"has-post-thumbnail","6":"product_cat-mixed","8":"first","9":"instock","10":"taxable","11":"shipping-taxable","12":"purchasable","13":"product-type-woosb"},"acf":[],"yoast_head":"<!-- This site is optimized with the Yoast SEO plugin v27.3 - https:\/\/yoast.com\/product\/yoast-seo-wordpress\/ -->\n<title>JAYA La Coppia 1x Brut | 1x dei Colli | JAYA Prosecco<\/title>\n<meta name=\"robots\" content=\"index, follow, max-snippet:-1, max-image-preview:large, max-video-preview:-1\" \/>\n<link rel=\"canonical\" href=\"https:\/\/jaya-prosecco.com\/fr\/produit\/jaya-la-coppia-1x-jaya-brut-doc-1x-jaya-dei-colli-valdobbiadene-superiore-extra-dry-docg\/\" \/>\n<meta property=\"og:locale\" content=\"fr_FR\" \/>\n<meta property=\"og:type\" content=\"article\" \/>\n<meta property=\"og:title\" content=\"JAYA La Coppia 1x Brut | 1x dei Colli | JAYA Prosecco\" \/>\n<meta property=\"og:description\" content=\"CHF 45.00 \/ price per gift set * Minimum order for this product is 1 gift set that consists of:    1 bottle of JAYA Brut DOC  1 bottle of JAYA dei Colli Valdobbiadene Superiore Extra Dry DOCG  &nbsp;  1 bottle contains 75 cl of Prosecco.\" \/>\n<meta property=\"og:url\" content=\"https:\/\/jaya-prosecco.com\/fr\/produit\/jaya-la-coppia-1x-jaya-brut-doc-1x-jaya-dei-colli-valdobbiadene-superiore-extra-dry-docg\/\" \/>\n<meta property=\"og:site_name\" content=\"JAYA Prosecco\" \/>\n<meta property=\"article:modified_time\" content=\"2024-04-19T14:02:21+00:00\" \/>\n<meta property=\"og:image\" content=\"https:\/\/jaya-prosecco.com\/wp-content\/uploads\/2024\/01\/jaya_boite_1x1_brut_dry-png.webp\" \/>\n\t<meta property=\"og:image:width\" content=\"800\" \/>\n\t<meta property=\"og:image:height\" content=\"600\" \/>\n\t<meta property=\"og:image:type\" content=\"image\/webp\" \/>\n<meta name=\"twitter:card\" content=\"summary_large_image\" \/>\n<meta name=\"twitter:label1\" content=\"Dur\u00e9e de lecture estim\u00e9e\" \/>\n\t<meta name=\"twitter:data1\" content=\"1 minute\" \/>\n<script type=\"application\/ld+json\" class=\"yoast-schema-graph\">{\"@context\":\"https:\\\/\\\/schema.org\",\"@graph\":[{\"@type\":\"WebPage\",\"@id\":\"https:\\\/\\\/jaya-prosecco.com\\\/product\\\/jaya-la-coppia-1x-jaya-brut-doc-1x-jaya-dei-colli-valdobbiadene-superiore-extra-dry-docg\\\/\",\"url\":\"https:\\\/\\\/jaya-prosecco.com\\\/product\\\/jaya-la-coppia-1x-jaya-brut-doc-1x-jaya-dei-colli-valdobbiadene-superiore-extra-dry-docg\\\/\",\"name\":\"JAYA La Coppia 1x Brut | 1x dei Colli | JAYA Prosecco\",\"isPartOf\":{\"@id\":\"https:\\\/\\\/jaya-prosecco.com\\\/#website\"},\"primaryImageOfPage\":{\"@id\":\"https:\\\/\\\/jaya-prosecco.com\\\/product\\\/jaya-la-coppia-1x-jaya-brut-doc-1x-jaya-dei-colli-valdobbiadene-superiore-extra-dry-docg\\\/#primaryimage\"},\"image\":{\"@id\":\"https:\\\/\\\/jaya-prosecco.com\\\/product\\\/jaya-la-coppia-1x-jaya-brut-doc-1x-jaya-dei-colli-valdobbiadene-superiore-extra-dry-docg\\\/#primaryimage\"},\"thumbnailUrl\":\"https:\\\/\\\/jaya-prosecco.com\\\/wp-content\\\/uploads\\\/2024\\\/01\\\/jaya_boite_1x1_brut_dry-png.webp\",\"datePublished\":\"2020-04-05T09:50:33+00:00\",\"dateModified\":\"2024-04-19T14:02:21+00:00\",\"breadcrumb\":{\"@id\":\"https:\\\/\\\/jaya-prosecco.com\\\/product\\\/jaya-la-coppia-1x-jaya-brut-doc-1x-jaya-dei-colli-valdobbiadene-superiore-extra-dry-docg\\\/#breadcrumb\"},\"inLanguage\":\"fr-FR\",\"potentialAction\":[{\"@type\":\"ReadAction\",\"target\":[\"https:\\\/\\\/jaya-prosecco.com\\\/product\\\/jaya-la-coppia-1x-jaya-brut-doc-1x-jaya-dei-colli-valdobbiadene-superiore-extra-dry-docg\\\/\"]}]},{\"@type\":\"ImageObject\",\"inLanguage\":\"fr-FR\",\"@id\":\"https:\\\/\\\/jaya-prosecco.com\\\/product\\\/jaya-la-coppia-1x-jaya-brut-doc-1x-jaya-dei-colli-valdobbiadene-superiore-extra-dry-docg\\\/#primaryimage\",\"url\":\"https:\\\/\\\/jaya-prosecco.com\\\/wp-content\\\/uploads\\\/2024\\\/01\\\/jaya_boite_1x1_brut_dry-png.webp\",\"contentUrl\":\"https:\\\/\\\/jaya-prosecco.com\\\/wp-content\\\/uploads\\\/2024\\\/01\\\/jaya_boite_1x1_brut_dry-png.webp\",\"width\":800,\"height\":600},{\"@type\":\"BreadcrumbList\",\"@id\":\"https:\\\/\\\/jaya-prosecco.com\\\/product\\\/jaya-la-coppia-1x-jaya-brut-doc-1x-jaya-dei-colli-valdobbiadene-superiore-extra-dry-docg\\\/#breadcrumb\",\"itemListElement\":[{\"@type\":\"ListItem\",\"position\":1,\"name\":\"Home\",\"item\":\"https:\\\/\\\/jaya-prosecco.com\\\/\"},{\"@type\":\"ListItem\",\"position\":2,\"name\":\"Shop Online\",\"item\":\"https:\\\/\\\/jaya-prosecco.com\\\/shop-online\\\/\"},{\"@type\":\"ListItem\",\"position\":3,\"name\":\"JAYA La Coppia 1x Brut | 1x dei Colli\"}]},{\"@type\":\"WebSite\",\"@id\":\"https:\\\/\\\/jaya-prosecco.com\\\/#website\",\"url\":\"https:\\\/\\\/jaya-prosecco.com\\\/\",\"name\":\"JAYA Prosecco\",\"description\":\"Joy of Celebration\",\"publisher\":{\"@id\":\"https:\\\/\\\/jaya-prosecco.com\\\/#organization\"},\"potentialAction\":[{\"@type\":\"SearchAction\",\"target\":{\"@type\":\"EntryPoint\",\"urlTemplate\":\"https:\\\/\\\/jaya-prosecco.com\\\/?s={search_term_string}\"},\"query-input\":{\"@type\":\"PropertyValueSpecification\",\"valueRequired\":true,\"valueName\":\"search_term_string\"}}],\"inLanguage\":\"fr-FR\"},{\"@type\":\"Organization\",\"@id\":\"https:\\\/\\\/jaya-prosecco.com\\\/#organization\",\"name\":\"JAYA Prosecco\",\"url\":\"https:\\\/\\\/jaya-prosecco.com\\\/\",\"logo\":{\"@type\":\"ImageObject\",\"inLanguage\":\"fr-FR\",\"@id\":\"https:\\\/\\\/jaya-prosecco.com\\\/#\\\/schema\\\/logo\\\/image\\\/\",\"url\":\"https:\\\/\\\/jaya-prosecco.com\\\/wp-content\\\/uploads\\\/2023\\\/04\\\/cropped-cropped-jaya_logo_horizontal_dark_background.png\",\"contentUrl\":\"https:\\\/\\\/jaya-prosecco.com\\\/wp-content\\\/uploads\\\/2023\\\/04\\\/cropped-cropped-jaya_logo_horizontal_dark_background.png\",\"width\":350,\"height\":168,\"caption\":\"JAYA Prosecco\"},\"image\":{\"@id\":\"https:\\\/\\\/jaya-prosecco.com\\\/#\\\/schema\\\/logo\\\/image\\\/\"}}]}<\/script>\n<!-- \/ Yoast SEO plugin. -->","yoast_head_json":{"title":"JAYA La Coppia 1x Brut | 1x dei Colli | JAYA Prosecco","robots":{"index":"index","follow":"follow","max-snippet":"max-snippet:-1","max-image-preview":"max-image-preview:large","max-video-preview":"max-video-preview:-1"},"canonical":"https:\/\/jaya-prosecco.com\/fr\/produit\/jaya-la-coppia-1x-jaya-brut-doc-1x-jaya-dei-colli-valdobbiadene-superiore-extra-dry-docg\/","og_locale":"fr_FR","og_type":"article","og_title":"JAYA La Coppia 1x Brut | 1x dei Colli | JAYA Prosecco","og_description":"CHF 45.00 \/ price per gift set * Minimum order for this product is 1 gift set that consists of:    1 bottle of JAYA Brut DOC  1 bottle of JAYA dei Colli Valdobbiadene Superiore Extra Dry DOCG  &nbsp;  1 bottle contains 75 cl of Prosecco.","og_url":"https:\/\/jaya-prosecco.com\/fr\/produit\/jaya-la-coppia-1x-jaya-brut-doc-1x-jaya-dei-colli-valdobbiadene-superiore-extra-dry-docg\/","og_site_name":"JAYA Prosecco","article_modified_time":"2024-04-19T14:02:21+00:00","og_image":[{"width":800,"height":600,"url":"https:\/\/jaya-prosecco.com\/wp-content\/uploads\/2024\/01\/jaya_boite_1x1_brut_dry-png.webp","type":"image\/webp"}],"twitter_card":"summary_large_image","twitter_misc":{"Dur\u00e9e de lecture estim\u00e9e":"1 minute"},"schema":{"@context":"https:\/\/schema.org","@graph":[{"@type":"WebPage","@id":"https:\/\/jaya-prosecco.com\/product\/jaya-la-coppia-1x-jaya-brut-doc-1x-jaya-dei-colli-valdobbiadene-superiore-extra-dry-docg\/","url":"https:\/\/jaya-prosecco.com\/product\/jaya-la-coppia-1x-jaya-brut-doc-1x-jaya-dei-colli-valdobbiadene-superiore-extra-dry-docg\/","name":"JAYA La Coppia 1x Brut | 1x dei Colli | JAYA Prosecco","isPartOf":{"@id":"https:\/\/jaya-prosecco.com\/#website"},"primaryImageOfPage":{"@id":"https:\/\/jaya-prosecco.com\/product\/jaya-la-coppia-1x-jaya-brut-doc-1x-jaya-dei-colli-valdobbiadene-superiore-extra-dry-docg\/#primaryimage"},"image":{"@id":"https:\/\/jaya-prosecco.com\/product\/jaya-la-coppia-1x-jaya-brut-doc-1x-jaya-dei-colli-valdobbiadene-superiore-extra-dry-docg\/#primaryimage"},"thumbnailUrl":"https:\/\/jaya-prosecco.com\/wp-content\/uploads\/2024\/01\/jaya_boite_1x1_brut_dry-png.webp","datePublished":"2020-04-05T09:50:33+00:00","dateModified":"2024-04-19T14:02:21+00:00","breadcrumb":{"@id":"https:\/\/jaya-prosecco.com\/product\/jaya-la-coppia-1x-jaya-brut-doc-1x-jaya-dei-colli-valdobbiadene-superiore-extra-dry-docg\/#breadcrumb"},"inLanguage":"fr-FR","potentialAction":[{"@type":"ReadAction","target":["https:\/\/jaya-prosecco.com\/product\/jaya-la-coppia-1x-jaya-brut-doc-1x-jaya-dei-colli-valdobbiadene-superiore-extra-dry-docg\/"]}]},{"@type":"ImageObject","inLanguage":"fr-FR","@id":"https:\/\/jaya-prosecco.com\/product\/jaya-la-coppia-1x-jaya-brut-doc-1x-jaya-dei-colli-valdobbiadene-superiore-extra-dry-docg\/#primaryimage","url":"https:\/\/jaya-prosecco.com\/wp-content\/uploads\/2024\/01\/jaya_boite_1x1_brut_dry-png.webp","contentUrl":"https:\/\/jaya-prosecco.com\/wp-content\/uploads\/2024\/01\/jaya_boite_1x1_brut_dry-png.webp","width":800,"height":600},{"@type":"BreadcrumbList","@id":"https:\/\/jaya-prosecco.com\/product\/jaya-la-coppia-1x-jaya-brut-doc-1x-jaya-dei-colli-valdobbiadene-superiore-extra-dry-docg\/#breadcrumb","itemListElement":[{"@type":"ListItem","position":1,"name":"Home","item":"https:\/\/jaya-prosecco.com\/"},{"@type":"ListItem","position":2,"name":"Shop Online","item":"https:\/\/jaya-prosecco.com\/shop-online\/"},{"@type":"ListItem","position":3,"name":"JAYA La Coppia 1x Brut | 1x dei Colli"}]},{"@type":"WebSite","@id":"https:\/\/jaya-prosecco.com\/#website","url":"https:\/\/jaya-prosecco.com\/","name":"JAYA Prosecco","description":"La joie de la c\u00e9l\u00e9bration","publisher":{"@id":"https:\/\/jaya-prosecco.com\/#organization"},"potentialAction":[{"@type":"SearchAction","target":{"@type":"EntryPoint","urlTemplate":"https:\/\/jaya-prosecco.com\/?s={search_term_string}"},"query-input":{"@type":"PropertyValueSpecification","valueRequired":true,"valueName":"search_term_string"}}],"inLanguage":"fr-FR"},{"@type":"Organization","@id":"https:\/\/jaya-prosecco.com\/#organization","name":"JAYA Prosecco","url":"https:\/\/jaya-prosecco.com\/","logo":{"@type":"ImageObject","inLanguage":"fr-FR","@id":"https:\/\/jaya-prosecco.com\/#\/schema\/logo\/image\/","url":"https:\/\/jaya-prosecco.com\/wp-content\/uploads\/2023\/04\/cropped-cropped-jaya_logo_horizontal_dark_background.png","contentUrl":"https:\/\/jaya-prosecco.com\/wp-content\/uploads\/2023\/04\/cropped-cropped-jaya_logo_horizontal_dark_background.png","width":350,"height":168,"caption":"JAYA Prosecco"},"image":{"@id":"https:\/\/jaya-prosecco.com\/#\/schema\/logo\/image\/"}}]}},"_links":{"self":[{"href":"https:\/\/jaya-prosecco.com\/fr\/wp-json\/wp\/v2\/product\/30763","targetHints":{"allow":["GET"]}}],"collection":[{"href":"https:\/\/jaya-prosecco.com\/fr\/wp-json\/wp\/v2\/product"}],"about":[{"href":"https:\/\/jaya-prosecco.com\/fr\/wp-json\/wp\/v2\/types\/product"}],"wp:featuredmedia":[{"embeddable":true,"href":"https:\/\/jaya-prosecco.com\/fr\/wp-json\/wp\/v2\/media\/44598"}],"wp:attachment":[{"href":"https:\/\/jaya-prosecco.com\/fr\/wp-json\/wp\/v2\/media?parent=30763"}],"wp:term":[{"taxonomy":"product_brand","embeddable":true,"href":"https:\/\/jaya-prosecco.com\/fr\/wp-json\/wp\/v2\/product_brand?post=30763"},{"taxonomy":"product_cat","embeddable":true,"href":"https:\/\/jaya-prosecco.com\/fr\/wp-json\/wp\/v2\/product_cat?post=30763"},{"taxonomy":"product_tag","embeddable":true,"href":"https:\/\/jaya-prosecco.com\/fr\/wp-json\/wp\/v2\/product_tag?post=30763"}],"curies":[{"name":"wp","href":"https:\/\/api.w.org\/{rel}","templated":true}]}}