{"id":13729,"date":"2020-04-06T09:56:58","date_gmt":"2020-04-06T09:56:58","guid":{"rendered":"https:\/\/jaya-prosecco.com\/?post_type=product&#038;p=13729"},"modified":"2024-03-29T14:16:55","modified_gmt":"2024-03-29T14:16:55","slug":"jaya-spumante","status":"publish","type":"product","link":"https:\/\/jaya-prosecco.com\/fr\/product\/jaya-spumante\/","title":{"rendered":"JAYA Spumante"},"content":{"rendered":"<p><span class=\"TextRun SCXW266228449 BCX0\" lang=\"EN-GB\" xml:lang=\"EN-GB\" data-contrast=\"auto\"><span class=\"NormalTextRun SCXW266228449 BCX0\" data-ccp-charstyle=\"Subtle Emphasis\">Ce Spumante de qualit\u00e9 sup\u00e9rieure est cultiv\u00e9 et produit sur le sol de la DOCG. <\/span><span class=\"NormalTextRun SCXW266228449 BCX0\" data-ccp-charstyle=\"Subtle Emphasis\">Repr\u00e9senter<\/span><span class=\"NormalTextRun SCXW266228449 BCX0\" data-ccp-charstyle=\"Subtle Emphasis\"> aux racines du Prosecco, voire \u00e0 son essence m\u00eame, avec son caract\u00e8re vif et ses bulles plus prononc\u00e9es, ce classique simple et \u00e9l\u00e9gant est dot\u00e9 d'ar\u00f4mes subtils et intenses de pomme verte.<\/span><\/span><\/p>","protected":false},"excerpt":{"rendered":"<p><span data-contrast=\"auto\">JAYA Spumante cr\u00e9e une authentique explosion de go\u00fbt !\u00a0<\/span><span data-ccp-props=\"{&quot;201341983&quot;:0,&quot;335559739&quot;:0,&quot;335559740&quot;:276}\">\u00a0<\/span><\/p>\n<p><span data-contrast=\"auto\">Excellent pour les cocktails. Il accompagne parfaitement vos ap\u00e9ritifs, vos plats de poisson et vos desserts.<\/span><span data-ccp-props=\"{&quot;201341983&quot;:0,&quot;335559739&quot;:0,&quot;335559740&quot;:276}\">\u00a0<\/span><\/p>","protected":false},"featured_media":44611,"template":"","meta":{"_acf_changed":false},"product_brand":[],"product_cat":[97],"product_tag":[],"class_list":{"0":"post-13729","1":"product","2":"type-product","3":"status-publish","4":"has-post-thumbnail","6":"product_cat-prosecco","8":"first","9":"instock","10":"taxable","11":"shipping-taxable","12":"purchasable","13":"product-type-woosb"},"acf":[],"yoast_head":"<!-- This site is optimized with the Yoast SEO plugin v27.3 - https:\/\/yoast.com\/product\/yoast-seo-wordpress\/ -->\n<title>JAYA Spumante | JAYA Prosecco<\/title>\n<meta name=\"description\" content=\"JAYA SPUMANTE represents the roots of Prosecco. Before, Prosecco was named Spumante. This classic is made 100% from Glera grapes. Drawing its lively character directly from the hills of Valdobbiadene, it has been gifted with subtle yet intense aromas. A fireworks of bubbles will reveal to you all the elegance and sumptuousness of this high quality spumante.\" \/>\n<meta name=\"robots\" content=\"index, follow, max-snippet:-1, max-image-preview:large, max-video-preview:-1\" \/>\n<link rel=\"canonical\" href=\"https:\/\/jaya-prosecco.com\/fr\/produit\/jaya-spumante\/\" \/>\n<meta property=\"og:locale\" content=\"fr_FR\" \/>\n<meta property=\"og:type\" content=\"article\" \/>\n<meta property=\"og:title\" content=\"JAYA Spumante | JAYA Prosecco\" \/>\n<meta property=\"og:description\" content=\"JAYA SPUMANTE represents the roots of Prosecco. Before, Prosecco was named Spumante. This classic is made 100% from Glera grapes. Drawing its lively character directly from the hills of Valdobbiadene, it has been gifted with subtle yet intense aromas. A fireworks of bubbles will reveal to you all the elegance and sumptuousness of this high quality spumante.\" \/>\n<meta property=\"og:url\" content=\"https:\/\/jaya-prosecco.com\/fr\/produit\/jaya-spumante\/\" \/>\n<meta property=\"og:site_name\" content=\"JAYA Prosecco\" \/>\n<meta property=\"article:modified_time\" content=\"2024-03-29T14:16:55+00:00\" \/>\n<meta property=\"og:image\" content=\"https:\/\/jaya-prosecco.com\/wp-content\/uploads\/2023\/05\/jaya-spumante.webp\" \/>\n\t<meta property=\"og:image:width\" content=\"800\" \/>\n\t<meta property=\"og:image:height\" content=\"600\" \/>\n\t<meta property=\"og:image:type\" content=\"image\/webp\" \/>\n<meta name=\"twitter:card\" content=\"summary_large_image\" \/>\n<meta name=\"twitter:label1\" content=\"Dur\u00e9e de lecture estim\u00e9e\" \/>\n\t<meta name=\"twitter:data1\" content=\"1 minute\" \/>\n<script type=\"application\/ld+json\" class=\"yoast-schema-graph\">{\"@context\":\"https:\\\/\\\/schema.org\",\"@graph\":[{\"@type\":\"WebPage\",\"@id\":\"https:\\\/\\\/jaya-prosecco.com\\\/product\\\/jaya-spumante\\\/\",\"url\":\"https:\\\/\\\/jaya-prosecco.com\\\/product\\\/jaya-spumante\\\/\",\"name\":\"JAYA Spumante | JAYA Prosecco\",\"isPartOf\":{\"@id\":\"https:\\\/\\\/jaya-prosecco.com\\\/#website\"},\"primaryImageOfPage\":{\"@id\":\"https:\\\/\\\/jaya-prosecco.com\\\/product\\\/jaya-spumante\\\/#primaryimage\"},\"image\":{\"@id\":\"https:\\\/\\\/jaya-prosecco.com\\\/product\\\/jaya-spumante\\\/#primaryimage\"},\"thumbnailUrl\":\"https:\\\/\\\/jaya-prosecco.com\\\/wp-content\\\/uploads\\\/2023\\\/05\\\/jaya-spumante.webp\",\"datePublished\":\"2020-04-06T09:56:58+00:00\",\"dateModified\":\"2024-03-29T14:16:55+00:00\",\"description\":\"JAYA SPUMANTE represents the roots of Prosecco. Before, Prosecco was named Spumante. This classic is made 100% from Glera grapes. Drawing its lively character directly from the hills of Valdobbiadene, it has been gifted with subtle yet intense aromas. A fireworks of bubbles will reveal to you all the elegance and sumptuousness of this high quality spumante.\",\"breadcrumb\":{\"@id\":\"https:\\\/\\\/jaya-prosecco.com\\\/product\\\/jaya-spumante\\\/#breadcrumb\"},\"inLanguage\":\"fr-FR\",\"potentialAction\":[{\"@type\":\"ReadAction\",\"target\":[\"https:\\\/\\\/jaya-prosecco.com\\\/product\\\/jaya-spumante\\\/\"]}]},{\"@type\":\"ImageObject\",\"inLanguage\":\"fr-FR\",\"@id\":\"https:\\\/\\\/jaya-prosecco.com\\\/product\\\/jaya-spumante\\\/#primaryimage\",\"url\":\"https:\\\/\\\/jaya-prosecco.com\\\/wp-content\\\/uploads\\\/2023\\\/05\\\/jaya-spumante.webp\",\"contentUrl\":\"https:\\\/\\\/jaya-prosecco.com\\\/wp-content\\\/uploads\\\/2023\\\/05\\\/jaya-spumante.webp\",\"width\":800,\"height\":600},{\"@type\":\"BreadcrumbList\",\"@id\":\"https:\\\/\\\/jaya-prosecco.com\\\/product\\\/jaya-spumante\\\/#breadcrumb\",\"itemListElement\":[{\"@type\":\"ListItem\",\"position\":1,\"name\":\"Home\",\"item\":\"https:\\\/\\\/jaya-prosecco.com\\\/\"},{\"@type\":\"ListItem\",\"position\":2,\"name\":\"Shop Online\",\"item\":\"https:\\\/\\\/jaya-prosecco.com\\\/shop-online\\\/\"},{\"@type\":\"ListItem\",\"position\":3,\"name\":\"JAYA Spumante\"}]},{\"@type\":\"WebSite\",\"@id\":\"https:\\\/\\\/jaya-prosecco.com\\\/#website\",\"url\":\"https:\\\/\\\/jaya-prosecco.com\\\/\",\"name\":\"JAYA Prosecco\",\"description\":\"Joy of Celebration\",\"publisher\":{\"@id\":\"https:\\\/\\\/jaya-prosecco.com\\\/#organization\"},\"potentialAction\":[{\"@type\":\"SearchAction\",\"target\":{\"@type\":\"EntryPoint\",\"urlTemplate\":\"https:\\\/\\\/jaya-prosecco.com\\\/?s={search_term_string}\"},\"query-input\":{\"@type\":\"PropertyValueSpecification\",\"valueRequired\":true,\"valueName\":\"search_term_string\"}}],\"inLanguage\":\"fr-FR\"},{\"@type\":\"Organization\",\"@id\":\"https:\\\/\\\/jaya-prosecco.com\\\/#organization\",\"name\":\"JAYA Prosecco\",\"url\":\"https:\\\/\\\/jaya-prosecco.com\\\/\",\"logo\":{\"@type\":\"ImageObject\",\"inLanguage\":\"fr-FR\",\"@id\":\"https:\\\/\\\/jaya-prosecco.com\\\/#\\\/schema\\\/logo\\\/image\\\/\",\"url\":\"https:\\\/\\\/jaya-prosecco.com\\\/wp-content\\\/uploads\\\/2023\\\/04\\\/cropped-cropped-jaya_logo_horizontal_dark_background.png\",\"contentUrl\":\"https:\\\/\\\/jaya-prosecco.com\\\/wp-content\\\/uploads\\\/2023\\\/04\\\/cropped-cropped-jaya_logo_horizontal_dark_background.png\",\"width\":350,\"height\":168,\"caption\":\"JAYA Prosecco\"},\"image\":{\"@id\":\"https:\\\/\\\/jaya-prosecco.com\\\/#\\\/schema\\\/logo\\\/image\\\/\"}}]}<\/script>\n<!-- \/ Yoast SEO plugin. -->","yoast_head_json":{"title":"JAYA Spumante | JAYA Prosecco","description":"JAYA SPUMANTE repr\u00e9sente les racines du Prosecco. Auparavant, le Prosecco s'appelait Spumante. Ce classique est produit 100% \u00e0 partir de raisins Glera. Tirant son caract\u00e8re vif directement des collines de Valdobbiadene, il a \u00e9t\u00e9 dot\u00e9 d'ar\u00f4mes subtils mais intenses. Un feu d'artifice de bulles vous r\u00e9v\u00e9lera toute l'\u00e9l\u00e9gance et la somptuosit\u00e9 de ce spumante de grande qualit\u00e9.","robots":{"index":"index","follow":"follow","max-snippet":"max-snippet:-1","max-image-preview":"max-image-preview:large","max-video-preview":"max-video-preview:-1"},"canonical":"https:\/\/jaya-prosecco.com\/fr\/produit\/jaya-spumante\/","og_locale":"fr_FR","og_type":"article","og_title":"JAYA Spumante | JAYA Prosecco","og_description":"JAYA SPUMANTE represents the roots of Prosecco. Before, Prosecco was named Spumante. This classic is made 100% from Glera grapes. Drawing its lively character directly from the hills of Valdobbiadene, it has been gifted with subtle yet intense aromas. A fireworks of bubbles will reveal to you all the elegance and sumptuousness of this high quality spumante.","og_url":"https:\/\/jaya-prosecco.com\/fr\/produit\/jaya-spumante\/","og_site_name":"JAYA Prosecco","article_modified_time":"2024-03-29T14:16:55+00:00","og_image":[{"width":800,"height":600,"url":"https:\/\/jaya-prosecco.com\/wp-content\/uploads\/2023\/05\/jaya-spumante.webp","type":"image\/webp"}],"twitter_card":"summary_large_image","twitter_misc":{"Dur\u00e9e de lecture estim\u00e9e":"1 minute"},"schema":{"@context":"https:\/\/schema.org","@graph":[{"@type":"WebPage","@id":"https:\/\/jaya-prosecco.com\/product\/jaya-spumante\/","url":"https:\/\/jaya-prosecco.com\/product\/jaya-spumante\/","name":"JAYA Spumante | JAYA Prosecco","isPartOf":{"@id":"https:\/\/jaya-prosecco.com\/#website"},"primaryImageOfPage":{"@id":"https:\/\/jaya-prosecco.com\/product\/jaya-spumante\/#primaryimage"},"image":{"@id":"https:\/\/jaya-prosecco.com\/product\/jaya-spumante\/#primaryimage"},"thumbnailUrl":"https:\/\/jaya-prosecco.com\/wp-content\/uploads\/2023\/05\/jaya-spumante.webp","datePublished":"2020-04-06T09:56:58+00:00","dateModified":"2024-03-29T14:16:55+00:00","description":"JAYA SPUMANTE repr\u00e9sente les racines du Prosecco. Auparavant, le Prosecco s'appelait Spumante. Ce classique est produit 100% \u00e0 partir de raisins Glera. Tirant son caract\u00e8re vif directement des collines de Valdobbiadene, il a \u00e9t\u00e9 dot\u00e9 d'ar\u00f4mes subtils mais intenses. Un feu d'artifice de bulles vous r\u00e9v\u00e9lera toute l'\u00e9l\u00e9gance et la somptuosit\u00e9 de ce spumante de grande qualit\u00e9.","breadcrumb":{"@id":"https:\/\/jaya-prosecco.com\/product\/jaya-spumante\/#breadcrumb"},"inLanguage":"fr-FR","potentialAction":[{"@type":"ReadAction","target":["https:\/\/jaya-prosecco.com\/product\/jaya-spumante\/"]}]},{"@type":"ImageObject","inLanguage":"fr-FR","@id":"https:\/\/jaya-prosecco.com\/product\/jaya-spumante\/#primaryimage","url":"https:\/\/jaya-prosecco.com\/wp-content\/uploads\/2023\/05\/jaya-spumante.webp","contentUrl":"https:\/\/jaya-prosecco.com\/wp-content\/uploads\/2023\/05\/jaya-spumante.webp","width":800,"height":600},{"@type":"BreadcrumbList","@id":"https:\/\/jaya-prosecco.com\/product\/jaya-spumante\/#breadcrumb","itemListElement":[{"@type":"ListItem","position":1,"name":"Home","item":"https:\/\/jaya-prosecco.com\/"},{"@type":"ListItem","position":2,"name":"Shop Online","item":"https:\/\/jaya-prosecco.com\/shop-online\/"},{"@type":"ListItem","position":3,"name":"JAYA Spumante"}]},{"@type":"WebSite","@id":"https:\/\/jaya-prosecco.com\/#website","url":"https:\/\/jaya-prosecco.com\/","name":"JAYA Prosecco","description":"La joie de la c\u00e9l\u00e9bration","publisher":{"@id":"https:\/\/jaya-prosecco.com\/#organization"},"potentialAction":[{"@type":"SearchAction","target":{"@type":"EntryPoint","urlTemplate":"https:\/\/jaya-prosecco.com\/?s={search_term_string}"},"query-input":{"@type":"PropertyValueSpecification","valueRequired":true,"valueName":"search_term_string"}}],"inLanguage":"fr-FR"},{"@type":"Organization","@id":"https:\/\/jaya-prosecco.com\/#organization","name":"JAYA Prosecco","url":"https:\/\/jaya-prosecco.com\/","logo":{"@type":"ImageObject","inLanguage":"fr-FR","@id":"https:\/\/jaya-prosecco.com\/#\/schema\/logo\/image\/","url":"https:\/\/jaya-prosecco.com\/wp-content\/uploads\/2023\/04\/cropped-cropped-jaya_logo_horizontal_dark_background.png","contentUrl":"https:\/\/jaya-prosecco.com\/wp-content\/uploads\/2023\/04\/cropped-cropped-jaya_logo_horizontal_dark_background.png","width":350,"height":168,"caption":"JAYA Prosecco"},"image":{"@id":"https:\/\/jaya-prosecco.com\/#\/schema\/logo\/image\/"}}]}},"_links":{"self":[{"href":"https:\/\/jaya-prosecco.com\/fr\/wp-json\/wp\/v2\/product\/13729","targetHints":{"allow":["GET"]}}],"collection":[{"href":"https:\/\/jaya-prosecco.com\/fr\/wp-json\/wp\/v2\/product"}],"about":[{"href":"https:\/\/jaya-prosecco.com\/fr\/wp-json\/wp\/v2\/types\/product"}],"wp:featuredmedia":[{"embeddable":true,"href":"https:\/\/jaya-prosecco.com\/fr\/wp-json\/wp\/v2\/media\/44611"}],"wp:attachment":[{"href":"https:\/\/jaya-prosecco.com\/fr\/wp-json\/wp\/v2\/media?parent=13729"}],"wp:term":[{"taxonomy":"product_brand","embeddable":true,"href":"https:\/\/jaya-prosecco.com\/fr\/wp-json\/wp\/v2\/product_brand?post=13729"},{"taxonomy":"product_cat","embeddable":true,"href":"https:\/\/jaya-prosecco.com\/fr\/wp-json\/wp\/v2\/product_cat?post=13729"},{"taxonomy":"product_tag","embeddable":true,"href":"https:\/\/jaya-prosecco.com\/fr\/wp-json\/wp\/v2\/product_tag?post=13729"}],"curies":[{"name":"wp","href":"https:\/\/api.w.org\/{rel}","templated":true}]}}