{"id":44802,"date":"2024-03-10T15:20:53","date_gmt":"2024-03-10T15:20:53","guid":{"rendered":"https:\/\/jaya-prosecco.com\/?post_type=product&#038;p=44802"},"modified":"2024-11-13T10:12:43","modified_gmt":"2024-11-13T10:12:43","slug":"jaya-brut-doc-flasche","status":"publish","type":"product","link":"https:\/\/jaya-prosecco.com\/de\/product\/jaya-brut-doc-bottle\/","title":{"rendered":"JAYA Brut Doc"},"content":{"rendered":"<p><span style=\"font-weight: 400;\">JAYA BRUT hat seine Wurzeln in den wundersch\u00f6nen Ebenen zwischen Valdobbiadene und Conegliano, wo die Trauben die ideale Reife erreichen, um diesen wunderbaren Prosecco zu produzieren, der ein perfektes Gleichgewicht zwischen Bl\u00e4schen und einem angenehmen, aber diskreten aromatischen Geschmack bietet. <\/span><\/p>\n<p><span style=\"font-weight: 400;\">Jede Flasche ist das Ergebnis des Besten, was die Region bieten kann, wenn sie gepflegt wird. JAYA BRUT wird aus 100% Glera-Trauben hergestellt, die alle von Hand geerntet werden.<\/span><\/p>","protected":false},"excerpt":{"rendered":"<p><span data-contrast=\"auto\">Dieser Prosecco aus 100% Glera-Trauben mit reinem, mineralischem Geschmack zeichnet sich durch seine eleganten, strohgoldenen Farbt\u00f6ne und seine sanfte Perlage aus, die im Mund anh\u00e4lt und den Gaumen umschmeichelt. Mit leichten Bl\u00e4schen und einem angenehmen, aber subtilen aromatischen Geschmack ist dieser raffinierte Prosecco perfekt ausgewogen.<\/span><span data-contrast=\"auto\">\u00a0<\/span><span data-ccp-props=\"{&quot;134233117&quot;:true,&quot;134233118&quot;:true,&quot;201341983&quot;:0,&quot;335559739&quot;:0,&quot;335559740&quot;:276}\">\u00a0<\/span><\/p>\n<p><span data-contrast=\"auto\">Der JAYA Prosecco Brut DOC kann als Aperitif genossen werden, ist aber auch, wie in seinem Herkunftsland \u00fcblich, der perfekte Begleiter zu jeder Mahlzeit und passt sehr gut zu Fisch- oder Pastagerichten.<\/span><span data-ccp-props=\"{&quot;134233117&quot;:false,&quot;134233118&quot;:false,&quot;201341983&quot;:0,&quot;335559738&quot;:0,&quot;335559739&quot;:0,&quot;335559740&quot;:276}\">\u00a0<\/span><\/p>","protected":false},"featured_media":44804,"template":"","meta":{"_acf_changed":false},"product_brand":[],"product_cat":[151],"product_tag":[],"class_list":{"0":"post-44802","1":"product","2":"type-product","3":"status-publish","4":"has-post-thumbnail","6":"product_cat-bottle","8":"first","9":"instock","10":"taxable","11":"shipping-taxable","12":"purchasable","13":"product-type-simple"},"acf":[],"yoast_head":"<!-- This site is optimized with the Yoast SEO plugin v27.3 - https:\/\/yoast.com\/product\/yoast-seo-wordpress\/ -->\n<title>JAYA Brut Doc | JAYA Prosecco<\/title>\n<meta name=\"robots\" content=\"index, follow, max-snippet:-1, max-image-preview:large, max-video-preview:-1\" \/>\n<link rel=\"canonical\" href=\"https:\/\/jaya-prosecco.com\/de\/produkt\/jaya-brut-doc-flasche\/\" \/>\n<meta property=\"og:locale\" content=\"de_DE\" \/>\n<meta property=\"og:type\" content=\"article\" \/>\n<meta property=\"og:title\" content=\"JAYA Brut Doc | JAYA Prosecco\" \/>\n<meta property=\"og:description\" content=\"This Prosecco, made of 100% Glera grapes with a clean, mineral taste, is characterised by its elegant hues of golden straw and gentle perlage which persists in the mouth, caressing your palate. With light bubbles and a pleasant yet subtle aromatic flavour, this refined Prosecco strikes the perfect balance.\u00a0\u00a0  JAYA Prosecco Brut DOC can be enjoyed as an aperitif and is also the perfect accompaniment to any meal, as is the custom in its country of origin. lt pairs very well with fish or pasta dishes.\u00a0\" \/>\n<meta property=\"og:url\" content=\"https:\/\/jaya-prosecco.com\/de\/produkt\/jaya-brut-doc-flasche\/\" \/>\n<meta property=\"og:site_name\" content=\"JAYA Prosecco\" \/>\n<meta property=\"article:modified_time\" content=\"2024-11-13T10:12:43+00:00\" \/>\n<meta property=\"og:image\" content=\"https:\/\/jaya-prosecco.com\/wp-content\/uploads\/2020\/09\/jaya_brut-doc_bottle.webp\" \/>\n\t<meta property=\"og:image:width\" content=\"982\" \/>\n\t<meta property=\"og:image:height\" content=\"1472\" \/>\n\t<meta property=\"og:image:type\" content=\"image\/webp\" \/>\n<meta name=\"twitter:card\" content=\"summary_large_image\" \/>\n<meta name=\"twitter:label1\" content=\"Gesch\u00e4tzte Lesezeit\" \/>\n\t<meta name=\"twitter:data1\" content=\"1\u00a0Minute\" \/>\n<script type=\"application\/ld+json\" class=\"yoast-schema-graph\">{\"@context\":\"https:\\\/\\\/schema.org\",\"@graph\":[{\"@type\":\"WebPage\",\"@id\":\"https:\\\/\\\/jaya-prosecco.com\\\/product\\\/jaya-brut-doc-bottle\\\/\",\"url\":\"https:\\\/\\\/jaya-prosecco.com\\\/product\\\/jaya-brut-doc-bottle\\\/\",\"name\":\"JAYA Brut Doc | JAYA Prosecco\",\"isPartOf\":{\"@id\":\"https:\\\/\\\/jaya-prosecco.com\\\/#website\"},\"primaryImageOfPage\":{\"@id\":\"https:\\\/\\\/jaya-prosecco.com\\\/product\\\/jaya-brut-doc-bottle\\\/#primaryimage\"},\"image\":{\"@id\":\"https:\\\/\\\/jaya-prosecco.com\\\/product\\\/jaya-brut-doc-bottle\\\/#primaryimage\"},\"thumbnailUrl\":\"https:\\\/\\\/jaya-prosecco.com\\\/wp-content\\\/uploads\\\/2020\\\/09\\\/jaya_brut-doc_bottle.webp\",\"datePublished\":\"2024-03-10T15:20:53+00:00\",\"dateModified\":\"2024-11-13T10:12:43+00:00\",\"breadcrumb\":{\"@id\":\"https:\\\/\\\/jaya-prosecco.com\\\/product\\\/jaya-brut-doc-bottle\\\/#breadcrumb\"},\"inLanguage\":\"de\",\"potentialAction\":[{\"@type\":\"ReadAction\",\"target\":[\"https:\\\/\\\/jaya-prosecco.com\\\/product\\\/jaya-brut-doc-bottle\\\/\"]}]},{\"@type\":\"ImageObject\",\"inLanguage\":\"de\",\"@id\":\"https:\\\/\\\/jaya-prosecco.com\\\/product\\\/jaya-brut-doc-bottle\\\/#primaryimage\",\"url\":\"https:\\\/\\\/jaya-prosecco.com\\\/wp-content\\\/uploads\\\/2020\\\/09\\\/jaya_brut-doc_bottle.webp\",\"contentUrl\":\"https:\\\/\\\/jaya-prosecco.com\\\/wp-content\\\/uploads\\\/2020\\\/09\\\/jaya_brut-doc_bottle.webp\",\"width\":982,\"height\":1472},{\"@type\":\"BreadcrumbList\",\"@id\":\"https:\\\/\\\/jaya-prosecco.com\\\/product\\\/jaya-brut-doc-bottle\\\/#breadcrumb\",\"itemListElement\":[{\"@type\":\"ListItem\",\"position\":1,\"name\":\"Home\",\"item\":\"https:\\\/\\\/jaya-prosecco.com\\\/\"},{\"@type\":\"ListItem\",\"position\":2,\"name\":\"Shop Online\",\"item\":\"https:\\\/\\\/jaya-prosecco.com\\\/shop-online\\\/\"},{\"@type\":\"ListItem\",\"position\":3,\"name\":\"JAYA Brut Doc\"}]},{\"@type\":\"WebSite\",\"@id\":\"https:\\\/\\\/jaya-prosecco.com\\\/#website\",\"url\":\"https:\\\/\\\/jaya-prosecco.com\\\/\",\"name\":\"JAYA Prosecco\",\"description\":\"Joy of Celebration\",\"publisher\":{\"@id\":\"https:\\\/\\\/jaya-prosecco.com\\\/#organization\"},\"potentialAction\":[{\"@type\":\"SearchAction\",\"target\":{\"@type\":\"EntryPoint\",\"urlTemplate\":\"https:\\\/\\\/jaya-prosecco.com\\\/?s={search_term_string}\"},\"query-input\":{\"@type\":\"PropertyValueSpecification\",\"valueRequired\":true,\"valueName\":\"search_term_string\"}}],\"inLanguage\":\"de\"},{\"@type\":\"Organization\",\"@id\":\"https:\\\/\\\/jaya-prosecco.com\\\/#organization\",\"name\":\"JAYA Prosecco\",\"url\":\"https:\\\/\\\/jaya-prosecco.com\\\/\",\"logo\":{\"@type\":\"ImageObject\",\"inLanguage\":\"de\",\"@id\":\"https:\\\/\\\/jaya-prosecco.com\\\/#\\\/schema\\\/logo\\\/image\\\/\",\"url\":\"https:\\\/\\\/jaya-prosecco.com\\\/wp-content\\\/uploads\\\/2023\\\/04\\\/cropped-cropped-jaya_logo_horizontal_dark_background.png\",\"contentUrl\":\"https:\\\/\\\/jaya-prosecco.com\\\/wp-content\\\/uploads\\\/2023\\\/04\\\/cropped-cropped-jaya_logo_horizontal_dark_background.png\",\"width\":350,\"height\":168,\"caption\":\"JAYA Prosecco\"},\"image\":{\"@id\":\"https:\\\/\\\/jaya-prosecco.com\\\/#\\\/schema\\\/logo\\\/image\\\/\"}}]}<\/script>\n<!-- \/ Yoast SEO plugin. -->","yoast_head_json":{"title":"JAYA Brut Doc | JAYA Prosecco","robots":{"index":"index","follow":"follow","max-snippet":"max-snippet:-1","max-image-preview":"max-image-preview:large","max-video-preview":"max-video-preview:-1"},"canonical":"https:\/\/jaya-prosecco.com\/de\/produkt\/jaya-brut-doc-flasche\/","og_locale":"de_DE","og_type":"article","og_title":"JAYA Brut Doc | JAYA Prosecco","og_description":"This Prosecco, made of 100% Glera grapes with a clean, mineral taste, is characterised by its elegant hues of golden straw and gentle perlage which persists in the mouth, caressing your palate. With light bubbles and a pleasant yet subtle aromatic flavour, this refined Prosecco strikes the perfect balance.\u00a0\u00a0  JAYA Prosecco Brut DOC can be enjoyed as an aperitif and is also the perfect accompaniment to any meal, as is the custom in its country of origin. lt pairs very well with fish or pasta dishes.\u00a0","og_url":"https:\/\/jaya-prosecco.com\/de\/produkt\/jaya-brut-doc-flasche\/","og_site_name":"JAYA Prosecco","article_modified_time":"2024-11-13T10:12:43+00:00","og_image":[{"width":982,"height":1472,"url":"https:\/\/jaya-prosecco.com\/wp-content\/uploads\/2020\/09\/jaya_brut-doc_bottle.webp","type":"image\/webp"}],"twitter_card":"summary_large_image","twitter_misc":{"Gesch\u00e4tzte Lesezeit":"1\u00a0Minute"},"schema":{"@context":"https:\/\/schema.org","@graph":[{"@type":"WebPage","@id":"https:\/\/jaya-prosecco.com\/product\/jaya-brut-doc-bottle\/","url":"https:\/\/jaya-prosecco.com\/product\/jaya-brut-doc-bottle\/","name":"JAYA Brut Doc | JAYA Prosecco","isPartOf":{"@id":"https:\/\/jaya-prosecco.com\/#website"},"primaryImageOfPage":{"@id":"https:\/\/jaya-prosecco.com\/product\/jaya-brut-doc-bottle\/#primaryimage"},"image":{"@id":"https:\/\/jaya-prosecco.com\/product\/jaya-brut-doc-bottle\/#primaryimage"},"thumbnailUrl":"https:\/\/jaya-prosecco.com\/wp-content\/uploads\/2020\/09\/jaya_brut-doc_bottle.webp","datePublished":"2024-03-10T15:20:53+00:00","dateModified":"2024-11-13T10:12:43+00:00","breadcrumb":{"@id":"https:\/\/jaya-prosecco.com\/product\/jaya-brut-doc-bottle\/#breadcrumb"},"inLanguage":"de","potentialAction":[{"@type":"ReadAction","target":["https:\/\/jaya-prosecco.com\/product\/jaya-brut-doc-bottle\/"]}]},{"@type":"ImageObject","inLanguage":"de","@id":"https:\/\/jaya-prosecco.com\/product\/jaya-brut-doc-bottle\/#primaryimage","url":"https:\/\/jaya-prosecco.com\/wp-content\/uploads\/2020\/09\/jaya_brut-doc_bottle.webp","contentUrl":"https:\/\/jaya-prosecco.com\/wp-content\/uploads\/2020\/09\/jaya_brut-doc_bottle.webp","width":982,"height":1472},{"@type":"BreadcrumbList","@id":"https:\/\/jaya-prosecco.com\/product\/jaya-brut-doc-bottle\/#breadcrumb","itemListElement":[{"@type":"ListItem","position":1,"name":"Home","item":"https:\/\/jaya-prosecco.com\/"},{"@type":"ListItem","position":2,"name":"Shop Online","item":"https:\/\/jaya-prosecco.com\/shop-online\/"},{"@type":"ListItem","position":3,"name":"JAYA Brut Doc"}]},{"@type":"WebSite","@id":"https:\/\/jaya-prosecco.com\/#website","url":"https:\/\/jaya-prosecco.com\/","name":"JAYA Prosecco","description":"Freude am Feiern","publisher":{"@id":"https:\/\/jaya-prosecco.com\/#organization"},"potentialAction":[{"@type":"SearchAction","target":{"@type":"EntryPoint","urlTemplate":"https:\/\/jaya-prosecco.com\/?s={search_term_string}"},"query-input":{"@type":"PropertyValueSpecification","valueRequired":true,"valueName":"search_term_string"}}],"inLanguage":"de"},{"@type":"Organization","@id":"https:\/\/jaya-prosecco.com\/#organization","name":"JAYA Prosecco","url":"https:\/\/jaya-prosecco.com\/","logo":{"@type":"ImageObject","inLanguage":"de","@id":"https:\/\/jaya-prosecco.com\/#\/schema\/logo\/image\/","url":"https:\/\/jaya-prosecco.com\/wp-content\/uploads\/2023\/04\/cropped-cropped-jaya_logo_horizontal_dark_background.png","contentUrl":"https:\/\/jaya-prosecco.com\/wp-content\/uploads\/2023\/04\/cropped-cropped-jaya_logo_horizontal_dark_background.png","width":350,"height":168,"caption":"JAYA Prosecco"},"image":{"@id":"https:\/\/jaya-prosecco.com\/#\/schema\/logo\/image\/"}}]}},"_links":{"self":[{"href":"https:\/\/jaya-prosecco.com\/de\/wp-json\/wp\/v2\/product\/44802","targetHints":{"allow":["GET"]}}],"collection":[{"href":"https:\/\/jaya-prosecco.com\/de\/wp-json\/wp\/v2\/product"}],"about":[{"href":"https:\/\/jaya-prosecco.com\/de\/wp-json\/wp\/v2\/types\/product"}],"wp:featuredmedia":[{"embeddable":true,"href":"https:\/\/jaya-prosecco.com\/de\/wp-json\/wp\/v2\/media\/44804"}],"wp:attachment":[{"href":"https:\/\/jaya-prosecco.com\/de\/wp-json\/wp\/v2\/media?parent=44802"}],"wp:term":[{"taxonomy":"product_brand","embeddable":true,"href":"https:\/\/jaya-prosecco.com\/de\/wp-json\/wp\/v2\/product_brand?post=44802"},{"taxonomy":"product_cat","embeddable":true,"href":"https:\/\/jaya-prosecco.com\/de\/wp-json\/wp\/v2\/product_cat?post=44802"},{"taxonomy":"product_tag","embeddable":true,"href":"https:\/\/jaya-prosecco.com\/de\/wp-json\/wp\/v2\/product_tag?post=44802"}],"curies":[{"name":"wp","href":"https:\/\/api.w.org\/{rel}","templated":true}]}}