{"id":13729,"date":"2020-04-06T09:56:58","date_gmt":"2020-04-06T09:56:58","guid":{"rendered":"https:\/\/jaya-prosecco.com\/?post_type=product&#038;p=13729"},"modified":"2024-03-29T14:16:55","modified_gmt":"2024-03-29T14:16:55","slug":"jaya-schaumwein","status":"publish","type":"product","link":"https:\/\/jaya-prosecco.com\/de\/product\/jaya-spumante\/","title":{"rendered":"JAYA Spumante"},"content":{"rendered":"<p><span class=\"TextRun SCXW266228449 BCX0\" lang=\"EN-GB\" xml:lang=\"EN-GB\" data-contrast=\"auto\"><span class=\"NormalTextRun SCXW266228449 BCX0\" data-ccp-charstyle=\"Subtle Emphasis\">Dieser hochwertige Spumante wird auf DOCG-Boden angebaut und hergestellt. <\/span><span class=\"NormalTextRun SCXW266228449 BCX0\" data-ccp-charstyle=\"Subtle Emphasis\">Vertretung von<\/span><span class=\"NormalTextRun SCXW266228449 BCX0\" data-ccp-charstyle=\"Subtle Emphasis\"> Dieser schlichte und elegante Klassiker, der mit seinem lebendigen Charakter und den ausgepr\u00e4gteren Bl\u00e4schen die Wurzeln des Prosecco - wenn nicht sogar sein Wesen - wieder aufleben l\u00e4sst, ist mit subtilen, aber intensiven Aromen von gr\u00fcnem Apfel ausgestattet.<\/span><\/span><\/p>","protected":false},"excerpt":{"rendered":"<p><span data-contrast=\"auto\">JAYA Spumante ist eine echte Geschmacksexplosion!\u00a0<\/span><span data-ccp-props=\"{&quot;201341983&quot;:0,&quot;335559739&quot;:0,&quot;335559740&quot;:276}\">\u00a0<\/span><\/p>\n<p><span data-contrast=\"auto\">Hervorragend geeignet f\u00fcr Cocktails. Er ist der perfekte Begleiter f\u00fcr Ihre Aperitifs, Fischgerichte und Desserts.<\/span><span data-ccp-props=\"{&quot;201341983&quot;:0,&quot;335559739&quot;:0,&quot;335559740&quot;:276}\">\u00a0<\/span><\/p>","protected":false},"featured_media":44611,"template":"","meta":{"_acf_changed":false},"product_brand":[],"product_cat":[97],"product_tag":[],"class_list":{"0":"post-13729","1":"product","2":"type-product","3":"status-publish","4":"has-post-thumbnail","6":"product_cat-prosecco","8":"first","9":"instock","10":"taxable","11":"shipping-taxable","12":"purchasable","13":"product-type-woosb"},"acf":[],"yoast_head":"<!-- This site is optimized with the Yoast SEO plugin v27.3 - https:\/\/yoast.com\/product\/yoast-seo-wordpress\/ -->\n<title>JAYA Spumante | JAYA Prosecco<\/title>\n<meta name=\"description\" content=\"JAYA SPUMANTE represents the roots of Prosecco. Before, Prosecco was named Spumante. This classic is made 100% from Glera grapes. Drawing its lively character directly from the hills of Valdobbiadene, it has been gifted with subtle yet intense aromas. A fireworks of bubbles will reveal to you all the elegance and sumptuousness of this high quality spumante.\" \/>\n<meta name=\"robots\" content=\"index, follow, max-snippet:-1, max-image-preview:large, max-video-preview:-1\" \/>\n<link rel=\"canonical\" href=\"https:\/\/jaya-prosecco.com\/de\/produkt\/jaya-schaumwein\/\" \/>\n<meta property=\"og:locale\" content=\"de_DE\" \/>\n<meta property=\"og:type\" content=\"article\" \/>\n<meta property=\"og:title\" content=\"JAYA Spumante | JAYA Prosecco\" \/>\n<meta property=\"og:description\" content=\"JAYA SPUMANTE represents the roots of Prosecco. Before, Prosecco was named Spumante. This classic is made 100% from Glera grapes. Drawing its lively character directly from the hills of Valdobbiadene, it has been gifted with subtle yet intense aromas. A fireworks of bubbles will reveal to you all the elegance and sumptuousness of this high quality spumante.\" \/>\n<meta property=\"og:url\" content=\"https:\/\/jaya-prosecco.com\/de\/produkt\/jaya-schaumwein\/\" \/>\n<meta property=\"og:site_name\" content=\"JAYA Prosecco\" \/>\n<meta property=\"article:modified_time\" content=\"2024-03-29T14:16:55+00:00\" \/>\n<meta property=\"og:image\" content=\"https:\/\/jaya-prosecco.com\/wp-content\/uploads\/2023\/05\/jaya-spumante.webp\" \/>\n\t<meta property=\"og:image:width\" content=\"800\" \/>\n\t<meta property=\"og:image:height\" content=\"600\" \/>\n\t<meta property=\"og:image:type\" content=\"image\/webp\" \/>\n<meta name=\"twitter:card\" content=\"summary_large_image\" \/>\n<meta name=\"twitter:label1\" content=\"Gesch\u00e4tzte Lesezeit\" \/>\n\t<meta name=\"twitter:data1\" content=\"1\u00a0Minute\" \/>\n<script type=\"application\/ld+json\" class=\"yoast-schema-graph\">{\"@context\":\"https:\\\/\\\/schema.org\",\"@graph\":[{\"@type\":\"WebPage\",\"@id\":\"https:\\\/\\\/jaya-prosecco.com\\\/product\\\/jaya-spumante\\\/\",\"url\":\"https:\\\/\\\/jaya-prosecco.com\\\/product\\\/jaya-spumante\\\/\",\"name\":\"JAYA Spumante | JAYA Prosecco\",\"isPartOf\":{\"@id\":\"https:\\\/\\\/jaya-prosecco.com\\\/#website\"},\"primaryImageOfPage\":{\"@id\":\"https:\\\/\\\/jaya-prosecco.com\\\/product\\\/jaya-spumante\\\/#primaryimage\"},\"image\":{\"@id\":\"https:\\\/\\\/jaya-prosecco.com\\\/product\\\/jaya-spumante\\\/#primaryimage\"},\"thumbnailUrl\":\"https:\\\/\\\/jaya-prosecco.com\\\/wp-content\\\/uploads\\\/2023\\\/05\\\/jaya-spumante.webp\",\"datePublished\":\"2020-04-06T09:56:58+00:00\",\"dateModified\":\"2024-03-29T14:16:55+00:00\",\"description\":\"JAYA SPUMANTE represents the roots of Prosecco. Before, Prosecco was named Spumante. This classic is made 100% from Glera grapes. Drawing its lively character directly from the hills of Valdobbiadene, it has been gifted with subtle yet intense aromas. A fireworks of bubbles will reveal to you all the elegance and sumptuousness of this high quality spumante.\",\"breadcrumb\":{\"@id\":\"https:\\\/\\\/jaya-prosecco.com\\\/product\\\/jaya-spumante\\\/#breadcrumb\"},\"inLanguage\":\"de\",\"potentialAction\":[{\"@type\":\"ReadAction\",\"target\":[\"https:\\\/\\\/jaya-prosecco.com\\\/product\\\/jaya-spumante\\\/\"]}]},{\"@type\":\"ImageObject\",\"inLanguage\":\"de\",\"@id\":\"https:\\\/\\\/jaya-prosecco.com\\\/product\\\/jaya-spumante\\\/#primaryimage\",\"url\":\"https:\\\/\\\/jaya-prosecco.com\\\/wp-content\\\/uploads\\\/2023\\\/05\\\/jaya-spumante.webp\",\"contentUrl\":\"https:\\\/\\\/jaya-prosecco.com\\\/wp-content\\\/uploads\\\/2023\\\/05\\\/jaya-spumante.webp\",\"width\":800,\"height\":600},{\"@type\":\"BreadcrumbList\",\"@id\":\"https:\\\/\\\/jaya-prosecco.com\\\/product\\\/jaya-spumante\\\/#breadcrumb\",\"itemListElement\":[{\"@type\":\"ListItem\",\"position\":1,\"name\":\"Home\",\"item\":\"https:\\\/\\\/jaya-prosecco.com\\\/\"},{\"@type\":\"ListItem\",\"position\":2,\"name\":\"Shop Online\",\"item\":\"https:\\\/\\\/jaya-prosecco.com\\\/shop-online\\\/\"},{\"@type\":\"ListItem\",\"position\":3,\"name\":\"JAYA Spumante\"}]},{\"@type\":\"WebSite\",\"@id\":\"https:\\\/\\\/jaya-prosecco.com\\\/#website\",\"url\":\"https:\\\/\\\/jaya-prosecco.com\\\/\",\"name\":\"JAYA Prosecco\",\"description\":\"Joy of Celebration\",\"publisher\":{\"@id\":\"https:\\\/\\\/jaya-prosecco.com\\\/#organization\"},\"potentialAction\":[{\"@type\":\"SearchAction\",\"target\":{\"@type\":\"EntryPoint\",\"urlTemplate\":\"https:\\\/\\\/jaya-prosecco.com\\\/?s={search_term_string}\"},\"query-input\":{\"@type\":\"PropertyValueSpecification\",\"valueRequired\":true,\"valueName\":\"search_term_string\"}}],\"inLanguage\":\"de\"},{\"@type\":\"Organization\",\"@id\":\"https:\\\/\\\/jaya-prosecco.com\\\/#organization\",\"name\":\"JAYA Prosecco\",\"url\":\"https:\\\/\\\/jaya-prosecco.com\\\/\",\"logo\":{\"@type\":\"ImageObject\",\"inLanguage\":\"de\",\"@id\":\"https:\\\/\\\/jaya-prosecco.com\\\/#\\\/schema\\\/logo\\\/image\\\/\",\"url\":\"https:\\\/\\\/jaya-prosecco.com\\\/wp-content\\\/uploads\\\/2023\\\/04\\\/cropped-cropped-jaya_logo_horizontal_dark_background.png\",\"contentUrl\":\"https:\\\/\\\/jaya-prosecco.com\\\/wp-content\\\/uploads\\\/2023\\\/04\\\/cropped-cropped-jaya_logo_horizontal_dark_background.png\",\"width\":350,\"height\":168,\"caption\":\"JAYA Prosecco\"},\"image\":{\"@id\":\"https:\\\/\\\/jaya-prosecco.com\\\/#\\\/schema\\\/logo\\\/image\\\/\"}}]}<\/script>\n<!-- \/ Yoast SEO plugin. -->","yoast_head_json":{"title":"JAYA Spumante | JAYA Prosecco","description":"JAYA SPUMANTE repr\u00e4sentiert die Wurzeln des Prosecco. Fr\u00fcher wurde der Prosecco Spumante genannt. Dieser Klassiker wird 100% aus Glera-Trauben hergestellt. Er sch\u00f6pft seinen lebendigen Charakter direkt aus den H\u00fcgeln von Valdobbiadene und ist mit subtilen, aber intensiven Aromen ausgestattet. Ein Feuerwerk von Blasen wird Ihnen die ganze Eleganz und \u00dcppigkeit dieses hochwertigen Schaumweins offenbaren.","robots":{"index":"index","follow":"follow","max-snippet":"max-snippet:-1","max-image-preview":"max-image-preview:large","max-video-preview":"max-video-preview:-1"},"canonical":"https:\/\/jaya-prosecco.com\/de\/produkt\/jaya-schaumwein\/","og_locale":"de_DE","og_type":"article","og_title":"JAYA Spumante | JAYA Prosecco","og_description":"JAYA SPUMANTE represents the roots of Prosecco. Before, Prosecco was named Spumante. This classic is made 100% from Glera grapes. Drawing its lively character directly from the hills of Valdobbiadene, it has been gifted with subtle yet intense aromas. A fireworks of bubbles will reveal to you all the elegance and sumptuousness of this high quality spumante.","og_url":"https:\/\/jaya-prosecco.com\/de\/produkt\/jaya-schaumwein\/","og_site_name":"JAYA Prosecco","article_modified_time":"2024-03-29T14:16:55+00:00","og_image":[{"width":800,"height":600,"url":"https:\/\/jaya-prosecco.com\/wp-content\/uploads\/2023\/05\/jaya-spumante.webp","type":"image\/webp"}],"twitter_card":"summary_large_image","twitter_misc":{"Gesch\u00e4tzte Lesezeit":"1\u00a0Minute"},"schema":{"@context":"https:\/\/schema.org","@graph":[{"@type":"WebPage","@id":"https:\/\/jaya-prosecco.com\/product\/jaya-spumante\/","url":"https:\/\/jaya-prosecco.com\/product\/jaya-spumante\/","name":"JAYA Spumante | JAYA Prosecco","isPartOf":{"@id":"https:\/\/jaya-prosecco.com\/#website"},"primaryImageOfPage":{"@id":"https:\/\/jaya-prosecco.com\/product\/jaya-spumante\/#primaryimage"},"image":{"@id":"https:\/\/jaya-prosecco.com\/product\/jaya-spumante\/#primaryimage"},"thumbnailUrl":"https:\/\/jaya-prosecco.com\/wp-content\/uploads\/2023\/05\/jaya-spumante.webp","datePublished":"2020-04-06T09:56:58+00:00","dateModified":"2024-03-29T14:16:55+00:00","description":"JAYA SPUMANTE repr\u00e4sentiert die Wurzeln des Prosecco. Fr\u00fcher wurde der Prosecco Spumante genannt. Dieser Klassiker wird 100% aus Glera-Trauben hergestellt. Er sch\u00f6pft seinen lebendigen Charakter direkt aus den H\u00fcgeln von Valdobbiadene und ist mit subtilen, aber intensiven Aromen ausgestattet. Ein Feuerwerk von Blasen wird Ihnen die ganze Eleganz und \u00dcppigkeit dieses hochwertigen Schaumweins offenbaren.","breadcrumb":{"@id":"https:\/\/jaya-prosecco.com\/product\/jaya-spumante\/#breadcrumb"},"inLanguage":"de","potentialAction":[{"@type":"ReadAction","target":["https:\/\/jaya-prosecco.com\/product\/jaya-spumante\/"]}]},{"@type":"ImageObject","inLanguage":"de","@id":"https:\/\/jaya-prosecco.com\/product\/jaya-spumante\/#primaryimage","url":"https:\/\/jaya-prosecco.com\/wp-content\/uploads\/2023\/05\/jaya-spumante.webp","contentUrl":"https:\/\/jaya-prosecco.com\/wp-content\/uploads\/2023\/05\/jaya-spumante.webp","width":800,"height":600},{"@type":"BreadcrumbList","@id":"https:\/\/jaya-prosecco.com\/product\/jaya-spumante\/#breadcrumb","itemListElement":[{"@type":"ListItem","position":1,"name":"Home","item":"https:\/\/jaya-prosecco.com\/"},{"@type":"ListItem","position":2,"name":"Shop Online","item":"https:\/\/jaya-prosecco.com\/shop-online\/"},{"@type":"ListItem","position":3,"name":"JAYA Spumante"}]},{"@type":"WebSite","@id":"https:\/\/jaya-prosecco.com\/#website","url":"https:\/\/jaya-prosecco.com\/","name":"JAYA Prosecco","description":"Freude am Feiern","publisher":{"@id":"https:\/\/jaya-prosecco.com\/#organization"},"potentialAction":[{"@type":"SearchAction","target":{"@type":"EntryPoint","urlTemplate":"https:\/\/jaya-prosecco.com\/?s={search_term_string}"},"query-input":{"@type":"PropertyValueSpecification","valueRequired":true,"valueName":"search_term_string"}}],"inLanguage":"de"},{"@type":"Organization","@id":"https:\/\/jaya-prosecco.com\/#organization","name":"JAYA Prosecco","url":"https:\/\/jaya-prosecco.com\/","logo":{"@type":"ImageObject","inLanguage":"de","@id":"https:\/\/jaya-prosecco.com\/#\/schema\/logo\/image\/","url":"https:\/\/jaya-prosecco.com\/wp-content\/uploads\/2023\/04\/cropped-cropped-jaya_logo_horizontal_dark_background.png","contentUrl":"https:\/\/jaya-prosecco.com\/wp-content\/uploads\/2023\/04\/cropped-cropped-jaya_logo_horizontal_dark_background.png","width":350,"height":168,"caption":"JAYA Prosecco"},"image":{"@id":"https:\/\/jaya-prosecco.com\/#\/schema\/logo\/image\/"}}]}},"_links":{"self":[{"href":"https:\/\/jaya-prosecco.com\/de\/wp-json\/wp\/v2\/product\/13729","targetHints":{"allow":["GET"]}}],"collection":[{"href":"https:\/\/jaya-prosecco.com\/de\/wp-json\/wp\/v2\/product"}],"about":[{"href":"https:\/\/jaya-prosecco.com\/de\/wp-json\/wp\/v2\/types\/product"}],"wp:featuredmedia":[{"embeddable":true,"href":"https:\/\/jaya-prosecco.com\/de\/wp-json\/wp\/v2\/media\/44611"}],"wp:attachment":[{"href":"https:\/\/jaya-prosecco.com\/de\/wp-json\/wp\/v2\/media?parent=13729"}],"wp:term":[{"taxonomy":"product_brand","embeddable":true,"href":"https:\/\/jaya-prosecco.com\/de\/wp-json\/wp\/v2\/product_brand?post=13729"},{"taxonomy":"product_cat","embeddable":true,"href":"https:\/\/jaya-prosecco.com\/de\/wp-json\/wp\/v2\/product_cat?post=13729"},{"taxonomy":"product_tag","embeddable":true,"href":"https:\/\/jaya-prosecco.com\/de\/wp-json\/wp\/v2\/product_tag?post=13729"}],"curies":[{"name":"wp","href":"https:\/\/api.w.org\/{rel}","templated":true}]}}