{"id":7119,"date":"2020-02-26T22:03:17","date_gmt":"2020-02-26T22:03:17","guid":{"rendered":"https:\/\/jaya-prosecco.com\/?page_id=7119"},"modified":"2023-09-08T15:39:29","modified_gmt":"2023-09-08T15:39:29","slug":"cookie-richtlinie","status":"publish","type":"page","link":"https:\/\/jaya-prosecco.com\/de\/cookie-policy\/","title":{"rendered":"Cookie-Richtlinie"},"content":{"rendered":"<h2 class=\"title-jaya1\"><span style=\"font-size: 16px;\">Cookies enable a smooth navigation between pages and improves the overall user experience.<\/span><\/h2>\n<div>\n<p>For instance, cookies remember you are logged on T&amp;P Group website and avoid you to re-enter your details again. Cookies can also be used for analytical purpose, but will remain anonymous.<\/p>\n<p>Another example of the use of cookies is for audience measurement and statistics of TV campaigns.<\/p>\n<p>The &#8220;Realytics&#8221; cookie undertakes to respect the data collected and not to collect any personal or sensitive data and can be disabled from the Realytics opt-out page <a href=\"https:\/\/www.realytics.io\/optout\" target=\"_blank\" rel=\"noopener\">https:\/\/www.realytics.io\/optout<\/a> .<\/p>\n<p>The information collected by our cookies is processed in servers located in Switzerland.<\/p>\n<p>Users in the European Union (E.U.) have the right to refuse to allow cookies to be placed on the device they use to access the Site.<\/p>\n<p>Please contact us for any question related to that matter: <a href=\"&#x6d;&#x61;&#x69;&#x6c;&#x74;&#x6f;&#58;&#99;&#111;&#109;plia&#x6e;&#x63;&#x65;&#x40;&#x6a;&#x61;&#121;&#97;&#45;&#112;&#114;ose&#x63;&#x63;&#x6f;&#x2e;&#x63;&#x6f;&#109;\">&#x63;o&#x6d;&#112;l&#x69;&#97;&#x6e;&#99;e&#x40;&#106;&#x61;&#121;a&#x2d;&#112;&#x72;&#x6f;s&#x65;&#99;c&#x6f;&#46;&#x63;&#111;m<\/a>.<\/p>\n<\/div>\n<p><!-- {\"name\":\"Terms of Use JAYA Eng\",\"type\":\"layout\",\"children\":[{\"name\":\"JAYA Content First\",\"type\":\"section\",\"props\":{\"style\":\"muted\",\"width\":\"default\",\"image_size\":\"cover\",\"padding\":\"large\",\"padding_remove_top\":true,\"image_position\":\"center-center\",\"image_effect\":\"\",\"vertical_align\":\"middle\",\"title_position\":\"top-left\",\"title_rotation\":\"left\",\"title_breakpoint\":\"xl\",\"text_color\":\"\",\"width_expand\":\"\",\"height\":\"\",\"header_transparent\":\"\",\"animation\":\"\",\"id\":\"jayacontent-first\",\"class\":\"jayacontent-first\",\"padding_remove_bottom\":true},\"children\":[{\"type\":\"row\",\"props\":{\"layout\":\"1-4,3-4\",\"breakpoint\":\"m\",\"fixed_width\":\"large\",\"column_gap\":\"\",\"row_gap\":\"\",\"width\":\"\",\"width_expand\":\"\",\"height\":\"\",\"margin\":\"\"},\"children\":[{\"type\":\"column\",\"props\":{\"image_position\":\"center-center\",\"media_overlay_gradient\":\"\",\"vertical_align\":\"\",\"style\":\"\",\"text_color\":\"\",\"padding\":\"\"},\"children\":[{\"type\":\"headline\",\"props\":{\"title_element\":\"h1\",\"title_style\":\"\",\"title_decoration\":\"\",\"title_font_family\":\"\",\"title_color\":\"\",\"position\":\"\",\"position_z_index\":\"\",\"margin\":\"\",\"maxwidth\":\"\",\"maxwidth_breakpoint\":\"\",\"block_align\":\"\",\"block_align_breakpoint\":\"\",\"block_align_fallback\":\"\",\"text_align\":\"\",\"text_align_breakpoint\":\"\",\"text_align_fallback\":\"\",\"animation\":\"\",\"visibility\":\"\",\"content\":\"\n\n\n<h2 class=\\\"title-jaya1\\\"><span class=\\\"discovermorejaya\\\">Cookie Policy<\\\/span><\\\/h2>\\n\",\"id\":\"frontbunch\",\"class\":\"frontbunch\"},\"name\":\"frontbunch\"}]},{\"type\":\"column\",\"props\":{\"image_position\":\"center-center\",\"media_overlay_gradient\":\"\",\"vertical_align\":\"\",\"style\":\"\",\"text_color\":\"\",\"padding\":\"\"},\"children\":[{\"type\":\"text\",\"props\":{\"margin\":\"default\",\"column_breakpoint\":\"m\",\"text_style\":\"\",\"text_color\":\"\",\"text_size\":\"\",\"column\":\"\",\"position\":\"\",\"position_z_index\":\"\",\"maxwidth\":\"\",\"maxwidth_breakpoint\":\"\",\"block_align\":\"\",\"block_align_breakpoint\":\"\",\"block_align_fallback\":\"\",\"text_align\":\"\",\"text_align_breakpoint\":\"\",\"text_align_fallback\":\"\",\"animation\":\"\",\"visibility\":\"\",\"content\":\"\n\nCookies are small files that are downloaded to your device when you visit a website. The cookies then send data back to the website they come from on each new visit, or to another website that recognizes these cookies. Cookies allow a website to recognize a user's device. You can find more information about cookies at: <a href=\\\"https:\\\/\\\/www.google.com\\\/policies\\\/technologies\\\/cookies\\\" target=\\\"_blank\\\" rel=\\\"noopener\\\">https:\\\/\\\/www.google.com\\\/policies\\\/technologies\\\/cookies<\\\/a>.<\\\/p>\\n\n\nCookies enable a smooth navigation between pages and improves the overall user experience.<\\\/p>\\n\n\nFor instance, cookies remember you are logged on T&amp;P Group website and avoid you to re-enter your details again. Cookies can also be used for analytical purpose, but will remain anonymous.<\\\/p>\\n\n\nAnother example of the use of cookies is for audience measurement and statistics of TV campaigns.\\u00a0<\\\/p>\\n\n\nThe \\\"Realytics\\\" cookie undertakes to respect the data collected and not to collect any personal or sensitive data and can be disabled from the Realytics opt-out page <a href=\\\"https:\\\/\\\/www.realytics.io\\\/optout\\\" target=\\\"_blank\\\" rel=\\\"noopener\\\">https:\\\/\\\/www.realytics.io\\\/optout<\\\/a> .<\\\/p>\\n\n\nThe information collected by our cookies is processed in servers located in Switzerland.<\\\/p>\\n\n\nUsers in the European Union (E.U.) have the right to refuse to allow cookies to be placed on the device they use to access the Site.<\\\/p>\\n\n\nPlease contact us for any question related to that matter: <a href=\\\"mai&#108;&#116;&#111;&#x3a;&#x63;&#x6f;&#x6d;&#x70;&#x6c;ian&#99;&#101;&#64;&#106;&#x61;&#x79;&#x61;&#x2d;&#x70;&#x72;ose&#99;&#99;&#111;&#x2e;&#x63;&#x6f;&#x6d;\\\">&#x63;&#111;m&#x70;&#108;i&#x61;&#110;c&#x65;&#64;j&#x61;&#121;a&#x2d;&#112;r&#x6f;&#115;e&#x63;&#99;o&#x2e;&#99;o&#x6d;<\\\/a>.<\\\/p>\",\"id\":\"legalsjaya\",\"class\":\"legalsjaya\"},\"name\":\"legalsjaya\"}]}]}]}],\"version\":\"1.22.8\",\"props\":[]} --><\/p>\n","protected":false},"excerpt":{"rendered":"<p>Cookies erm\u00f6glichen eine reibungslose Navigation zwischen den Seiten und verbessern die allgemeine Benutzerfreundlichkeit. Cookies merken sich zum Beispiel, dass Sie auf der Website der T&amp;P-Gruppe angemeldet sind und vermeiden, dass Sie Ihre Daten erneut eingeben m\u00fcssen. Cookies k\u00f6nnen auch zu Analysezwecken verwendet werden, bleiben aber anonym. Ein weiteres Beispiel f\u00fcr die Verwendung von Cookies ist die Messung der Einschaltquoten und Statistiken von TV-Kampagnen. Das \"Realytics\"-Cookie verpflichtet sich, die gesammelten Daten zu respektieren und keine pers\u00f6nlichen oder sensiblen Daten zu sammeln und kann auf der Realytics-Abmeldeseite https:\/\/www.realytics.io\/optout deaktiviert werden. Die von unseren Cookies gesammelten Informationen werden auf Servern in der Schweiz verarbeitet. Nutzer in der Europ\u00e4ischen Union (E.U.) haben das Recht, die Platzierung von Cookies auf dem Ger\u00e4t, das sie f\u00fcr den Zugriff auf die Website verwenden, abzulehnen. Bitte kontaktieren Sie uns bei Fragen zu diesem Thema: compliance@jaya-prosecco.com.<\/p>","protected":false},"author":1,"featured_media":0,"parent":0,"menu_order":5,"comment_status":"closed","ping_status":"closed","template":"","meta":{"_acf_changed":false,"footnotes":""},"class_list":["post-7119","page","type-page","status-publish","hentry"],"acf":[],"yoast_head":"<!-- This site is optimized with the Yoast SEO plugin v27.3 - https:\/\/yoast.com\/product\/yoast-seo-wordpress\/ -->\n<title>Cookie Policy | JAYA Prosecco<\/title>\n<meta name=\"robots\" content=\"index, follow, max-snippet:-1, max-image-preview:large, max-video-preview:-1\" \/>\n<link rel=\"canonical\" href=\"https:\/\/jaya-prosecco.com\/de\/cookie-richtlinie\/\" \/>\n<meta property=\"og:locale\" content=\"de_DE\" \/>\n<meta property=\"og:type\" content=\"article\" \/>\n<meta property=\"og:title\" content=\"Cookie Policy | JAYA Prosecco\" \/>\n<meta property=\"og:description\" content=\"Cookies enable a smooth navigation between pages and improves the overall user experience. For instance, cookies remember you are logged on T&amp;P Group website and avoid you to re-enter your details again. Cookies can also be used for analytical purpose, but will remain anonymous. Another example of the use of cookies is for audience measurement and statistics of TV campaigns. The &#8220;Realytics&#8221; cookie undertakes to respect the data collected and not to collect any personal or sensitive data and can be disabled from the Realytics opt-out page https:\/\/www.realytics.io\/optout . The information collected by our cookies is processed in servers located in Switzerland. Users in the European Union (E.U.) have the right to refuse to allow cookies to be placed on the device they use to access the Site. Please contact us for any question related to that matter: &#099;&#x6f;&#109;&#x70;&#108;&#x69;&#097;&#x6e;&#099;&#x65;&#064;&#x6a;&#097;&#x79;&#097;&#x2d;&#112;&#x72;&#111;&#x73;&#101;&#x63;&#099;&#x6f;&#046;&#x63;o&#x6d;.\" \/>\n<meta property=\"og:url\" content=\"https:\/\/jaya-prosecco.com\/de\/cookie-richtlinie\/\" \/>\n<meta property=\"og:site_name\" content=\"JAYA Prosecco\" \/>\n<meta property=\"article:modified_time\" content=\"2023-09-08T15:39:29+00:00\" \/>\n<meta name=\"twitter:card\" content=\"summary_large_image\" \/>\n<meta name=\"twitter:label1\" content=\"Gesch\u00e4tzte Lesezeit\" \/>\n\t<meta name=\"twitter:data1\" content=\"1\u00a0Minute\" \/>\n<script type=\"application\/ld+json\" class=\"yoast-schema-graph\">{\"@context\":\"https:\\\/\\\/schema.org\",\"@graph\":[{\"@type\":\"WebPage\",\"@id\":\"https:\\\/\\\/jaya-prosecco.com\\\/cookie-policy\\\/\",\"url\":\"https:\\\/\\\/jaya-prosecco.com\\\/cookie-policy\\\/\",\"name\":\"Cookie Policy | JAYA Prosecco\",\"isPartOf\":{\"@id\":\"https:\\\/\\\/jaya-prosecco.com\\\/#website\"},\"datePublished\":\"2020-02-26T22:03:17+00:00\",\"dateModified\":\"2023-09-08T15:39:29+00:00\",\"breadcrumb\":{\"@id\":\"https:\\\/\\\/jaya-prosecco.com\\\/cookie-policy\\\/#breadcrumb\"},\"inLanguage\":\"de\",\"potentialAction\":[{\"@type\":\"ReadAction\",\"target\":[\"https:\\\/\\\/jaya-prosecco.com\\\/cookie-policy\\\/\"]}]},{\"@type\":\"BreadcrumbList\",\"@id\":\"https:\\\/\\\/jaya-prosecco.com\\\/cookie-policy\\\/#breadcrumb\",\"itemListElement\":[{\"@type\":\"ListItem\",\"position\":1,\"name\":\"Home\",\"item\":\"https:\\\/\\\/jaya-prosecco.com\\\/\"},{\"@type\":\"ListItem\",\"position\":2,\"name\":\"Cookie Policy\"}]},{\"@type\":\"WebSite\",\"@id\":\"https:\\\/\\\/jaya-prosecco.com\\\/#website\",\"url\":\"https:\\\/\\\/jaya-prosecco.com\\\/\",\"name\":\"JAYA Prosecco\",\"description\":\"Joy of Celebration\",\"publisher\":{\"@id\":\"https:\\\/\\\/jaya-prosecco.com\\\/#organization\"},\"potentialAction\":[{\"@type\":\"SearchAction\",\"target\":{\"@type\":\"EntryPoint\",\"urlTemplate\":\"https:\\\/\\\/jaya-prosecco.com\\\/?s={search_term_string}\"},\"query-input\":{\"@type\":\"PropertyValueSpecification\",\"valueRequired\":true,\"valueName\":\"search_term_string\"}}],\"inLanguage\":\"de\"},{\"@type\":\"Organization\",\"@id\":\"https:\\\/\\\/jaya-prosecco.com\\\/#organization\",\"name\":\"JAYA Prosecco\",\"url\":\"https:\\\/\\\/jaya-prosecco.com\\\/\",\"logo\":{\"@type\":\"ImageObject\",\"inLanguage\":\"de\",\"@id\":\"https:\\\/\\\/jaya-prosecco.com\\\/#\\\/schema\\\/logo\\\/image\\\/\",\"url\":\"https:\\\/\\\/jaya-prosecco.com\\\/wp-content\\\/uploads\\\/2023\\\/04\\\/cropped-cropped-jaya_logo_horizontal_dark_background.png\",\"contentUrl\":\"https:\\\/\\\/jaya-prosecco.com\\\/wp-content\\\/uploads\\\/2023\\\/04\\\/cropped-cropped-jaya_logo_horizontal_dark_background.png\",\"width\":350,\"height\":168,\"caption\":\"JAYA Prosecco\"},\"image\":{\"@id\":\"https:\\\/\\\/jaya-prosecco.com\\\/#\\\/schema\\\/logo\\\/image\\\/\"}}]}<\/script>\n<!-- \/ Yoast SEO plugin. -->","yoast_head_json":{"title":"Cookie-Richtlinie | JAYA Prosecco","robots":{"index":"index","follow":"follow","max-snippet":"max-snippet:-1","max-image-preview":"max-image-preview:large","max-video-preview":"max-video-preview:-1"},"canonical":"https:\/\/jaya-prosecco.com\/de\/cookie-richtlinie\/","og_locale":"de_DE","og_type":"article","og_title":"Cookie Policy | JAYA Prosecco","og_description":"Cookies enable a smooth navigation between pages and improves the overall user experience. For instance, cookies remember you are logged on T&amp;P Group website and avoid you to re-enter your details again. Cookies can also be used for analytical purpose, but will remain anonymous. Another example of the use of cookies is for audience measurement and statistics of TV campaigns. The &#8220;Realytics&#8221; cookie undertakes to respect the data collected and not to collect any personal or sensitive data and can be disabled from the Realytics opt-out page https:\/\/www.realytics.io\/optout . The information collected by our cookies is processed in servers located in Switzerland. Users in the European Union (E.U.) have the right to refuse to allow cookies to be placed on the device they use to access the Site. Please contact us for any question related to that matter: &#99;&#x6f;&#109;&#x70;&#108;&#x69;&#97;&#x6e;&#99;&#x65;&#64;&#x6a;&#97;&#x79;&#97;&#x2d;&#112;&#x72;&#111;&#x73;&#101;&#x63;&#99;&#x6f;&#46;&#x63;o&#x6d;.","og_url":"https:\/\/jaya-prosecco.com\/de\/cookie-richtlinie\/","og_site_name":"JAYA Prosecco","article_modified_time":"2023-09-08T15:39:29+00:00","twitter_card":"summary_large_image","twitter_misc":{"Gesch\u00e4tzte Lesezeit":"1\u00a0Minute"},"schema":{"@context":"https:\/\/schema.org","@graph":[{"@type":"WebPage","@id":"https:\/\/jaya-prosecco.com\/cookie-policy\/","url":"https:\/\/jaya-prosecco.com\/cookie-policy\/","name":"Cookie-Richtlinie | JAYA Prosecco","isPartOf":{"@id":"https:\/\/jaya-prosecco.com\/#website"},"datePublished":"2020-02-26T22:03:17+00:00","dateModified":"2023-09-08T15:39:29+00:00","breadcrumb":{"@id":"https:\/\/jaya-prosecco.com\/cookie-policy\/#breadcrumb"},"inLanguage":"de","potentialAction":[{"@type":"ReadAction","target":["https:\/\/jaya-prosecco.com\/cookie-policy\/"]}]},{"@type":"BreadcrumbList","@id":"https:\/\/jaya-prosecco.com\/cookie-policy\/#breadcrumb","itemListElement":[{"@type":"ListItem","position":1,"name":"Home","item":"https:\/\/jaya-prosecco.com\/"},{"@type":"ListItem","position":2,"name":"Cookie Policy"}]},{"@type":"WebSite","@id":"https:\/\/jaya-prosecco.com\/#website","url":"https:\/\/jaya-prosecco.com\/","name":"JAYA Prosecco","description":"Freude am Feiern","publisher":{"@id":"https:\/\/jaya-prosecco.com\/#organization"},"potentialAction":[{"@type":"SearchAction","target":{"@type":"EntryPoint","urlTemplate":"https:\/\/jaya-prosecco.com\/?s={search_term_string}"},"query-input":{"@type":"PropertyValueSpecification","valueRequired":true,"valueName":"search_term_string"}}],"inLanguage":"de"},{"@type":"Organization","@id":"https:\/\/jaya-prosecco.com\/#organization","name":"JAYA Prosecco","url":"https:\/\/jaya-prosecco.com\/","logo":{"@type":"ImageObject","inLanguage":"de","@id":"https:\/\/jaya-prosecco.com\/#\/schema\/logo\/image\/","url":"https:\/\/jaya-prosecco.com\/wp-content\/uploads\/2023\/04\/cropped-cropped-jaya_logo_horizontal_dark_background.png","contentUrl":"https:\/\/jaya-prosecco.com\/wp-content\/uploads\/2023\/04\/cropped-cropped-jaya_logo_horizontal_dark_background.png","width":350,"height":168,"caption":"JAYA Prosecco"},"image":{"@id":"https:\/\/jaya-prosecco.com\/#\/schema\/logo\/image\/"}}]}},"_links":{"self":[{"href":"https:\/\/jaya-prosecco.com\/de\/wp-json\/wp\/v2\/pages\/7119","targetHints":{"allow":["GET"]}}],"collection":[{"href":"https:\/\/jaya-prosecco.com\/de\/wp-json\/wp\/v2\/pages"}],"about":[{"href":"https:\/\/jaya-prosecco.com\/de\/wp-json\/wp\/v2\/types\/page"}],"author":[{"embeddable":true,"href":"https:\/\/jaya-prosecco.com\/de\/wp-json\/wp\/v2\/users\/1"}],"replies":[{"embeddable":true,"href":"https:\/\/jaya-prosecco.com\/de\/wp-json\/wp\/v2\/comments?post=7119"}],"version-history":[{"count":0,"href":"https:\/\/jaya-prosecco.com\/de\/wp-json\/wp\/v2\/pages\/7119\/revisions"}],"wp:attachment":[{"href":"https:\/\/jaya-prosecco.com\/de\/wp-json\/wp\/v2\/media?parent=7119"}],"curies":[{"name":"wp","href":"https:\/\/api.w.org\/{rel}","templated":true}]}}