{"id":10427,"date":"2020-04-13T07:44:28","date_gmt":"2020-04-13T07:44:28","guid":{"rendered":"https:\/\/jaya-prosecco.com\/?page_id=10427"},"modified":"2025-08-27T14:57:41","modified_gmt":"2025-08-27T14:57:41","slug":"verkaufsbedingungen","status":"publish","type":"page","link":"https:\/\/jaya-prosecco.com\/de\/sales-terms\/","title":{"rendered":"Verkaufsbedingungen"},"content":{"rendered":"<h3>ALLGEMEINES &amp; ANWENDUNG DER ALLGEMEINEN GESCH\u00c4FTSBEDINGUNGEN (GTC)<\/h3>\n<p>Die Best\u00e4tigung der Bestellung setzt die vollst\u00e4ndige Annahme der AGB durch den Kunden voraus.<\/p>\n<p>In Ermangelung einer anderen schriftlichen Vereinbarung zwischen dem Verk\u00e4ufer und dem Kunden sind die vorliegenden AGB ma\u00dfgebend. Mit Ausnahme von Sonderf\u00e4llen erfordert dieses Dokument keine handschriftliche Unterschrift zum Abschluss eines Verkaufs, die Best\u00e4tigung der Bestellung durch den Kunden gilt als Zustimmung zum Inhalt der AGB.<\/p>\n<p>Im Falle einer \u00c4nderung der AGB gelten die Bedingungen, die zum Zeitpunkt der Bestellung auf der Website angegeben sind.<\/p>\n<p>Die vorliegenden AGB unterliegen schweizerischem Recht und sind diesem unterstellt.<\/p>\n<p>Die Produkte auf der Website der T&amp;P Group S\u00e0rl sind f\u00fcr den Verkauf in der Schweiz bestimmt.<\/p>\n<p>Die Fotos und Abbildungen sind nicht vertraglich bindend. Die gemachten Angaben und Erkl\u00e4rungen dienen lediglich der Information. Sie stellen kein Vertragsdokument dar.<\/p>\n<p>Unsere Angebote sind ausschlie\u00dflich Kunden vorbehalten, die vollj\u00e4hrig und urteilsf\u00e4hig sind (also nicht unter Vormundschaft oder Pflegschaft stehen).<\/p>\n<p>Gem\u00e4ss Artikel 13681 des Schweizerischen Strafgesetzbuches ist der Verkauf von Spirituosen, Aperitifs und Alcopops in gesundheitsgef\u00e4hrdenden Mengen an Personen unter achtzehn (18) Jahren verboten. Der Verkauf von Wein, Apfelwein und Bier ist an Personen unter sechzehn (16) Jahren verboten. Der K\u00e4ufer verpflichtet sich, zu best\u00e4tigen, dass er das gesetzlich vorgeschriebene Mindestalter erreicht hat.<\/p>\n<p>Alkoholmissbrauch ist gef\u00e4hrlich f\u00fcr die Gesundheit. Trinken und genie\u00dfen Sie in Ma\u00dfen.<\/p>\n<p>&nbsp;<\/p>\n<h3>VALIDIERUNG DER BESTELLUNG<\/h3>\n<p>Die Bestellungen sind nicht endg\u00fcltig und werden erst nach Eingang der Zahlung und der vollst\u00e4ndigen Kontaktdaten des K\u00e4ufers und des Empf\u00e4ngers der Bestellung vorbereitet. Die Vorbereitung der Bestellung ist abh\u00e4ngig vom Eingang all dieser Elemente. Sollten diese Elemente fehlen, kann die T&amp;P Group S\u00e0rl nicht f\u00fcr eventuelle Lieferverz\u00f6gerungen verantwortlich gemacht werden.<\/p>\n<p>Zahlungen per Bankkarte sind sicher. Die T&amp;P Group S\u00e0rl speichert keine Bankdaten, die bei Online-Eink\u00e4ufen \u00fcbermittelt werden.<\/p>\n<p>Damit die Lieferung erfolgen kann, muss der Gesamtbetrag der Bestellung bei der Best\u00e4tigung der Bestellung bezahlt werden.<\/p>\n<p>Die T&amp;P Group S\u00e0rl beh\u00e4lt sich das Recht vor, die Ausf\u00fchrung eines Auftrags f\u00fcr einen Kunden abzulehnen, mit dem ein laufender Streit nicht beigelegt werden konnte.<\/p>\n<p>&nbsp;<\/p>\n<h3>PREIS:<\/h3>\n<p>Alle Preise sind in Schweizer Franken angegeben, enthalten die Mehrwertsteuer und verstehen sich zuz\u00fcglich der Versandkosten.<\/p>\n<p>Die zum Zeitpunkt der Bestellung angezeigten Preise gelten vorbehaltlich von \u00c4nderungen des Sortiments, des Jahrgangs, der Verf\u00fcgbarkeit der Artikel und der Korrektur offensichtlicher Fehler oder Tippfehler.<\/p>\n<p>T&amp;P Group S\u00e0rl kann Sonderangebote f\u00fcr sein Sortiment machen. Diese Angebote sind nur f\u00fcr den Zeitraum g\u00fcltig, in dem sie auf der Website ver\u00f6ffentlicht werden und k\u00f6nnen nicht r\u00fcckwirkend angefordert werden.<\/p>\n<p>Die Preise, die in anderen W\u00e4hrungen als dem Schweizer Franken angegeben sind, dienen nur zu Informationszwecken und stellen weder ein Angebot der T&amp;P Group S\u00e0rl noch eine Verpflichtung in Bezug auf einen Wechselkurs dar. Alle Weine, die zum Verkauf angeboten werden, sind vorbehaltlich der Verf\u00fcgbarkeit und Marktver\u00e4nderungen.<\/p>\n<p>&nbsp;<\/p>\n<h3>VERSAND IHRER BESTELLUNG<\/h3>\n<p>Die Bestellungen werden in der Regel innerhalb von zwei (2) bis drei (3) Tagen nach Zahlungseingang versandt. Der Versand erfolgt entweder \u00fcber unseren Kurierdienst oder einen Dritten. Jeder Sendung wird eine Tracking-Nummer zugewiesen.<\/p>\n<p>An Samstagen, Sonntagen sowie an nationalen und kantonalen Feiertagen werden keine Lieferungen vorgenommen.<\/p>\n<p>T&amp;P Group S\u00e0rl kann nicht f\u00fcr Lieferschwierigkeiten im Falle eines Fehlers oder unvollst\u00e4ndiger Angaben in der Bestellung haftbar gemacht werden. Wenn die Ware aufgrund einer falschen oder unvollst\u00e4ndigen Adresse zur\u00fcckgeschickt wurde, kann der Kunde entweder eine neue Sendung w\u00e4hlen, f\u00fcr die er die vollen Kosten tr\u00e4gt, oder eine R\u00fcckerstattung der Bestellung nach Abzug der Versandgeb\u00fchren.<\/p>\n<p>Die Versandgeb\u00fchren umfassen die Kosten f\u00fcr Bearbeitung und Verpackung sowie die Lieferkosten. Die Bearbeitungsgeb\u00fchren sind pauschal, w\u00e4hrend die Liefergeb\u00fchren je nach Gesamtgewicht des Pakets variieren. Wir empfehlen Ihnen, alle Ihre Artikel in einer einzigen Bestellung zusammenzufassen. Es ist uns nicht m\u00f6glich, zwei getrennte Bestellungen zusammenzufassen, so dass f\u00fcr jede einzelne Bestellung Versandkosten anfallen.<\/p>\n<p>Die Waren reisen auf Risiko des K\u00e4ufers. Die T&amp;P Group S\u00e0rl kann nicht f\u00fcr Fehler des Post- oder Transportdienstes haftbar gemacht werden.<\/p>\n<p>Lieferungen werden nur in der Schweiz durchgef\u00fchrt. Die Lieferung erfolgt an die vom Kunden angegebene Lieferadresse.<\/p>\n<p>&nbsp;<\/p>\n<h3>LIEFERZEIT<\/h3>\n<p>Bestellungen werden in der Regel innerhalb von zwei (2) bis drei (3) Tagen nach Zahlungseingang versandt. Es kann sein, dass wir Ihre Angaben bei Ihrem Kartenaussteller \u00fcberpr\u00fcfen m\u00fcssen, bevor wir Ihre Bestellung versenden. Wir werden unser Bestes tun, um diese Zeitspanne zu verk\u00fcrzen. Die Lieferzeit wird ab dem Zeitpunkt berechnet, an dem Ihre Bestellung angenommen wurde und die Zahlung eingegangen ist. Diese Zeit schlie\u00dft einen 24-Stunden-Zeitraum w\u00e4hrend der \u00d6ffnungstage ein, au\u00dfer im Falle h\u00f6herer Gewalt, in dem Ihre Artikel von unserem Lager aus bearbeitet und versandt werden. F\u00fcr Artikel, die nicht auf Lager sind, wird Ihnen eine gesonderte Lieferzeit mitgeteilt. Wir arbeiten eng mit unserem Lieferpartner zusammen, um die Lieferzeiten so weit wie m\u00f6glich zu verk\u00fcrzen. Sie sollten davon ausgehen, dass Sie Ihre Artikel innerhalb von f\u00fcnf (5) bis sechs (6) Werktagen erhalten, sofern sie vorr\u00e4tig sind.<\/p>\n<p>An Samstagen, Sonntagen sowie an nationalen und kantonalen Feiertagen werden keine Lieferungen vorgenommen.<\/p>\n<p>Die Lieferzeit wird ab dem Zeitpunkt berechnet, an dem Ihre Bestellung angenommen wurde und die Zahlung eingegangen ist.<\/p>\n<p>Wenn die angegebene Adresse falsch war, ist der K\u00e4ufer allein verantwortlich f\u00fcr die Folgen (Lieferverz\u00f6gerungen, zus\u00e4tzliche Kosten f\u00fcr die Lieferung).<\/p>\n<p>&nbsp;<\/p>\n<h3>VERSANDKOSTEN<\/h3>\n<p>F\u00fcr E-Commerce-Bestellungen bei JAYA oder der T&amp;P Group S\u00e0rl werden keine Lieferkosten in Rechnung gestellt.<\/p>\n<p>&nbsp;<\/p>\n<h3>SCHIFFFAHRTSGESETZGEBUNG<\/h3>\n<p>Die Bestellungen unterliegen der geltenden Schweizer Gesetzgebung.<\/p>\n<p>Benutzer, die \u00fcber die Website von Jaya Prosecco oder T&amp;P Group S\u00e0rl bestellen, verpflichten sich, den Artikel 13681 des Schweizerischen Strafgesetzbuches bez\u00fcglich des Verkaufs von Alkohol einzuhalten, der besagt, dass der Verkauf von Spirituosen, Aperitifs und Alkopops an Personen unter achtzehn (18) Jahren und der Verkauf von Weinen, Apfelweinen und Bieren an Personen unter sechzehn (16) Jahren verboten ist. Die K\u00e4ufer best\u00e4tigen daher, dass sie das f\u00fcr die Bestellung erforderliche Alter erreicht haben und dass sie nicht unter Vormundschaft oder Pflegschaft stehen.<\/p>\n<p>F\u00fcr jede Bestellung, die f\u00fcr ein anderes Land als die Schweiz bestimmt ist, sollte sich der Kunde mit der T&amp;P Group S\u00e0rl in Verbindung setzen, um weitere Informationen \u00fcber die M\u00f6glichkeit der internationalen Lieferung zu erhalten.<\/p>\n<p>T&amp;P Group S\u00e0rl hat ein R\u00fccktrittsrecht, wenn die Bestellung f\u00fcr ein Land bestimmt ist, in dem die Einfuhr von Alkohol oder Wein gesetzlich verboten ist.<\/p>\n<p>Bestellungen f\u00fcr die Ausfuhr unterliegen den Rechtsvorschriften des Empf\u00e4ngerlandes.<\/p>\n<p>&nbsp;<\/p>\n<h3>QUALIT\u00c4T, M\u00c4NGEL UND M\u00c4NGELR\u00dcGE<\/h3>\n<p>T&amp;P Group S\u00e0rl unternimmt alle Anstrengungen, um sicherzustellen, dass die in ihrem Besitz befindlichen Weine unter ordnungsgem\u00e4\u00dfen Bedingungen aufbewahrt und gelagert werden, kann jedoch nicht f\u00fcr den Zustand und die Beschaffenheit der Weine sowie f\u00fcr die aufgrund der Beschreibung erwartete Qualit\u00e4t verantwortlich gemacht werden. Gem\u00e4ss den Bestimmungen der Association Suisse du Commerce du Vin (Schweizerischer Weinhandelsverband) werden defekte Flaschen nur ersetzt, wenn die schweizerischen oder ausl\u00e4ndischen Weine in der Schweiz abgef\u00fcllt wurden, und zwar bis zu einem Jahr nach dem Kauf. F\u00fcr ausl\u00e4ndische Weine, die im Herstellungsland oder anderswo abgef\u00fcllt wurden, wird kein Ersatz oder keine R\u00fcckerstattung geleistet. Jeder Mangel oder jede Unregelm\u00e4ssigkeit muss der T&amp;P Group S\u00e0rl innerhalb von maximal 8 Tagen nach Abholung oder Erhalt der Ware mitgeteilt werden.<\/p>\n<p>&nbsp;<\/p>\n<h3>WEBSITE-SICHERHEIT<\/h3>\n<p>Um sicherzustellen, dass Ihr Einkaufserlebnis einfach und sicher ist, verwendet T&amp;P GROUP die Secure Socket Layer (SSL) Technologie. Diese verschl\u00fcsselt und sch\u00fctzt die Daten, die Sie \u00fcber das Internet an uns senden. Wenn SSL aktiviert ist, sehen Sie oben in Ihrem Browser ein Vorh\u00e4ngeschloss. Sie k\u00f6nnen darauf klicken, um Informationen \u00fcber das digitale SSL-Zertifikat zu erhalten.<\/p>\n<p>Wir weisen Sie darauf hin, dass Ihre Daten in einer Datei gespeichert werden, f\u00fcr die die T&amp;P Gruppe verantwortlich ist, um die Verpflichtungen, die sich aus der Beziehung zwischen uns ergeben, erf\u00fcllen zu k\u00f6nnen. Wenn Sie es w\u00fcnschen, k\u00f6nnen Sie Ihre Rechte auf Zugang, Berichtigung, L\u00f6schung und Widerspruch aus\u00fcben, indem Sie an die folgende E-Mail-Adresse schreiben: info@t-p-group.com.<\/p>\n<p>&nbsp;<\/p>\n<h3>NICHT VERTRAGSGEM\u00c4SSE FOTOS<\/h3>\n<p>Die Fotos und Illustrationen dienen nur zu Informationszwecken und haben keinen vertraglichen Wert. Der Bildnachweis erscheint am unteren Rand jedes Fotos oder ist, wenn er nicht erw\u00e4hnt wird, Eigentum der T&amp;P Group S\u00e0rl.<\/p>\n<p>&nbsp;<\/p>\n<h3>STREITIGKEITEN, ANWENDBARES RECHT UND GERICHTSBARKEIT<\/h3>\n<p>Im Falle eines Rechtsstreits sollte der K\u00e4ufer zuerst mit T&amp;P Group S\u00e0rl Cellar Kontakt aufnehmen, um eine g\u00fctliche L\u00f6sung zu finden. Die vorliegenden Verkaufsbedingungen unterliegen dem Schweizer Recht. F\u00fcr Streitigkeiten im Zusammenhang mit einem im Rahmen der vorliegenden allgemeinen Verkaufsbedingungen abgeschlossenen Verkauf sind ausschliesslich die Gerichte des Kantons Waadt zust\u00e4ndig, unter Vorbehalt einer m\u00f6glichen Beschwerde beim Bundesgericht.<\/p>","protected":false},"excerpt":{"rendered":"<p>GENERALITIES &amp; APPLICATION OF THE GENERAL TERMS AND CONDITIONS OF SALE (GTC) Confirmation of the order implies full acceptance of the GTC by the customer. In the absence of any other written agreement between the seller and the customer, these GTC shall prevail. With the exception of specific cases, this document does not require a handwritten signature to conclude a sale, confirmation of the order by the customer is deemed to be an approval of the contents of the GTC. In the event of a change to the GTC, the conditions that apply shall be those outlined on the website at the time the order was placed. These GTC are governed by and subject to the application of Swiss law. The products on the T&amp;P Group S\u00e0rl website are listed for sale in Switzerland. The photos and illustrations are not contractual. The details and explanations given are for information purposes only. They are not a contractual document. Our offers are exclusively reserved for customers who have attained the age of majority and are capable of discernment (that is, not under guardianship or curatorship). In accordance with Article 13681 of the Swiss Penal Code, the sale of spirits, aperitifs and alcopops in quantities likely to endanger health is prohibited to persons under the age of eighteen (18 years old). The sale of wines, ciders and beers is prohibited to persons under the age of sixteen (16 years old). The buyer undertakes to certify that they have attained the legal minimum age required. Alcohol abuse is dangerous to health. Drink and enjoy in moderation. &nbsp; VALIDATION OF THE ORDER The orders are not definitive and are not prepared until receipt of payment and the full contact details of the buyer and the recipient of the order. Preparation of the order is subject [&hellip;]<\/p>\n","protected":false},"author":1,"featured_media":0,"parent":0,"menu_order":15,"comment_status":"closed","ping_status":"closed","template":"","meta":{"_acf_changed":false,"footnotes":""},"class_list":["post-10427","page","type-page","status-publish","hentry"],"acf":[],"yoast_head":"<!-- This site is optimized with the Yoast SEO plugin v27.3 - https:\/\/yoast.com\/product\/yoast-seo-wordpress\/ -->\n<title>Sales Terms | JAYA Prosecco<\/title>\n<meta name=\"robots\" content=\"index, follow, max-snippet:-1, max-image-preview:large, max-video-preview:-1\" \/>\n<link rel=\"canonical\" href=\"https:\/\/jaya-prosecco.com\/de\/verkaufsbedingungen\/\" \/>\n<meta property=\"og:locale\" content=\"de_DE\" \/>\n<meta property=\"og:type\" content=\"article\" \/>\n<meta property=\"og:title\" content=\"Sales Terms | JAYA Prosecco\" \/>\n<meta property=\"og:description\" content=\"GENERALITIES &amp; APPLICATION OF THE GENERAL TERMS AND CONDITIONS OF SALE (GTC) Confirmation of the order implies full acceptance of the GTC by the customer. In the absence of any other written agreement between the seller and the customer, these GTC shall prevail. With the exception of specific cases, this document does not require a handwritten signature to conclude a sale, confirmation of the order by the customer is deemed to be an approval of the contents of the GTC. In the event of a change to the GTC, the conditions that apply shall be those outlined on the website at the time the order was placed. These GTC are governed by and subject to the application of Swiss law. The products on the T&amp;P Group S\u00e0rl website are listed for sale in Switzerland. The photos and illustrations are not contractual. The details and explanations given are for information purposes only. They are not a contractual document. Our offers are exclusively reserved for customers who have attained the age of majority and are capable of discernment (that is, not under guardianship or curatorship). In accordance with Article 13681 of the Swiss Penal Code, the sale of spirits, aperitifs and alcopops in quantities likely to endanger health is prohibited to persons under the age of eighteen (18 years old). The sale of wines, ciders and beers is prohibited to persons under the age of sixteen (16 years old). The buyer undertakes to certify that they have attained the legal minimum age required. Alcohol abuse is dangerous to health. Drink and enjoy in moderation. &nbsp; VALIDATION OF THE ORDER The orders are not definitive and are not prepared until receipt of payment and the full contact details of the buyer and the recipient of the order. Preparation of the order is subject [&hellip;]\" \/>\n<meta property=\"og:url\" content=\"https:\/\/jaya-prosecco.com\/de\/verkaufsbedingungen\/\" \/>\n<meta property=\"og:site_name\" content=\"JAYA Prosecco\" \/>\n<meta property=\"article:modified_time\" content=\"2025-08-27T14:57:41+00:00\" \/>\n<meta name=\"twitter:card\" content=\"summary_large_image\" \/>\n<meta name=\"twitter:label1\" content=\"Gesch\u00e4tzte Lesezeit\" \/>\n\t<meta name=\"twitter:data1\" content=\"7\u00a0Minuten\" \/>\n<script type=\"application\/ld+json\" class=\"yoast-schema-graph\">{\"@context\":\"https:\\\/\\\/schema.org\",\"@graph\":[{\"@type\":\"WebPage\",\"@id\":\"https:\\\/\\\/jaya-prosecco.com\\\/sales-terms\\\/\",\"url\":\"https:\\\/\\\/jaya-prosecco.com\\\/sales-terms\\\/\",\"name\":\"Sales Terms | JAYA Prosecco\",\"isPartOf\":{\"@id\":\"https:\\\/\\\/jaya-prosecco.com\\\/#website\"},\"datePublished\":\"2020-04-13T07:44:28+00:00\",\"dateModified\":\"2025-08-27T14:57:41+00:00\",\"breadcrumb\":{\"@id\":\"https:\\\/\\\/jaya-prosecco.com\\\/sales-terms\\\/#breadcrumb\"},\"inLanguage\":\"de\",\"potentialAction\":[{\"@type\":\"ReadAction\",\"target\":[\"https:\\\/\\\/jaya-prosecco.com\\\/sales-terms\\\/\"]}]},{\"@type\":\"BreadcrumbList\",\"@id\":\"https:\\\/\\\/jaya-prosecco.com\\\/sales-terms\\\/#breadcrumb\",\"itemListElement\":[{\"@type\":\"ListItem\",\"position\":1,\"name\":\"Home\",\"item\":\"https:\\\/\\\/jaya-prosecco.com\\\/\"},{\"@type\":\"ListItem\",\"position\":2,\"name\":\"Sales Terms\"}]},{\"@type\":\"WebSite\",\"@id\":\"https:\\\/\\\/jaya-prosecco.com\\\/#website\",\"url\":\"https:\\\/\\\/jaya-prosecco.com\\\/\",\"name\":\"JAYA Prosecco\",\"description\":\"Joy of Celebration\",\"publisher\":{\"@id\":\"https:\\\/\\\/jaya-prosecco.com\\\/#organization\"},\"potentialAction\":[{\"@type\":\"SearchAction\",\"target\":{\"@type\":\"EntryPoint\",\"urlTemplate\":\"https:\\\/\\\/jaya-prosecco.com\\\/?s={search_term_string}\"},\"query-input\":{\"@type\":\"PropertyValueSpecification\",\"valueRequired\":true,\"valueName\":\"search_term_string\"}}],\"inLanguage\":\"de\"},{\"@type\":\"Organization\",\"@id\":\"https:\\\/\\\/jaya-prosecco.com\\\/#organization\",\"name\":\"JAYA Prosecco\",\"url\":\"https:\\\/\\\/jaya-prosecco.com\\\/\",\"logo\":{\"@type\":\"ImageObject\",\"inLanguage\":\"de\",\"@id\":\"https:\\\/\\\/jaya-prosecco.com\\\/#\\\/schema\\\/logo\\\/image\\\/\",\"url\":\"https:\\\/\\\/jaya-prosecco.com\\\/wp-content\\\/uploads\\\/2023\\\/04\\\/cropped-cropped-jaya_logo_horizontal_dark_background.png\",\"contentUrl\":\"https:\\\/\\\/jaya-prosecco.com\\\/wp-content\\\/uploads\\\/2023\\\/04\\\/cropped-cropped-jaya_logo_horizontal_dark_background.png\",\"width\":350,\"height\":168,\"caption\":\"JAYA Prosecco\"},\"image\":{\"@id\":\"https:\\\/\\\/jaya-prosecco.com\\\/#\\\/schema\\\/logo\\\/image\\\/\"}}]}<\/script>\n<!-- \/ Yoast SEO plugin. -->","yoast_head_json":{"title":"Verkaufsbedingungen | JAYA Prosecco","robots":{"index":"index","follow":"follow","max-snippet":"max-snippet:-1","max-image-preview":"max-image-preview:large","max-video-preview":"max-video-preview:-1"},"canonical":"https:\/\/jaya-prosecco.com\/de\/verkaufsbedingungen\/","og_locale":"de_DE","og_type":"article","og_title":"Sales Terms | JAYA Prosecco","og_description":"GENERALITIES &amp; APPLICATION OF THE GENERAL TERMS AND CONDITIONS OF SALE (GTC) Confirmation of the order implies full acceptance of the GTC by the customer. In the absence of any other written agreement between the seller and the customer, these GTC shall prevail. With the exception of specific cases, this document does not require a handwritten signature to conclude a sale, confirmation of the order by the customer is deemed to be an approval of the contents of the GTC. In the event of a change to the GTC, the conditions that apply shall be those outlined on the website at the time the order was placed. These GTC are governed by and subject to the application of Swiss law. The products on the T&amp;P Group S\u00e0rl website are listed for sale in Switzerland. The photos and illustrations are not contractual. The details and explanations given are for information purposes only. They are not a contractual document. Our offers are exclusively reserved for customers who have attained the age of majority and are capable of discernment (that is, not under guardianship or curatorship). In accordance with Article 13681 of the Swiss Penal Code, the sale of spirits, aperitifs and alcopops in quantities likely to endanger health is prohibited to persons under the age of eighteen (18 years old). The sale of wines, ciders and beers is prohibited to persons under the age of sixteen (16 years old). The buyer undertakes to certify that they have attained the legal minimum age required. Alcohol abuse is dangerous to health. Drink and enjoy in moderation. &nbsp; VALIDATION OF THE ORDER The orders are not definitive and are not prepared until receipt of payment and the full contact details of the buyer and the recipient of the order. Preparation of the order is subject [&hellip;]","og_url":"https:\/\/jaya-prosecco.com\/de\/verkaufsbedingungen\/","og_site_name":"JAYA Prosecco","article_modified_time":"2025-08-27T14:57:41+00:00","twitter_card":"summary_large_image","twitter_misc":{"Gesch\u00e4tzte Lesezeit":"7\u00a0Minuten"},"schema":{"@context":"https:\/\/schema.org","@graph":[{"@type":"WebPage","@id":"https:\/\/jaya-prosecco.com\/sales-terms\/","url":"https:\/\/jaya-prosecco.com\/sales-terms\/","name":"Verkaufsbedingungen | JAYA Prosecco","isPartOf":{"@id":"https:\/\/jaya-prosecco.com\/#website"},"datePublished":"2020-04-13T07:44:28+00:00","dateModified":"2025-08-27T14:57:41+00:00","breadcrumb":{"@id":"https:\/\/jaya-prosecco.com\/sales-terms\/#breadcrumb"},"inLanguage":"de","potentialAction":[{"@type":"ReadAction","target":["https:\/\/jaya-prosecco.com\/sales-terms\/"]}]},{"@type":"BreadcrumbList","@id":"https:\/\/jaya-prosecco.com\/sales-terms\/#breadcrumb","itemListElement":[{"@type":"ListItem","position":1,"name":"Home","item":"https:\/\/jaya-prosecco.com\/"},{"@type":"ListItem","position":2,"name":"Sales Terms"}]},{"@type":"WebSite","@id":"https:\/\/jaya-prosecco.com\/#website","url":"https:\/\/jaya-prosecco.com\/","name":"JAYA Prosecco","description":"Freude am Feiern","publisher":{"@id":"https:\/\/jaya-prosecco.com\/#organization"},"potentialAction":[{"@type":"SearchAction","target":{"@type":"EntryPoint","urlTemplate":"https:\/\/jaya-prosecco.com\/?s={search_term_string}"},"query-input":{"@type":"PropertyValueSpecification","valueRequired":true,"valueName":"search_term_string"}}],"inLanguage":"de"},{"@type":"Organization","@id":"https:\/\/jaya-prosecco.com\/#organization","name":"JAYA Prosecco","url":"https:\/\/jaya-prosecco.com\/","logo":{"@type":"ImageObject","inLanguage":"de","@id":"https:\/\/jaya-prosecco.com\/#\/schema\/logo\/image\/","url":"https:\/\/jaya-prosecco.com\/wp-content\/uploads\/2023\/04\/cropped-cropped-jaya_logo_horizontal_dark_background.png","contentUrl":"https:\/\/jaya-prosecco.com\/wp-content\/uploads\/2023\/04\/cropped-cropped-jaya_logo_horizontal_dark_background.png","width":350,"height":168,"caption":"JAYA Prosecco"},"image":{"@id":"https:\/\/jaya-prosecco.com\/#\/schema\/logo\/image\/"}}]}},"_links":{"self":[{"href":"https:\/\/jaya-prosecco.com\/de\/wp-json\/wp\/v2\/pages\/10427","targetHints":{"allow":["GET"]}}],"collection":[{"href":"https:\/\/jaya-prosecco.com\/de\/wp-json\/wp\/v2\/pages"}],"about":[{"href":"https:\/\/jaya-prosecco.com\/de\/wp-json\/wp\/v2\/types\/page"}],"author":[{"embeddable":true,"href":"https:\/\/jaya-prosecco.com\/de\/wp-json\/wp\/v2\/users\/1"}],"replies":[{"embeddable":true,"href":"https:\/\/jaya-prosecco.com\/de\/wp-json\/wp\/v2\/comments?post=10427"}],"version-history":[{"count":1,"href":"https:\/\/jaya-prosecco.com\/de\/wp-json\/wp\/v2\/pages\/10427\/revisions"}],"predecessor-version":[{"id":47540,"href":"https:\/\/jaya-prosecco.com\/de\/wp-json\/wp\/v2\/pages\/10427\/revisions\/47540"}],"wp:attachment":[{"href":"https:\/\/jaya-prosecco.com\/de\/wp-json\/wp\/v2\/media?parent=10427"}],"curies":[{"name":"wp","href":"https:\/\/api.w.org\/{rel}","templated":true}]}}