{"id":14071,"date":"2020-04-06T09:52:25","date_gmt":"2020-04-06T09:52:25","guid":{"rendered":"https:\/\/jaya-prosecco.com\/?post_type=product&#038;p=14071"},"modified":"2024-03-10T17:55:59","modified_gmt":"2024-03-10T17:55:59","slug":"cartone-misto-di-jaya-spumante-jaya-dei-colli-extra-dry-docg","status":"publish","type":"product","link":"http:\/\/jaya-prosecco.com\/it\/product\/mixed-carton-of-jaya-spumante-jaya-dei-colli-extra-dry-docg\/","title":{"rendered":"Cartone misto 3x dei Colli | 3x Spumante"},"content":{"rendered":"<p>Scoprite la nostra variet\u00e0 di prosecchi con questa valigetta mix JAYA.<\/p>\n<p><strong>Variet\u00e0 d'uva<\/strong> : 100% Glera<\/p>\n<p><strong>Aromi<\/strong> : Le fini bollicine sprigioneranno il carattere raffinato del JAYA dei Colli Valdobbiadene Superiore Extra Dry DOCG e la freschezza delle uve. Un fuoco d'artificio di bollicine riveler\u00e0 tutta l'eleganza e la sontuosit\u00e0 di questo Spumante di alta qualit\u00e0. Vendemmiato a mano nella prima met\u00e0 di settembre, lo Spumante JAYA \u00e8 una ninna nanna composta dalla mineralit\u00e0 delle colline e dalla freschezza della mela verde.<\/p>","protected":false},"excerpt":{"rendered":"<p class=\"price2\"><span class=\"woocommerce-Price-amount amount\"><span class=\"woocommerce-Price-currencySymbol2\">CHF<\/span> 108,00.- \/ prezzo per 1 cartone<\/span><\/p>\n<p><em style=\"font-size: 16px; color: #111 !important;\">* L'ordine minimo per questo prodotto \u00e8 di 1 cartone composto da:<\/em><\/p>\n<ul>\n<li><em style=\"font-size: 16px; color: #111 !important;\"> 3 bottiglie di JAYA dei Colli Valdobbiadene Superiore Extra Dry DOCG<\/em><\/li>\n<li><em style=\"font-size: 16px; color: #111 !important;\">3 bottiglie di Spumante JAYA. <\/em><\/li>\n<\/ul>\n<p>&nbsp;<\/p>\n<p><em style=\"font-size: 16px; color: #111 !important;\">1 bottiglia contiene 75 cl di Prosecco. <\/em><\/p>","protected":false},"featured_media":44273,"template":"","meta":{"_acf_changed":false},"product_brand":[],"product_cat":[140],"product_tag":[],"class_list":{"0":"post-14071","1":"product","2":"type-product","3":"status-publish","4":"has-post-thumbnail","6":"product_cat-mixed","8":"first","9":"instock","10":"taxable","11":"shipping-taxable","12":"purchasable","13":"product-type-woosb"},"acf":[],"yoast_head":"<!-- This site is optimized with the Yoast SEO plugin v27.3 - https:\/\/yoast.com\/product\/yoast-seo-wordpress\/ -->\n<title>Mixed carton 3x dei Colli | 3x Spumante | JAYA Prosecco<\/title>\n<meta name=\"robots\" content=\"index, follow, max-snippet:-1, max-image-preview:large, max-video-preview:-1\" \/>\n<link rel=\"canonical\" href=\"https:\/\/jaya-prosecco.com\/it\/prodotto\/cartone-misto-di-jaya-spumante-jaya-dei-colli-extra-dry-docg\/\" \/>\n<meta property=\"og:locale\" content=\"it_IT\" \/>\n<meta property=\"og:type\" content=\"article\" \/>\n<meta property=\"og:title\" content=\"Mixed carton 3x dei Colli | 3x Spumante | JAYA Prosecco\" \/>\n<meta property=\"og:description\" content=\"CHF 108.00.- \/ price per 1 carton * Minimum order for this product is 1 carton that consists of:    3 bottles of JAYA dei Colli Valdobbiadene Superiore Extra Dry DOCG  3 bottles of JAYA Spumante.   &nbsp;  1 bottle contains 75 cl of Prosecco.\" \/>\n<meta property=\"og:url\" content=\"https:\/\/jaya-prosecco.com\/it\/prodotto\/cartone-misto-di-jaya-spumante-jaya-dei-colli-extra-dry-docg\/\" \/>\n<meta property=\"og:site_name\" content=\"JAYA Prosecco\" \/>\n<meta property=\"article:modified_time\" content=\"2024-03-10T17:55:59+00:00\" \/>\n<meta property=\"og:image\" content=\"https:\/\/jaya-prosecco.com\/wp-content\/uploads\/2020\/04\/jaya_boite_3x3_dry_spu-png-1024x692.png\" \/>\n\t<meta property=\"og:image:width\" content=\"1024\" \/>\n\t<meta property=\"og:image:height\" content=\"692\" \/>\n\t<meta property=\"og:image:type\" content=\"image\/png\" \/>\n<meta name=\"twitter:card\" content=\"summary_large_image\" \/>\n<meta name=\"twitter:label1\" content=\"Tempo di lettura stimato\" \/>\n\t<meta name=\"twitter:data1\" content=\"1 minuto\" \/>\n<script type=\"application\/ld+json\" class=\"yoast-schema-graph\">{\"@context\":\"https:\\\/\\\/schema.org\",\"@graph\":[{\"@type\":\"WebPage\",\"@id\":\"https:\\\/\\\/jaya-prosecco.com\\\/product\\\/mixed-carton-of-jaya-spumante-jaya-dei-colli-extra-dry-docg\\\/\",\"url\":\"https:\\\/\\\/jaya-prosecco.com\\\/product\\\/mixed-carton-of-jaya-spumante-jaya-dei-colli-extra-dry-docg\\\/\",\"name\":\"Mixed carton 3x dei Colli | 3x Spumante | JAYA Prosecco\",\"isPartOf\":{\"@id\":\"https:\\\/\\\/jaya-prosecco.com\\\/#website\"},\"primaryImageOfPage\":{\"@id\":\"https:\\\/\\\/jaya-prosecco.com\\\/product\\\/mixed-carton-of-jaya-spumante-jaya-dei-colli-extra-dry-docg\\\/#primaryimage\"},\"image\":{\"@id\":\"https:\\\/\\\/jaya-prosecco.com\\\/product\\\/mixed-carton-of-jaya-spumante-jaya-dei-colli-extra-dry-docg\\\/#primaryimage\"},\"thumbnailUrl\":\"https:\\\/\\\/jaya-prosecco.com\\\/wp-content\\\/uploads\\\/2020\\\/04\\\/jaya_boite_3x3_dry_spu-png.png\",\"datePublished\":\"2020-04-06T09:52:25+00:00\",\"dateModified\":\"2024-03-10T17:55:59+00:00\",\"breadcrumb\":{\"@id\":\"https:\\\/\\\/jaya-prosecco.com\\\/product\\\/mixed-carton-of-jaya-spumante-jaya-dei-colli-extra-dry-docg\\\/#breadcrumb\"},\"inLanguage\":\"it-IT\",\"potentialAction\":[{\"@type\":\"ReadAction\",\"target\":[\"https:\\\/\\\/jaya-prosecco.com\\\/product\\\/mixed-carton-of-jaya-spumante-jaya-dei-colli-extra-dry-docg\\\/\"]}]},{\"@type\":\"ImageObject\",\"inLanguage\":\"it-IT\",\"@id\":\"https:\\\/\\\/jaya-prosecco.com\\\/product\\\/mixed-carton-of-jaya-spumante-jaya-dei-colli-extra-dry-docg\\\/#primaryimage\",\"url\":\"https:\\\/\\\/jaya-prosecco.com\\\/wp-content\\\/uploads\\\/2020\\\/04\\\/jaya_boite_3x3_dry_spu-png.png\",\"contentUrl\":\"https:\\\/\\\/jaya-prosecco.com\\\/wp-content\\\/uploads\\\/2020\\\/04\\\/jaya_boite_3x3_dry_spu-png.png\",\"width\":7440,\"height\":5029},{\"@type\":\"BreadcrumbList\",\"@id\":\"https:\\\/\\\/jaya-prosecco.com\\\/product\\\/mixed-carton-of-jaya-spumante-jaya-dei-colli-extra-dry-docg\\\/#breadcrumb\",\"itemListElement\":[{\"@type\":\"ListItem\",\"position\":1,\"name\":\"Home\",\"item\":\"https:\\\/\\\/jaya-prosecco.com\\\/\"},{\"@type\":\"ListItem\",\"position\":2,\"name\":\"Shop Online\",\"item\":\"https:\\\/\\\/jaya-prosecco.com\\\/shop-online\\\/\"},{\"@type\":\"ListItem\",\"position\":3,\"name\":\"Mixed carton 3x dei Colli | 3x Spumante\"}]},{\"@type\":\"WebSite\",\"@id\":\"https:\\\/\\\/jaya-prosecco.com\\\/#website\",\"url\":\"https:\\\/\\\/jaya-prosecco.com\\\/\",\"name\":\"JAYA Prosecco\",\"description\":\"Joy of Celebration\",\"publisher\":{\"@id\":\"https:\\\/\\\/jaya-prosecco.com\\\/#organization\"},\"potentialAction\":[{\"@type\":\"SearchAction\",\"target\":{\"@type\":\"EntryPoint\",\"urlTemplate\":\"https:\\\/\\\/jaya-prosecco.com\\\/?s={search_term_string}\"},\"query-input\":{\"@type\":\"PropertyValueSpecification\",\"valueRequired\":true,\"valueName\":\"search_term_string\"}}],\"inLanguage\":\"it-IT\"},{\"@type\":\"Organization\",\"@id\":\"https:\\\/\\\/jaya-prosecco.com\\\/#organization\",\"name\":\"JAYA Prosecco\",\"url\":\"https:\\\/\\\/jaya-prosecco.com\\\/\",\"logo\":{\"@type\":\"ImageObject\",\"inLanguage\":\"it-IT\",\"@id\":\"https:\\\/\\\/jaya-prosecco.com\\\/#\\\/schema\\\/logo\\\/image\\\/\",\"url\":\"https:\\\/\\\/jaya-prosecco.com\\\/wp-content\\\/uploads\\\/2023\\\/04\\\/cropped-cropped-jaya_logo_horizontal_dark_background.png\",\"contentUrl\":\"https:\\\/\\\/jaya-prosecco.com\\\/wp-content\\\/uploads\\\/2023\\\/04\\\/cropped-cropped-jaya_logo_horizontal_dark_background.png\",\"width\":350,\"height\":168,\"caption\":\"JAYA Prosecco\"},\"image\":{\"@id\":\"https:\\\/\\\/jaya-prosecco.com\\\/#\\\/schema\\\/logo\\\/image\\\/\"}}]}<\/script>\n<!-- \/ Yoast SEO plugin. -->","yoast_head_json":{"title":"Cartone misto 3x dei Colli | 3x Spumante | JAYA Prosecco","robots":{"index":"index","follow":"follow","max-snippet":"max-snippet:-1","max-image-preview":"max-image-preview:large","max-video-preview":"max-video-preview:-1"},"canonical":"https:\/\/jaya-prosecco.com\/it\/prodotto\/cartone-misto-di-jaya-spumante-jaya-dei-colli-extra-dry-docg\/","og_locale":"it_IT","og_type":"article","og_title":"Mixed carton 3x dei Colli | 3x Spumante | JAYA Prosecco","og_description":"CHF 108.00.- \/ price per 1 carton * Minimum order for this product is 1 carton that consists of:    3 bottles of JAYA dei Colli Valdobbiadene Superiore Extra Dry DOCG  3 bottles of JAYA Spumante.   &nbsp;  1 bottle contains 75 cl of Prosecco.","og_url":"https:\/\/jaya-prosecco.com\/it\/prodotto\/cartone-misto-di-jaya-spumante-jaya-dei-colli-extra-dry-docg\/","og_site_name":"JAYA Prosecco","article_modified_time":"2024-03-10T17:55:59+00:00","og_image":[{"width":1024,"height":692,"url":"https:\/\/jaya-prosecco.com\/wp-content\/uploads\/2020\/04\/jaya_boite_3x3_dry_spu-png-1024x692.png","type":"image\/png"}],"twitter_card":"summary_large_image","twitter_misc":{"Tempo di lettura stimato":"1 minuto"},"schema":{"@context":"https:\/\/schema.org","@graph":[{"@type":"WebPage","@id":"https:\/\/jaya-prosecco.com\/product\/mixed-carton-of-jaya-spumante-jaya-dei-colli-extra-dry-docg\/","url":"https:\/\/jaya-prosecco.com\/product\/mixed-carton-of-jaya-spumante-jaya-dei-colli-extra-dry-docg\/","name":"Cartone misto 3x dei Colli | 3x Spumante | JAYA Prosecco","isPartOf":{"@id":"https:\/\/jaya-prosecco.com\/#website"},"primaryImageOfPage":{"@id":"https:\/\/jaya-prosecco.com\/product\/mixed-carton-of-jaya-spumante-jaya-dei-colli-extra-dry-docg\/#primaryimage"},"image":{"@id":"https:\/\/jaya-prosecco.com\/product\/mixed-carton-of-jaya-spumante-jaya-dei-colli-extra-dry-docg\/#primaryimage"},"thumbnailUrl":"https:\/\/jaya-prosecco.com\/wp-content\/uploads\/2020\/04\/jaya_boite_3x3_dry_spu-png.png","datePublished":"2020-04-06T09:52:25+00:00","dateModified":"2024-03-10T17:55:59+00:00","breadcrumb":{"@id":"https:\/\/jaya-prosecco.com\/product\/mixed-carton-of-jaya-spumante-jaya-dei-colli-extra-dry-docg\/#breadcrumb"},"inLanguage":"it-IT","potentialAction":[{"@type":"ReadAction","target":["https:\/\/jaya-prosecco.com\/product\/mixed-carton-of-jaya-spumante-jaya-dei-colli-extra-dry-docg\/"]}]},{"@type":"ImageObject","inLanguage":"it-IT","@id":"https:\/\/jaya-prosecco.com\/product\/mixed-carton-of-jaya-spumante-jaya-dei-colli-extra-dry-docg\/#primaryimage","url":"https:\/\/jaya-prosecco.com\/wp-content\/uploads\/2020\/04\/jaya_boite_3x3_dry_spu-png.png","contentUrl":"https:\/\/jaya-prosecco.com\/wp-content\/uploads\/2020\/04\/jaya_boite_3x3_dry_spu-png.png","width":7440,"height":5029},{"@type":"BreadcrumbList","@id":"https:\/\/jaya-prosecco.com\/product\/mixed-carton-of-jaya-spumante-jaya-dei-colli-extra-dry-docg\/#breadcrumb","itemListElement":[{"@type":"ListItem","position":1,"name":"Home","item":"https:\/\/jaya-prosecco.com\/"},{"@type":"ListItem","position":2,"name":"Shop Online","item":"https:\/\/jaya-prosecco.com\/shop-online\/"},{"@type":"ListItem","position":3,"name":"Mixed carton 3x dei Colli | 3x Spumante"}]},{"@type":"WebSite","@id":"https:\/\/jaya-prosecco.com\/#website","url":"https:\/\/jaya-prosecco.com\/","name":"JAYA Prosecco","description":"La gioia della celebrazione","publisher":{"@id":"https:\/\/jaya-prosecco.com\/#organization"},"potentialAction":[{"@type":"SearchAction","target":{"@type":"EntryPoint","urlTemplate":"https:\/\/jaya-prosecco.com\/?s={search_term_string}"},"query-input":{"@type":"PropertyValueSpecification","valueRequired":true,"valueName":"search_term_string"}}],"inLanguage":"it-IT"},{"@type":"Organization","@id":"https:\/\/jaya-prosecco.com\/#organization","name":"JAYA Prosecco","url":"https:\/\/jaya-prosecco.com\/","logo":{"@type":"ImageObject","inLanguage":"it-IT","@id":"https:\/\/jaya-prosecco.com\/#\/schema\/logo\/image\/","url":"https:\/\/jaya-prosecco.com\/wp-content\/uploads\/2023\/04\/cropped-cropped-jaya_logo_horizontal_dark_background.png","contentUrl":"https:\/\/jaya-prosecco.com\/wp-content\/uploads\/2023\/04\/cropped-cropped-jaya_logo_horizontal_dark_background.png","width":350,"height":168,"caption":"JAYA Prosecco"},"image":{"@id":"https:\/\/jaya-prosecco.com\/#\/schema\/logo\/image\/"}}]}},"_links":{"self":[{"href":"http:\/\/jaya-prosecco.com\/it\/wp-json\/wp\/v2\/product\/14071","targetHints":{"allow":["GET"]}}],"collection":[{"href":"http:\/\/jaya-prosecco.com\/it\/wp-json\/wp\/v2\/product"}],"about":[{"href":"http:\/\/jaya-prosecco.com\/it\/wp-json\/wp\/v2\/types\/product"}],"wp:featuredmedia":[{"embeddable":true,"href":"http:\/\/jaya-prosecco.com\/it\/wp-json\/wp\/v2\/media\/44273"}],"wp:attachment":[{"href":"http:\/\/jaya-prosecco.com\/it\/wp-json\/wp\/v2\/media?parent=14071"}],"wp:term":[{"taxonomy":"product_brand","embeddable":true,"href":"http:\/\/jaya-prosecco.com\/it\/wp-json\/wp\/v2\/product_brand?post=14071"},{"taxonomy":"product_cat","embeddable":true,"href":"http:\/\/jaya-prosecco.com\/it\/wp-json\/wp\/v2\/product_cat?post=14071"},{"taxonomy":"product_tag","embeddable":true,"href":"http:\/\/jaya-prosecco.com\/it\/wp-json\/wp\/v2\/product_tag?post=14071"}],"curies":[{"name":"wp","href":"https:\/\/api.w.org\/{rel}","templated":true}]}}