{"id":42404,"date":"2023-05-28T10:50:45","date_gmt":"2023-05-28T10:50:45","guid":{"rendered":"https:\/\/jaya-prosecco.com\/?post_type=product&#038;p=42404"},"modified":"2025-09-11T10:43:52","modified_gmt":"2025-09-11T10:43:52","slug":"jaya-rose","status":"publish","type":"product","link":"http:\/\/jaya-prosecco.com\/fr\/product\/jaya-rose\/","title":{"rendered":"Jaya Ros\u00e9"},"content":{"rendered":"<p><span style=\"font-weight: 400;\">Lorsque vous regardez JAYA Ros\u00e9, vous remarquez un m\u00e9lange subtil de teintes corail et rose saumon\u00e9. Ce vin pr\u00e9sente un caract\u00e8re \u00e9l\u00e9gant et p\u00e9tillant, associ\u00e9 \u00e0 une structure fine et d\u00e9licate. L'attaque fra\u00eeche et vive de ce vin souple, marqu\u00e9e par la douceur de la Glera et l'assemblage aromatique, fait de ce spumante un vin \u00e0 la fois rond et d\u00e9licat. JAYA Ros\u00e9 repr\u00e9sente la quintessence de JAYA avec le meilleur c\u00e9page de la r\u00e9gion, cr\u00e9ant un nectar exquis.<\/span><\/p>","protected":false},"excerpt":{"rendered":"<p><span class=\"TextRun SCXW155795148 BCX0\" lang=\"EN-GB\" xml:lang=\"EN-GB\" data-contrast=\"auto\"><span class=\"NormalTextRun SCXW155795148 BCX0\" data-ccp-charstyle=\"Subtle Emphasis\">JAYA Ros\u00e9 <\/span><span class=\"NormalTextRun SCXW155795148 BCX0\" data-ccp-charstyle=\"Subtle Emphasis\">repr\u00e9sente<\/span><span class=\"NormalTextRun SCXW155795148 BCX0\" data-ccp-charstyle=\"Subtle Emphasis\"> la quintessence de JAYA avec le meilleur c\u00e9page de la r\u00e9gion, cr\u00e9ant ainsi un nectar exquis.<\/span> <span class=\"NormalTextRun SCXW155795148 BCX0\" data-ccp-charstyle=\"Subtle Emphasis\">Lorsque vous regardez JAYA Ros\u00e9, <\/span><span class=\"NormalTextRun SCXW155795148 BCX0\" data-ccp-charstyle=\"Subtle Emphasis\">vous<\/span><span class=\"NormalTextRun SCXW155795148 BCX0\" data-ccp-charstyle=\"Subtle Emphasis\"> Ce vin pr\u00e9sente un m\u00e9lange subtil de teintes corail et rose saumon\u00e9. Ce vin pr\u00e9sente un caract\u00e8re \u00e9l\u00e9gant et p\u00e9tillant, associ\u00e9 \u00e0 une structure fine et d\u00e9licate. L'attaque fra\u00eeche et vive de ce vin souple, marqu\u00e9e par la douceur de la Glera et l'assemblage aromatique, font de ce spumante un vin \u00e0 la fois rond et d\u00e9licat.<\/span><\/span><\/p>","protected":false},"featured_media":44610,"template":"","meta":{"_acf_changed":false},"product_brand":[],"product_cat":[140,97,131],"product_tag":[],"class_list":{"0":"post-42404","1":"product","2":"type-product","3":"status-publish","4":"has-post-thumbnail","6":"product_cat-mixed","7":"product_cat-prosecco","8":"product_cat-rose","10":"first","11":"instock","12":"taxable","13":"shipping-taxable","14":"purchasable","15":"product-type-woosb"},"acf":[],"yoast_head":"<!-- This site is optimized with the Yoast SEO plugin v27.3 - https:\/\/yoast.com\/product\/yoast-seo-wordpress\/ -->\n<title>Jaya Ros\u00e9 | JAYA Prosecco<\/title>\n<meta name=\"robots\" content=\"index, follow, max-snippet:-1, max-image-preview:large, max-video-preview:-1\" \/>\n<link rel=\"canonical\" href=\"https:\/\/jaya-prosecco.com\/fr\/produit\/jaya-rose\/\" \/>\n<meta property=\"og:locale\" content=\"fr_FR\" \/>\n<meta property=\"og:type\" content=\"article\" \/>\n<meta property=\"og:title\" content=\"Jaya Ros\u00e9 | JAYA Prosecco\" \/>\n<meta property=\"og:description\" content=\"JAYA Ros\u00e9 represents the quintessence of JAYA with the best grape variety of the region, creating an exquisite nectar. When you gaze at JAYA Ros\u00e9, you&#039;ll notice a subtle mix of coral and pink salmon hues. This wine boasts an elegant and sparkling character, paired with a fine and delicate structure. A fresh and sharp attack for this supple wine, marked by the gentle Glera and aromatic blend, make this spumante wine both well-rounded and delicate.\" \/>\n<meta property=\"og:url\" content=\"https:\/\/jaya-prosecco.com\/fr\/produit\/jaya-rose\/\" \/>\n<meta property=\"og:site_name\" content=\"JAYA Prosecco\" \/>\n<meta property=\"article:modified_time\" content=\"2025-09-11T10:43:52+00:00\" \/>\n<meta property=\"og:image\" content=\"https:\/\/jaya-prosecco.com\/wp-content\/uploads\/2023\/05\/jaya-rose.webp\" \/>\n\t<meta property=\"og:image:width\" content=\"800\" \/>\n\t<meta property=\"og:image:height\" content=\"600\" \/>\n\t<meta property=\"og:image:type\" content=\"image\/webp\" \/>\n<meta name=\"twitter:card\" content=\"summary_large_image\" \/>\n<meta name=\"twitter:label1\" content=\"Dur\u00e9e de lecture estim\u00e9e\" \/>\n\t<meta name=\"twitter:data1\" content=\"1 minute\" \/>\n<script type=\"application\/ld+json\" class=\"yoast-schema-graph\">{\"@context\":\"https:\\\/\\\/schema.org\",\"@graph\":[{\"@type\":\"WebPage\",\"@id\":\"https:\\\/\\\/jaya-prosecco.com\\\/product\\\/jaya-rose\\\/\",\"url\":\"https:\\\/\\\/jaya-prosecco.com\\\/product\\\/jaya-rose\\\/\",\"name\":\"Jaya Ros\u00e9 | JAYA Prosecco\",\"isPartOf\":{\"@id\":\"https:\\\/\\\/jaya-prosecco.com\\\/#website\"},\"primaryImageOfPage\":{\"@id\":\"https:\\\/\\\/jaya-prosecco.com\\\/product\\\/jaya-rose\\\/#primaryimage\"},\"image\":{\"@id\":\"https:\\\/\\\/jaya-prosecco.com\\\/product\\\/jaya-rose\\\/#primaryimage\"},\"thumbnailUrl\":\"https:\\\/\\\/jaya-prosecco.com\\\/wp-content\\\/uploads\\\/2023\\\/05\\\/jaya-rose.webp\",\"datePublished\":\"2023-05-28T10:50:45+00:00\",\"dateModified\":\"2025-09-11T10:43:52+00:00\",\"breadcrumb\":{\"@id\":\"https:\\\/\\\/jaya-prosecco.com\\\/product\\\/jaya-rose\\\/#breadcrumb\"},\"inLanguage\":\"fr-FR\",\"potentialAction\":[{\"@type\":\"ReadAction\",\"target\":[\"https:\\\/\\\/jaya-prosecco.com\\\/product\\\/jaya-rose\\\/\"]}]},{\"@type\":\"ImageObject\",\"inLanguage\":\"fr-FR\",\"@id\":\"https:\\\/\\\/jaya-prosecco.com\\\/product\\\/jaya-rose\\\/#primaryimage\",\"url\":\"https:\\\/\\\/jaya-prosecco.com\\\/wp-content\\\/uploads\\\/2023\\\/05\\\/jaya-rose.webp\",\"contentUrl\":\"https:\\\/\\\/jaya-prosecco.com\\\/wp-content\\\/uploads\\\/2023\\\/05\\\/jaya-rose.webp\",\"width\":800,\"height\":600},{\"@type\":\"BreadcrumbList\",\"@id\":\"https:\\\/\\\/jaya-prosecco.com\\\/product\\\/jaya-rose\\\/#breadcrumb\",\"itemListElement\":[{\"@type\":\"ListItem\",\"position\":1,\"name\":\"Home\",\"item\":\"https:\\\/\\\/jaya-prosecco.com\\\/\"},{\"@type\":\"ListItem\",\"position\":2,\"name\":\"Shop Online\",\"item\":\"https:\\\/\\\/jaya-prosecco.com\\\/shop-online\\\/\"},{\"@type\":\"ListItem\",\"position\":3,\"name\":\"Jaya Ros\u00e9\"}]},{\"@type\":\"WebSite\",\"@id\":\"https:\\\/\\\/jaya-prosecco.com\\\/#website\",\"url\":\"https:\\\/\\\/jaya-prosecco.com\\\/\",\"name\":\"JAYA Prosecco\",\"description\":\"Joy of Celebration\",\"publisher\":{\"@id\":\"https:\\\/\\\/jaya-prosecco.com\\\/#organization\"},\"potentialAction\":[{\"@type\":\"SearchAction\",\"target\":{\"@type\":\"EntryPoint\",\"urlTemplate\":\"https:\\\/\\\/jaya-prosecco.com\\\/?s={search_term_string}\"},\"query-input\":{\"@type\":\"PropertyValueSpecification\",\"valueRequired\":true,\"valueName\":\"search_term_string\"}}],\"inLanguage\":\"fr-FR\"},{\"@type\":\"Organization\",\"@id\":\"https:\\\/\\\/jaya-prosecco.com\\\/#organization\",\"name\":\"JAYA Prosecco\",\"url\":\"https:\\\/\\\/jaya-prosecco.com\\\/\",\"logo\":{\"@type\":\"ImageObject\",\"inLanguage\":\"fr-FR\",\"@id\":\"https:\\\/\\\/jaya-prosecco.com\\\/#\\\/schema\\\/logo\\\/image\\\/\",\"url\":\"https:\\\/\\\/jaya-prosecco.com\\\/wp-content\\\/uploads\\\/2023\\\/04\\\/cropped-cropped-jaya_logo_horizontal_dark_background.png\",\"contentUrl\":\"https:\\\/\\\/jaya-prosecco.com\\\/wp-content\\\/uploads\\\/2023\\\/04\\\/cropped-cropped-jaya_logo_horizontal_dark_background.png\",\"width\":350,\"height\":168,\"caption\":\"JAYA Prosecco\"},\"image\":{\"@id\":\"https:\\\/\\\/jaya-prosecco.com\\\/#\\\/schema\\\/logo\\\/image\\\/\"}}]}<\/script>\n<!-- \/ Yoast SEO plugin. -->","yoast_head_json":{"title":"Jaya Ros\u00e9 | JAYA Prosecco","robots":{"index":"index","follow":"follow","max-snippet":"max-snippet:-1","max-image-preview":"max-image-preview:large","max-video-preview":"max-video-preview:-1"},"canonical":"https:\/\/jaya-prosecco.com\/fr\/produit\/jaya-rose\/","og_locale":"fr_FR","og_type":"article","og_title":"Jaya Ros\u00e9 | JAYA Prosecco","og_description":"JAYA Ros\u00e9 represents the quintessence of JAYA with the best grape variety of the region, creating an exquisite nectar. When you gaze at JAYA Ros\u00e9, you'll notice a subtle mix of coral and pink salmon hues. This wine boasts an elegant and sparkling character, paired with a fine and delicate structure. A fresh and sharp attack for this supple wine, marked by the gentle Glera and aromatic blend, make this spumante wine both well-rounded and delicate.","og_url":"https:\/\/jaya-prosecco.com\/fr\/produit\/jaya-rose\/","og_site_name":"JAYA Prosecco","article_modified_time":"2025-09-11T10:43:52+00:00","og_image":[{"width":800,"height":600,"url":"https:\/\/jaya-prosecco.com\/wp-content\/uploads\/2023\/05\/jaya-rose.webp","type":"image\/webp"}],"twitter_card":"summary_large_image","twitter_misc":{"Dur\u00e9e de lecture estim\u00e9e":"1 minute"},"schema":{"@context":"https:\/\/schema.org","@graph":[{"@type":"WebPage","@id":"https:\/\/jaya-prosecco.com\/product\/jaya-rose\/","url":"https:\/\/jaya-prosecco.com\/product\/jaya-rose\/","name":"Jaya Ros\u00e9 | JAYA Prosecco","isPartOf":{"@id":"https:\/\/jaya-prosecco.com\/#website"},"primaryImageOfPage":{"@id":"https:\/\/jaya-prosecco.com\/product\/jaya-rose\/#primaryimage"},"image":{"@id":"https:\/\/jaya-prosecco.com\/product\/jaya-rose\/#primaryimage"},"thumbnailUrl":"https:\/\/jaya-prosecco.com\/wp-content\/uploads\/2023\/05\/jaya-rose.webp","datePublished":"2023-05-28T10:50:45+00:00","dateModified":"2025-09-11T10:43:52+00:00","breadcrumb":{"@id":"https:\/\/jaya-prosecco.com\/product\/jaya-rose\/#breadcrumb"},"inLanguage":"fr-FR","potentialAction":[{"@type":"ReadAction","target":["https:\/\/jaya-prosecco.com\/product\/jaya-rose\/"]}]},{"@type":"ImageObject","inLanguage":"fr-FR","@id":"https:\/\/jaya-prosecco.com\/product\/jaya-rose\/#primaryimage","url":"https:\/\/jaya-prosecco.com\/wp-content\/uploads\/2023\/05\/jaya-rose.webp","contentUrl":"https:\/\/jaya-prosecco.com\/wp-content\/uploads\/2023\/05\/jaya-rose.webp","width":800,"height":600},{"@type":"BreadcrumbList","@id":"https:\/\/jaya-prosecco.com\/product\/jaya-rose\/#breadcrumb","itemListElement":[{"@type":"ListItem","position":1,"name":"Home","item":"https:\/\/jaya-prosecco.com\/"},{"@type":"ListItem","position":2,"name":"Shop Online","item":"https:\/\/jaya-prosecco.com\/shop-online\/"},{"@type":"ListItem","position":3,"name":"Jaya Ros\u00e9"}]},{"@type":"WebSite","@id":"https:\/\/jaya-prosecco.com\/#website","url":"https:\/\/jaya-prosecco.com\/","name":"JAYA Prosecco","description":"La joie de la c\u00e9l\u00e9bration","publisher":{"@id":"https:\/\/jaya-prosecco.com\/#organization"},"potentialAction":[{"@type":"SearchAction","target":{"@type":"EntryPoint","urlTemplate":"https:\/\/jaya-prosecco.com\/?s={search_term_string}"},"query-input":{"@type":"PropertyValueSpecification","valueRequired":true,"valueName":"search_term_string"}}],"inLanguage":"fr-FR"},{"@type":"Organization","@id":"https:\/\/jaya-prosecco.com\/#organization","name":"JAYA Prosecco","url":"https:\/\/jaya-prosecco.com\/","logo":{"@type":"ImageObject","inLanguage":"fr-FR","@id":"https:\/\/jaya-prosecco.com\/#\/schema\/logo\/image\/","url":"https:\/\/jaya-prosecco.com\/wp-content\/uploads\/2023\/04\/cropped-cropped-jaya_logo_horizontal_dark_background.png","contentUrl":"https:\/\/jaya-prosecco.com\/wp-content\/uploads\/2023\/04\/cropped-cropped-jaya_logo_horizontal_dark_background.png","width":350,"height":168,"caption":"JAYA Prosecco"},"image":{"@id":"https:\/\/jaya-prosecco.com\/#\/schema\/logo\/image\/"}}]}},"_links":{"self":[{"href":"http:\/\/jaya-prosecco.com\/fr\/wp-json\/wp\/v2\/product\/42404","targetHints":{"allow":["GET"]}}],"collection":[{"href":"http:\/\/jaya-prosecco.com\/fr\/wp-json\/wp\/v2\/product"}],"about":[{"href":"http:\/\/jaya-prosecco.com\/fr\/wp-json\/wp\/v2\/types\/product"}],"wp:featuredmedia":[{"embeddable":true,"href":"http:\/\/jaya-prosecco.com\/fr\/wp-json\/wp\/v2\/media\/44610"}],"wp:attachment":[{"href":"http:\/\/jaya-prosecco.com\/fr\/wp-json\/wp\/v2\/media?parent=42404"}],"wp:term":[{"taxonomy":"product_brand","embeddable":true,"href":"http:\/\/jaya-prosecco.com\/fr\/wp-json\/wp\/v2\/product_brand?post=42404"},{"taxonomy":"product_cat","embeddable":true,"href":"http:\/\/jaya-prosecco.com\/fr\/wp-json\/wp\/v2\/product_cat?post=42404"},{"taxonomy":"product_tag","embeddable":true,"href":"http:\/\/jaya-prosecco.com\/fr\/wp-json\/wp\/v2\/product_tag?post=42404"}],"curies":[{"name":"wp","href":"https:\/\/api.w.org\/{rel}","templated":true}]}}