{"id":10240,"date":"2020-04-06T09:54:42","date_gmt":"2020-04-06T09:54:42","guid":{"rendered":"https:\/\/jaya-prosecco.com\/?post_type=product&#038;p=10240"},"modified":"2024-03-10T16:55:18","modified_gmt":"2024-03-10T16:55:18","slug":"carton-mixte-de-jaya-brut-docjaya-dei-colli-extra-dry-docg","status":"publish","type":"product","link":"http:\/\/jaya-prosecco.com\/fr\/product\/mixed-carton-of-jaya-brut-docjaya-dei-colli-extra-dry-docg\/","title":{"rendered":"Carton mixte 3x dei Colli | 3x Brut"},"content":{"rendered":"<p>D\u00e9couvrez notre vari\u00e9t\u00e9 de proseccos avec ce coffret mix JAYA.<\/p>\n<p><strong>Vari\u00e9t\u00e9 de raisin<\/strong> : 100% Glera<\/p>\n<p><strong>Ar\u00f4mes<\/strong> : Les fines bulles lib\u00e8rent le caract\u00e8re raffin\u00e9 du JAYA dei Colli Valdobbiadene Superiore Extra Dry DOCG et la fra\u00eecheur des raisins. JAYA Brut DOC est domin\u00e9 par l'ar\u00f4me du raisin Glera. Les bulles l\u00e9g\u00e8res lib\u00e8rent le caract\u00e8re raffin\u00e9 de JAYA' Brut DOC et la fra\u00eecheur des ar\u00f4mes.<\/p>","protected":false},"excerpt":{"rendered":"<p>CHF 120.00 \/ prix par 1 carton<\/p>\n<p>* La commande minimum pour ce produit est de 1 carton qui comprend :<\/p>\n<ul>\n<li>3 bouteilles de JAYA Brut DOC<\/li>\n<li>3 bouteilles de JAYA dei Colli Valdobbiadene Superiore Extra Dry DOCG<\/li>\n<\/ul>\n<p>&nbsp;<\/p>\n<p>1 bouteille contient 75 cl de Prosecco.<\/p>","protected":false},"featured_media":44596,"template":"","meta":{"_acf_changed":false},"product_brand":[],"product_cat":[149,140],"product_tag":[],"class_list":{"0":"post-10240","1":"product","2":"type-product","3":"status-publish","4":"has-post-thumbnail","6":"product_cat-brut","7":"product_cat-mixed","9":"first","10":"instock","11":"taxable","12":"shipping-taxable","13":"purchasable","14":"product-type-woosb"},"acf":[],"yoast_head":"<!-- This site is optimized with the Yoast SEO plugin v27.3 - https:\/\/yoast.com\/product\/yoast-seo-wordpress\/ -->\n<title>Mixed carton 3x dei Colli | 3x Brut | JAYA Prosecco<\/title>\n<meta name=\"robots\" content=\"index, follow, max-snippet:-1, max-image-preview:large, max-video-preview:-1\" \/>\n<link rel=\"canonical\" href=\"https:\/\/jaya-prosecco.com\/fr\/produit\/carton-mixte-de-jaya-brut-docjaya-dei-colli-extra-dry-docg\/\" \/>\n<meta property=\"og:locale\" content=\"fr_FR\" \/>\n<meta property=\"og:type\" content=\"article\" \/>\n<meta property=\"og:title\" content=\"Mixed carton 3x dei Colli | 3x Brut | JAYA Prosecco\" \/>\n<meta property=\"og:description\" content=\"CHF 120.00 \/ price per 1 carton  * Minimum order for this product is 1 carton that consists of:   3 bottles of JAYA Brut DOC  3 bottles of JAYA dei Colli Valdobbiadene Superiore Extra Dry DOCG  &nbsp;  1 bottle contains 75 cl of Prosecco.\" \/>\n<meta property=\"og:url\" content=\"https:\/\/jaya-prosecco.com\/fr\/produit\/carton-mixte-de-jaya-brut-docjaya-dei-colli-extra-dry-docg\/\" \/>\n<meta property=\"og:site_name\" content=\"JAYA Prosecco\" \/>\n<meta property=\"article:modified_time\" content=\"2024-03-10T16:55:18+00:00\" \/>\n<meta property=\"og:image\" content=\"https:\/\/jaya-prosecco.com\/wp-content\/uploads\/2024\/01\/jaya_boite_3x3_brut_dry-png.webp\" \/>\n\t<meta property=\"og:image:width\" content=\"800\" \/>\n\t<meta property=\"og:image:height\" content=\"600\" \/>\n\t<meta property=\"og:image:type\" content=\"image\/webp\" \/>\n<meta name=\"twitter:card\" content=\"summary_large_image\" \/>\n<meta name=\"twitter:label1\" content=\"Dur\u00e9e de lecture estim\u00e9e\" \/>\n\t<meta name=\"twitter:data1\" content=\"1 minute\" \/>\n<script type=\"application\/ld+json\" class=\"yoast-schema-graph\">{\"@context\":\"https:\\\/\\\/schema.org\",\"@graph\":[{\"@type\":\"WebPage\",\"@id\":\"https:\\\/\\\/jaya-prosecco.com\\\/product\\\/mixed-carton-of-jaya-brut-docjaya-dei-colli-extra-dry-docg\\\/\",\"url\":\"https:\\\/\\\/jaya-prosecco.com\\\/product\\\/mixed-carton-of-jaya-brut-docjaya-dei-colli-extra-dry-docg\\\/\",\"name\":\"Mixed carton 3x dei Colli | 3x Brut | JAYA Prosecco\",\"isPartOf\":{\"@id\":\"https:\\\/\\\/jaya-prosecco.com\\\/#website\"},\"primaryImageOfPage\":{\"@id\":\"https:\\\/\\\/jaya-prosecco.com\\\/product\\\/mixed-carton-of-jaya-brut-docjaya-dei-colli-extra-dry-docg\\\/#primaryimage\"},\"image\":{\"@id\":\"https:\\\/\\\/jaya-prosecco.com\\\/product\\\/mixed-carton-of-jaya-brut-docjaya-dei-colli-extra-dry-docg\\\/#primaryimage\"},\"thumbnailUrl\":\"https:\\\/\\\/jaya-prosecco.com\\\/wp-content\\\/uploads\\\/2024\\\/01\\\/jaya_boite_3x3_brut_dry-png.webp\",\"datePublished\":\"2020-04-06T09:54:42+00:00\",\"dateModified\":\"2024-03-10T16:55:18+00:00\",\"breadcrumb\":{\"@id\":\"https:\\\/\\\/jaya-prosecco.com\\\/product\\\/mixed-carton-of-jaya-brut-docjaya-dei-colli-extra-dry-docg\\\/#breadcrumb\"},\"inLanguage\":\"fr-FR\",\"potentialAction\":[{\"@type\":\"ReadAction\",\"target\":[\"https:\\\/\\\/jaya-prosecco.com\\\/product\\\/mixed-carton-of-jaya-brut-docjaya-dei-colli-extra-dry-docg\\\/\"]}]},{\"@type\":\"ImageObject\",\"inLanguage\":\"fr-FR\",\"@id\":\"https:\\\/\\\/jaya-prosecco.com\\\/product\\\/mixed-carton-of-jaya-brut-docjaya-dei-colli-extra-dry-docg\\\/#primaryimage\",\"url\":\"https:\\\/\\\/jaya-prosecco.com\\\/wp-content\\\/uploads\\\/2024\\\/01\\\/jaya_boite_3x3_brut_dry-png.webp\",\"contentUrl\":\"https:\\\/\\\/jaya-prosecco.com\\\/wp-content\\\/uploads\\\/2024\\\/01\\\/jaya_boite_3x3_brut_dry-png.webp\",\"width\":800,\"height\":600},{\"@type\":\"BreadcrumbList\",\"@id\":\"https:\\\/\\\/jaya-prosecco.com\\\/product\\\/mixed-carton-of-jaya-brut-docjaya-dei-colli-extra-dry-docg\\\/#breadcrumb\",\"itemListElement\":[{\"@type\":\"ListItem\",\"position\":1,\"name\":\"Home\",\"item\":\"https:\\\/\\\/jaya-prosecco.com\\\/\"},{\"@type\":\"ListItem\",\"position\":2,\"name\":\"Shop Online\",\"item\":\"https:\\\/\\\/jaya-prosecco.com\\\/shop-online\\\/\"},{\"@type\":\"ListItem\",\"position\":3,\"name\":\"Mixed carton 3x dei Colli | 3x Brut\"}]},{\"@type\":\"WebSite\",\"@id\":\"https:\\\/\\\/jaya-prosecco.com\\\/#website\",\"url\":\"https:\\\/\\\/jaya-prosecco.com\\\/\",\"name\":\"JAYA Prosecco\",\"description\":\"Joy of Celebration\",\"publisher\":{\"@id\":\"https:\\\/\\\/jaya-prosecco.com\\\/#organization\"},\"potentialAction\":[{\"@type\":\"SearchAction\",\"target\":{\"@type\":\"EntryPoint\",\"urlTemplate\":\"https:\\\/\\\/jaya-prosecco.com\\\/?s={search_term_string}\"},\"query-input\":{\"@type\":\"PropertyValueSpecification\",\"valueRequired\":true,\"valueName\":\"search_term_string\"}}],\"inLanguage\":\"fr-FR\"},{\"@type\":\"Organization\",\"@id\":\"https:\\\/\\\/jaya-prosecco.com\\\/#organization\",\"name\":\"JAYA Prosecco\",\"url\":\"https:\\\/\\\/jaya-prosecco.com\\\/\",\"logo\":{\"@type\":\"ImageObject\",\"inLanguage\":\"fr-FR\",\"@id\":\"https:\\\/\\\/jaya-prosecco.com\\\/#\\\/schema\\\/logo\\\/image\\\/\",\"url\":\"https:\\\/\\\/jaya-prosecco.com\\\/wp-content\\\/uploads\\\/2023\\\/04\\\/cropped-cropped-jaya_logo_horizontal_dark_background.png\",\"contentUrl\":\"https:\\\/\\\/jaya-prosecco.com\\\/wp-content\\\/uploads\\\/2023\\\/04\\\/cropped-cropped-jaya_logo_horizontal_dark_background.png\",\"width\":350,\"height\":168,\"caption\":\"JAYA Prosecco\"},\"image\":{\"@id\":\"https:\\\/\\\/jaya-prosecco.com\\\/#\\\/schema\\\/logo\\\/image\\\/\"}}]}<\/script>\n<!-- \/ Yoast SEO plugin. -->","yoast_head_json":{"title":"Carton mixte 3x dei Colli | 3x Brut | JAYA Prosecco","robots":{"index":"index","follow":"follow","max-snippet":"max-snippet:-1","max-image-preview":"max-image-preview:large","max-video-preview":"max-video-preview:-1"},"canonical":"https:\/\/jaya-prosecco.com\/fr\/produit\/carton-mixte-de-jaya-brut-docjaya-dei-colli-extra-dry-docg\/","og_locale":"fr_FR","og_type":"article","og_title":"Mixed carton 3x dei Colli | 3x Brut | JAYA Prosecco","og_description":"CHF 120.00 \/ price per 1 carton  * Minimum order for this product is 1 carton that consists of:   3 bottles of JAYA Brut DOC  3 bottles of JAYA dei Colli Valdobbiadene Superiore Extra Dry DOCG  &nbsp;  1 bottle contains 75 cl of Prosecco.","og_url":"https:\/\/jaya-prosecco.com\/fr\/produit\/carton-mixte-de-jaya-brut-docjaya-dei-colli-extra-dry-docg\/","og_site_name":"JAYA Prosecco","article_modified_time":"2024-03-10T16:55:18+00:00","og_image":[{"width":800,"height":600,"url":"https:\/\/jaya-prosecco.com\/wp-content\/uploads\/2024\/01\/jaya_boite_3x3_brut_dry-png.webp","type":"image\/webp"}],"twitter_card":"summary_large_image","twitter_misc":{"Dur\u00e9e de lecture estim\u00e9e":"1 minute"},"schema":{"@context":"https:\/\/schema.org","@graph":[{"@type":"WebPage","@id":"https:\/\/jaya-prosecco.com\/product\/mixed-carton-of-jaya-brut-docjaya-dei-colli-extra-dry-docg\/","url":"https:\/\/jaya-prosecco.com\/product\/mixed-carton-of-jaya-brut-docjaya-dei-colli-extra-dry-docg\/","name":"Carton mixte 3x dei Colli | 3x Brut | JAYA Prosecco","isPartOf":{"@id":"https:\/\/jaya-prosecco.com\/#website"},"primaryImageOfPage":{"@id":"https:\/\/jaya-prosecco.com\/product\/mixed-carton-of-jaya-brut-docjaya-dei-colli-extra-dry-docg\/#primaryimage"},"image":{"@id":"https:\/\/jaya-prosecco.com\/product\/mixed-carton-of-jaya-brut-docjaya-dei-colli-extra-dry-docg\/#primaryimage"},"thumbnailUrl":"https:\/\/jaya-prosecco.com\/wp-content\/uploads\/2024\/01\/jaya_boite_3x3_brut_dry-png.webp","datePublished":"2020-04-06T09:54:42+00:00","dateModified":"2024-03-10T16:55:18+00:00","breadcrumb":{"@id":"https:\/\/jaya-prosecco.com\/product\/mixed-carton-of-jaya-brut-docjaya-dei-colli-extra-dry-docg\/#breadcrumb"},"inLanguage":"fr-FR","potentialAction":[{"@type":"ReadAction","target":["https:\/\/jaya-prosecco.com\/product\/mixed-carton-of-jaya-brut-docjaya-dei-colli-extra-dry-docg\/"]}]},{"@type":"ImageObject","inLanguage":"fr-FR","@id":"https:\/\/jaya-prosecco.com\/product\/mixed-carton-of-jaya-brut-docjaya-dei-colli-extra-dry-docg\/#primaryimage","url":"https:\/\/jaya-prosecco.com\/wp-content\/uploads\/2024\/01\/jaya_boite_3x3_brut_dry-png.webp","contentUrl":"https:\/\/jaya-prosecco.com\/wp-content\/uploads\/2024\/01\/jaya_boite_3x3_brut_dry-png.webp","width":800,"height":600},{"@type":"BreadcrumbList","@id":"https:\/\/jaya-prosecco.com\/product\/mixed-carton-of-jaya-brut-docjaya-dei-colli-extra-dry-docg\/#breadcrumb","itemListElement":[{"@type":"ListItem","position":1,"name":"Home","item":"https:\/\/jaya-prosecco.com\/"},{"@type":"ListItem","position":2,"name":"Shop Online","item":"https:\/\/jaya-prosecco.com\/shop-online\/"},{"@type":"ListItem","position":3,"name":"Mixed carton 3x dei Colli | 3x Brut"}]},{"@type":"WebSite","@id":"https:\/\/jaya-prosecco.com\/#website","url":"https:\/\/jaya-prosecco.com\/","name":"JAYA Prosecco","description":"La joie de la c\u00e9l\u00e9bration","publisher":{"@id":"https:\/\/jaya-prosecco.com\/#organization"},"potentialAction":[{"@type":"SearchAction","target":{"@type":"EntryPoint","urlTemplate":"https:\/\/jaya-prosecco.com\/?s={search_term_string}"},"query-input":{"@type":"PropertyValueSpecification","valueRequired":true,"valueName":"search_term_string"}}],"inLanguage":"fr-FR"},{"@type":"Organization","@id":"https:\/\/jaya-prosecco.com\/#organization","name":"JAYA Prosecco","url":"https:\/\/jaya-prosecco.com\/","logo":{"@type":"ImageObject","inLanguage":"fr-FR","@id":"https:\/\/jaya-prosecco.com\/#\/schema\/logo\/image\/","url":"https:\/\/jaya-prosecco.com\/wp-content\/uploads\/2023\/04\/cropped-cropped-jaya_logo_horizontal_dark_background.png","contentUrl":"https:\/\/jaya-prosecco.com\/wp-content\/uploads\/2023\/04\/cropped-cropped-jaya_logo_horizontal_dark_background.png","width":350,"height":168,"caption":"JAYA Prosecco"},"image":{"@id":"https:\/\/jaya-prosecco.com\/#\/schema\/logo\/image\/"}}]}},"_links":{"self":[{"href":"http:\/\/jaya-prosecco.com\/fr\/wp-json\/wp\/v2\/product\/10240","targetHints":{"allow":["GET"]}}],"collection":[{"href":"http:\/\/jaya-prosecco.com\/fr\/wp-json\/wp\/v2\/product"}],"about":[{"href":"http:\/\/jaya-prosecco.com\/fr\/wp-json\/wp\/v2\/types\/product"}],"wp:featuredmedia":[{"embeddable":true,"href":"http:\/\/jaya-prosecco.com\/fr\/wp-json\/wp\/v2\/media\/44596"}],"wp:attachment":[{"href":"http:\/\/jaya-prosecco.com\/fr\/wp-json\/wp\/v2\/media?parent=10240"}],"wp:term":[{"taxonomy":"product_brand","embeddable":true,"href":"http:\/\/jaya-prosecco.com\/fr\/wp-json\/wp\/v2\/product_brand?post=10240"},{"taxonomy":"product_cat","embeddable":true,"href":"http:\/\/jaya-prosecco.com\/fr\/wp-json\/wp\/v2\/product_cat?post=10240"},{"taxonomy":"product_tag","embeddable":true,"href":"http:\/\/jaya-prosecco.com\/fr\/wp-json\/wp\/v2\/product_tag?post=10240"}],"curies":[{"name":"wp","href":"https:\/\/api.w.org\/{rel}","templated":true}]}}