{"id":46826,"date":"2024-11-18T13:02:37","date_gmt":"2024-11-18T13:02:37","guid":{"rendered":"https:\/\/jaya-prosecco.com\/?post_type=product&#038;p=46826"},"modified":"2024-11-18T15:19:19","modified_gmt":"2024-11-18T15:19:19","slug":"kiste-jaya-rose-spumante","status":"publish","type":"product","link":"http:\/\/jaya-prosecco.com\/de\/product\/box-jaya-rose-spumante\/","title":{"rendered":"Box Jaya Ros\u00e9 Spumante"},"content":{"rendered":"<p>1 Flasche Jaya Ros\u00e9 Spumante mit 2 Jaya Prosecco Gl\u00e4sern &amp; 1 Jaya Prosecco Stopfen<\/p>","protected":false},"excerpt":{"rendered":"<p>1 Flasche Jaya Ros\u00e9 Spumante mit 2 Jaya Prosecco Gl\u00e4sern &amp; 1 Jaya Prosecco Stopfen<\/p>","protected":false},"featured_media":46817,"template":"","meta":{"_acf_changed":false},"product_brand":[],"product_cat":[150,131],"product_tag":[],"class_list":{"0":"post-46826","1":"product","2":"type-product","3":"status-publish","4":"has-post-thumbnail","6":"product_cat-gift-box","7":"product_cat-rose","9":"first","10":"instock","11":"taxable","12":"shipping-taxable","13":"purchasable","14":"product-type-woosb"},"acf":[],"yoast_head":"<!-- This site is optimized with the Yoast SEO plugin v27.3 - https:\/\/yoast.com\/product\/yoast-seo-wordpress\/ -->\n<title>Box Jaya Ros\u00e9 Spumante | JAYA Prosecco<\/title>\n<meta name=\"robots\" content=\"index, follow, max-snippet:-1, max-image-preview:large, max-video-preview:-1\" \/>\n<link rel=\"canonical\" href=\"https:\/\/jaya-prosecco.com\/de\/produkt\/kiste-jaya-rose-spumante\/\" \/>\n<meta property=\"og:locale\" content=\"de_DE\" \/>\n<meta property=\"og:type\" content=\"article\" \/>\n<meta property=\"og:title\" content=\"Box Jaya Ros\u00e9 Spumante | JAYA Prosecco\" \/>\n<meta property=\"og:description\" content=\"1 bottle Jaya Ros\u00e9 Spumante with 2 Jaya Prosecco glasses &amp; 1 Jaya Prosecco stopper\" \/>\n<meta property=\"og:url\" content=\"https:\/\/jaya-prosecco.com\/de\/produkt\/kiste-jaya-rose-spumante\/\" \/>\n<meta property=\"og:site_name\" content=\"JAYA Prosecco\" \/>\n<meta property=\"article:modified_time\" content=\"2024-11-18T15:19:19+00:00\" \/>\n<meta property=\"og:image\" content=\"https:\/\/jaya-prosecco.com\/wp-content\/uploads\/2024\/11\/bigbox_rose_whitebg.webp\" \/>\n\t<meta property=\"og:image:width\" content=\"1747\" \/>\n\t<meta property=\"og:image:height\" content=\"1310\" \/>\n\t<meta property=\"og:image:type\" content=\"image\/webp\" \/>\n<meta name=\"twitter:card\" content=\"summary_large_image\" \/>\n<meta name=\"twitter:label1\" content=\"Gesch\u00e4tzte Lesezeit\" \/>\n\t<meta name=\"twitter:data1\" content=\"1\u00a0Minute\" \/>\n<script type=\"application\/ld+json\" class=\"yoast-schema-graph\">{\"@context\":\"https:\\\/\\\/schema.org\",\"@graph\":[{\"@type\":\"WebPage\",\"@id\":\"https:\\\/\\\/jaya-prosecco.com\\\/product\\\/box-jaya-rose-spumante\\\/\",\"url\":\"https:\\\/\\\/jaya-prosecco.com\\\/product\\\/box-jaya-rose-spumante\\\/\",\"name\":\"Box Jaya Ros\u00e9 Spumante | JAYA Prosecco\",\"isPartOf\":{\"@id\":\"https:\\\/\\\/jaya-prosecco.com\\\/#website\"},\"primaryImageOfPage\":{\"@id\":\"https:\\\/\\\/jaya-prosecco.com\\\/product\\\/box-jaya-rose-spumante\\\/#primaryimage\"},\"image\":{\"@id\":\"https:\\\/\\\/jaya-prosecco.com\\\/product\\\/box-jaya-rose-spumante\\\/#primaryimage\"},\"thumbnailUrl\":\"https:\\\/\\\/jaya-prosecco.com\\\/wp-content\\\/uploads\\\/2024\\\/11\\\/bigbox_rose_whitebg.webp\",\"datePublished\":\"2024-11-18T13:02:37+00:00\",\"dateModified\":\"2024-11-18T15:19:19+00:00\",\"breadcrumb\":{\"@id\":\"https:\\\/\\\/jaya-prosecco.com\\\/product\\\/box-jaya-rose-spumante\\\/#breadcrumb\"},\"inLanguage\":\"de\",\"potentialAction\":[{\"@type\":\"ReadAction\",\"target\":[\"https:\\\/\\\/jaya-prosecco.com\\\/product\\\/box-jaya-rose-spumante\\\/\"]}]},{\"@type\":\"ImageObject\",\"inLanguage\":\"de\",\"@id\":\"https:\\\/\\\/jaya-prosecco.com\\\/product\\\/box-jaya-rose-spumante\\\/#primaryimage\",\"url\":\"https:\\\/\\\/jaya-prosecco.com\\\/wp-content\\\/uploads\\\/2024\\\/11\\\/bigbox_rose_whitebg.webp\",\"contentUrl\":\"https:\\\/\\\/jaya-prosecco.com\\\/wp-content\\\/uploads\\\/2024\\\/11\\\/bigbox_rose_whitebg.webp\",\"width\":1747,\"height\":1310},{\"@type\":\"BreadcrumbList\",\"@id\":\"https:\\\/\\\/jaya-prosecco.com\\\/product\\\/box-jaya-rose-spumante\\\/#breadcrumb\",\"itemListElement\":[{\"@type\":\"ListItem\",\"position\":1,\"name\":\"Home\",\"item\":\"https:\\\/\\\/jaya-prosecco.com\\\/\"},{\"@type\":\"ListItem\",\"position\":2,\"name\":\"Shop Online\",\"item\":\"https:\\\/\\\/jaya-prosecco.com\\\/shop-online\\\/\"},{\"@type\":\"ListItem\",\"position\":3,\"name\":\"Box Jaya Ros\u00e9 Spumante\"}]},{\"@type\":\"WebSite\",\"@id\":\"https:\\\/\\\/jaya-prosecco.com\\\/#website\",\"url\":\"https:\\\/\\\/jaya-prosecco.com\\\/\",\"name\":\"JAYA Prosecco\",\"description\":\"Joy of Celebration\",\"publisher\":{\"@id\":\"https:\\\/\\\/jaya-prosecco.com\\\/#organization\"},\"potentialAction\":[{\"@type\":\"SearchAction\",\"target\":{\"@type\":\"EntryPoint\",\"urlTemplate\":\"https:\\\/\\\/jaya-prosecco.com\\\/?s={search_term_string}\"},\"query-input\":{\"@type\":\"PropertyValueSpecification\",\"valueRequired\":true,\"valueName\":\"search_term_string\"}}],\"inLanguage\":\"de\"},{\"@type\":\"Organization\",\"@id\":\"https:\\\/\\\/jaya-prosecco.com\\\/#organization\",\"name\":\"JAYA Prosecco\",\"url\":\"https:\\\/\\\/jaya-prosecco.com\\\/\",\"logo\":{\"@type\":\"ImageObject\",\"inLanguage\":\"de\",\"@id\":\"https:\\\/\\\/jaya-prosecco.com\\\/#\\\/schema\\\/logo\\\/image\\\/\",\"url\":\"https:\\\/\\\/jaya-prosecco.com\\\/wp-content\\\/uploads\\\/2023\\\/04\\\/cropped-cropped-jaya_logo_horizontal_dark_background.png\",\"contentUrl\":\"https:\\\/\\\/jaya-prosecco.com\\\/wp-content\\\/uploads\\\/2023\\\/04\\\/cropped-cropped-jaya_logo_horizontal_dark_background.png\",\"width\":350,\"height\":168,\"caption\":\"JAYA Prosecco\"},\"image\":{\"@id\":\"https:\\\/\\\/jaya-prosecco.com\\\/#\\\/schema\\\/logo\\\/image\\\/\"}}]}<\/script>\n<!-- \/ Yoast SEO plugin. -->","yoast_head_json":{"title":"Box Jaya Ros\u00e9 Spumante | JAYA Prosecco","robots":{"index":"index","follow":"follow","max-snippet":"max-snippet:-1","max-image-preview":"max-image-preview:large","max-video-preview":"max-video-preview:-1"},"canonical":"https:\/\/jaya-prosecco.com\/de\/produkt\/kiste-jaya-rose-spumante\/","og_locale":"de_DE","og_type":"article","og_title":"Box Jaya Ros\u00e9 Spumante | JAYA Prosecco","og_description":"1 bottle Jaya Ros\u00e9 Spumante with 2 Jaya Prosecco glasses &amp; 1 Jaya Prosecco stopper","og_url":"https:\/\/jaya-prosecco.com\/de\/produkt\/kiste-jaya-rose-spumante\/","og_site_name":"JAYA Prosecco","article_modified_time":"2024-11-18T15:19:19+00:00","og_image":[{"width":1747,"height":1310,"url":"https:\/\/jaya-prosecco.com\/wp-content\/uploads\/2024\/11\/bigbox_rose_whitebg.webp","type":"image\/webp"}],"twitter_card":"summary_large_image","twitter_misc":{"Gesch\u00e4tzte Lesezeit":"1\u00a0Minute"},"schema":{"@context":"https:\/\/schema.org","@graph":[{"@type":"WebPage","@id":"https:\/\/jaya-prosecco.com\/product\/box-jaya-rose-spumante\/","url":"https:\/\/jaya-prosecco.com\/product\/box-jaya-rose-spumante\/","name":"Box Jaya Ros\u00e9 Spumante | JAYA Prosecco","isPartOf":{"@id":"https:\/\/jaya-prosecco.com\/#website"},"primaryImageOfPage":{"@id":"https:\/\/jaya-prosecco.com\/product\/box-jaya-rose-spumante\/#primaryimage"},"image":{"@id":"https:\/\/jaya-prosecco.com\/product\/box-jaya-rose-spumante\/#primaryimage"},"thumbnailUrl":"https:\/\/jaya-prosecco.com\/wp-content\/uploads\/2024\/11\/bigbox_rose_whitebg.webp","datePublished":"2024-11-18T13:02:37+00:00","dateModified":"2024-11-18T15:19:19+00:00","breadcrumb":{"@id":"https:\/\/jaya-prosecco.com\/product\/box-jaya-rose-spumante\/#breadcrumb"},"inLanguage":"de","potentialAction":[{"@type":"ReadAction","target":["https:\/\/jaya-prosecco.com\/product\/box-jaya-rose-spumante\/"]}]},{"@type":"ImageObject","inLanguage":"de","@id":"https:\/\/jaya-prosecco.com\/product\/box-jaya-rose-spumante\/#primaryimage","url":"https:\/\/jaya-prosecco.com\/wp-content\/uploads\/2024\/11\/bigbox_rose_whitebg.webp","contentUrl":"https:\/\/jaya-prosecco.com\/wp-content\/uploads\/2024\/11\/bigbox_rose_whitebg.webp","width":1747,"height":1310},{"@type":"BreadcrumbList","@id":"https:\/\/jaya-prosecco.com\/product\/box-jaya-rose-spumante\/#breadcrumb","itemListElement":[{"@type":"ListItem","position":1,"name":"Home","item":"https:\/\/jaya-prosecco.com\/"},{"@type":"ListItem","position":2,"name":"Shop Online","item":"https:\/\/jaya-prosecco.com\/shop-online\/"},{"@type":"ListItem","position":3,"name":"Box Jaya Ros\u00e9 Spumante"}]},{"@type":"WebSite","@id":"https:\/\/jaya-prosecco.com\/#website","url":"https:\/\/jaya-prosecco.com\/","name":"JAYA Prosecco","description":"Freude am Feiern","publisher":{"@id":"https:\/\/jaya-prosecco.com\/#organization"},"potentialAction":[{"@type":"SearchAction","target":{"@type":"EntryPoint","urlTemplate":"https:\/\/jaya-prosecco.com\/?s={search_term_string}"},"query-input":{"@type":"PropertyValueSpecification","valueRequired":true,"valueName":"search_term_string"}}],"inLanguage":"de"},{"@type":"Organization","@id":"https:\/\/jaya-prosecco.com\/#organization","name":"JAYA Prosecco","url":"https:\/\/jaya-prosecco.com\/","logo":{"@type":"ImageObject","inLanguage":"de","@id":"https:\/\/jaya-prosecco.com\/#\/schema\/logo\/image\/","url":"https:\/\/jaya-prosecco.com\/wp-content\/uploads\/2023\/04\/cropped-cropped-jaya_logo_horizontal_dark_background.png","contentUrl":"https:\/\/jaya-prosecco.com\/wp-content\/uploads\/2023\/04\/cropped-cropped-jaya_logo_horizontal_dark_background.png","width":350,"height":168,"caption":"JAYA Prosecco"},"image":{"@id":"https:\/\/jaya-prosecco.com\/#\/schema\/logo\/image\/"}}]}},"_links":{"self":[{"href":"http:\/\/jaya-prosecco.com\/de\/wp-json\/wp\/v2\/product\/46826","targetHints":{"allow":["GET"]}}],"collection":[{"href":"http:\/\/jaya-prosecco.com\/de\/wp-json\/wp\/v2\/product"}],"about":[{"href":"http:\/\/jaya-prosecco.com\/de\/wp-json\/wp\/v2\/types\/product"}],"wp:featuredmedia":[{"embeddable":true,"href":"http:\/\/jaya-prosecco.com\/de\/wp-json\/wp\/v2\/media\/46817"}],"wp:attachment":[{"href":"http:\/\/jaya-prosecco.com\/de\/wp-json\/wp\/v2\/media?parent=46826"}],"wp:term":[{"taxonomy":"product_brand","embeddable":true,"href":"http:\/\/jaya-prosecco.com\/de\/wp-json\/wp\/v2\/product_brand?post=46826"},{"taxonomy":"product_cat","embeddable":true,"href":"http:\/\/jaya-prosecco.com\/de\/wp-json\/wp\/v2\/product_cat?post=46826"},{"taxonomy":"product_tag","embeddable":true,"href":"http:\/\/jaya-prosecco.com\/de\/wp-json\/wp\/v2\/product_tag?post=46826"}],"curies":[{"name":"wp","href":"https:\/\/api.w.org\/{rel}","templated":true}]}}