{"id":44726,"date":"2024-03-08T13:45:18","date_gmt":"2024-03-08T13:45:18","guid":{"rendered":"https:\/\/jaya-prosecco.com\/?post_type=product&#038;p=44726"},"modified":"2024-03-11T13:06:03","modified_gmt":"2024-03-11T13:06:03","slug":"jaya-rose-flasche","status":"publish","type":"product","link":"http:\/\/jaya-prosecco.com\/de\/product\/jaya-rose-bottle\/","title":{"rendered":"Jaya Ros\u00e9"},"content":{"rendered":"<p><span style=\"font-weight: 400;\">Wenn Sie JAYA Ros\u00e9 betrachten, werden Sie eine subtile Mischung aus korallen- und lachsfarbenen T\u00f6nen bemerken. Dieser Wein hat einen eleganten und spritzigen Charakter, gepaart mit einer feinen und zarten Struktur. Ein frischer und kr\u00e4ftiger Auftakt f\u00fcr diesen geschmeidigen Wein, der von der sanften Glera und der aromatischen Mischung gepr\u00e4gt ist, machen diesen Schaumwein rund und delikat zugleich. JAYA Ros\u00e9 repr\u00e4sentiert die Quintessenz von JAYA mit der besten Rebsorte der Region und schafft einen exquisiten Nektar.<\/span><\/p>","protected":false},"excerpt":{"rendered":"<p><span class=\"TextRun SCXW155795148 BCX0\" lang=\"EN-GB\" xml:lang=\"EN-GB\" data-contrast=\"auto\"><span class=\"NormalTextRun SCXW155795148 BCX0\" data-ccp-charstyle=\"Subtle Emphasis\">JAYA Ros\u00e9 <\/span><span class=\"NormalTextRun SCXW155795148 BCX0\" data-ccp-charstyle=\"Subtle Emphasis\">steht f\u00fcr<\/span><span class=\"NormalTextRun SCXW155795148 BCX0\" data-ccp-charstyle=\"Subtle Emphasis\"> die Quintessenz von JAYA mit der besten Traubensorte der Region, wodurch ein exquisiter Nektar entsteht.<\/span> <span class=\"NormalTextRun SCXW155795148 BCX0\" data-ccp-charstyle=\"Subtle Emphasis\">Beim Anblick von JAYA Ros\u00e9, <\/span><span class=\"NormalTextRun SCXW155795148 BCX0\" data-ccp-charstyle=\"Subtle Emphasis\">werden Sie<\/span><span class=\"NormalTextRun SCXW155795148 BCX0\" data-ccp-charstyle=\"Subtle Emphasis\"> eine subtile Mischung aus korallenroten und lachsfarbenen T\u00f6nen erkennen. Dieser Wein hat einen eleganten und spritzigen Charakter, gepaart mit einer feinen und zarten Struktur. Ein frischer und scharfer Auftakt f\u00fcr diesen geschmeidigen Wein, gepr\u00e4gt von der sanften Glera und der aromatischen Mischung, machen diesen Schaumwein sowohl rund als auch delikat.<\/span><\/span><\/p>","protected":false},"featured_media":44805,"template":"","meta":{"_acf_changed":false},"product_brand":[],"product_cat":[151],"product_tag":[],"class_list":{"0":"post-44726","1":"product","2":"type-product","3":"status-publish","4":"has-post-thumbnail","6":"product_cat-bottle","8":"first","9":"instock","10":"taxable","11":"shipping-taxable","12":"purchasable","13":"product-type-simple"},"acf":[],"yoast_head":"<!-- This site is optimized with the Yoast SEO plugin v27.3 - https:\/\/yoast.com\/product\/yoast-seo-wordpress\/ -->\n<title>Jaya Ros\u00e9 | JAYA Prosecco<\/title>\n<meta name=\"robots\" content=\"index, follow, max-snippet:-1, max-image-preview:large, max-video-preview:-1\" \/>\n<link rel=\"canonical\" href=\"https:\/\/jaya-prosecco.com\/de\/produkt\/jaya-rose-flasche\/\" \/>\n<meta property=\"og:locale\" content=\"de_DE\" \/>\n<meta property=\"og:type\" content=\"article\" \/>\n<meta property=\"og:title\" content=\"Jaya Ros\u00e9 | JAYA Prosecco\" \/>\n<meta property=\"og:description\" content=\"JAYA Ros\u00e9 represents the quintessence of JAYA with the best grape variety of the region, creating an exquisite nectar. When you gaze at JAYA Ros\u00e9, you&#039;ll notice a subtle mix of coral and pink salmon hues. This wine boasts an elegant and sparkling character, paired with a fine and delicate structure. A fresh and sharp attack for this supple wine, marked by the gentle Glera and aromatic blend, make this spumante wine both well-rounded and delicate.\" \/>\n<meta property=\"og:url\" content=\"https:\/\/jaya-prosecco.com\/de\/produkt\/jaya-rose-flasche\/\" \/>\n<meta property=\"og:site_name\" content=\"JAYA Prosecco\" \/>\n<meta property=\"article:modified_time\" content=\"2024-03-11T13:06:03+00:00\" \/>\n<meta property=\"og:image\" content=\"https:\/\/jaya-prosecco.com\/wp-content\/uploads\/2023\/05\/jaya_rose_bottle.webp\" \/>\n\t<meta property=\"og:image:width\" content=\"960\" \/>\n\t<meta property=\"og:image:height\" content=\"1438\" \/>\n\t<meta property=\"og:image:type\" content=\"image\/webp\" \/>\n<meta name=\"twitter:card\" content=\"summary_large_image\" \/>\n<meta name=\"twitter:label1\" content=\"Gesch\u00e4tzte Lesezeit\" \/>\n\t<meta name=\"twitter:data1\" content=\"1\u00a0Minute\" \/>\n<script type=\"application\/ld+json\" class=\"yoast-schema-graph\">{\"@context\":\"https:\\\/\\\/schema.org\",\"@graph\":[{\"@type\":\"WebPage\",\"@id\":\"https:\\\/\\\/jaya-prosecco.com\\\/product\\\/jaya-rose-bottle\\\/\",\"url\":\"https:\\\/\\\/jaya-prosecco.com\\\/product\\\/jaya-rose-bottle\\\/\",\"name\":\"Jaya Ros\u00e9 | JAYA Prosecco\",\"isPartOf\":{\"@id\":\"https:\\\/\\\/jaya-prosecco.com\\\/#website\"},\"primaryImageOfPage\":{\"@id\":\"https:\\\/\\\/jaya-prosecco.com\\\/product\\\/jaya-rose-bottle\\\/#primaryimage\"},\"image\":{\"@id\":\"https:\\\/\\\/jaya-prosecco.com\\\/product\\\/jaya-rose-bottle\\\/#primaryimage\"},\"thumbnailUrl\":\"https:\\\/\\\/jaya-prosecco.com\\\/wp-content\\\/uploads\\\/2023\\\/05\\\/jaya_rose_bottle.webp\",\"datePublished\":\"2024-03-08T13:45:18+00:00\",\"dateModified\":\"2024-03-11T13:06:03+00:00\",\"breadcrumb\":{\"@id\":\"https:\\\/\\\/jaya-prosecco.com\\\/product\\\/jaya-rose-bottle\\\/#breadcrumb\"},\"inLanguage\":\"de\",\"potentialAction\":[{\"@type\":\"ReadAction\",\"target\":[\"https:\\\/\\\/jaya-prosecco.com\\\/product\\\/jaya-rose-bottle\\\/\"]}]},{\"@type\":\"ImageObject\",\"inLanguage\":\"de\",\"@id\":\"https:\\\/\\\/jaya-prosecco.com\\\/product\\\/jaya-rose-bottle\\\/#primaryimage\",\"url\":\"https:\\\/\\\/jaya-prosecco.com\\\/wp-content\\\/uploads\\\/2023\\\/05\\\/jaya_rose_bottle.webp\",\"contentUrl\":\"https:\\\/\\\/jaya-prosecco.com\\\/wp-content\\\/uploads\\\/2023\\\/05\\\/jaya_rose_bottle.webp\",\"width\":960,\"height\":1438},{\"@type\":\"BreadcrumbList\",\"@id\":\"https:\\\/\\\/jaya-prosecco.com\\\/product\\\/jaya-rose-bottle\\\/#breadcrumb\",\"itemListElement\":[{\"@type\":\"ListItem\",\"position\":1,\"name\":\"Home\",\"item\":\"https:\\\/\\\/jaya-prosecco.com\\\/\"},{\"@type\":\"ListItem\",\"position\":2,\"name\":\"Shop Online\",\"item\":\"https:\\\/\\\/jaya-prosecco.com\\\/shop-online\\\/\"},{\"@type\":\"ListItem\",\"position\":3,\"name\":\"Jaya Ros\u00e9\"}]},{\"@type\":\"WebSite\",\"@id\":\"https:\\\/\\\/jaya-prosecco.com\\\/#website\",\"url\":\"https:\\\/\\\/jaya-prosecco.com\\\/\",\"name\":\"JAYA Prosecco\",\"description\":\"Joy of Celebration\",\"publisher\":{\"@id\":\"https:\\\/\\\/jaya-prosecco.com\\\/#organization\"},\"potentialAction\":[{\"@type\":\"SearchAction\",\"target\":{\"@type\":\"EntryPoint\",\"urlTemplate\":\"https:\\\/\\\/jaya-prosecco.com\\\/?s={search_term_string}\"},\"query-input\":{\"@type\":\"PropertyValueSpecification\",\"valueRequired\":true,\"valueName\":\"search_term_string\"}}],\"inLanguage\":\"de\"},{\"@type\":\"Organization\",\"@id\":\"https:\\\/\\\/jaya-prosecco.com\\\/#organization\",\"name\":\"JAYA Prosecco\",\"url\":\"https:\\\/\\\/jaya-prosecco.com\\\/\",\"logo\":{\"@type\":\"ImageObject\",\"inLanguage\":\"de\",\"@id\":\"https:\\\/\\\/jaya-prosecco.com\\\/#\\\/schema\\\/logo\\\/image\\\/\",\"url\":\"https:\\\/\\\/jaya-prosecco.com\\\/wp-content\\\/uploads\\\/2023\\\/04\\\/cropped-cropped-jaya_logo_horizontal_dark_background.png\",\"contentUrl\":\"https:\\\/\\\/jaya-prosecco.com\\\/wp-content\\\/uploads\\\/2023\\\/04\\\/cropped-cropped-jaya_logo_horizontal_dark_background.png\",\"width\":350,\"height\":168,\"caption\":\"JAYA Prosecco\"},\"image\":{\"@id\":\"https:\\\/\\\/jaya-prosecco.com\\\/#\\\/schema\\\/logo\\\/image\\\/\"}}]}<\/script>\n<!-- \/ Yoast SEO plugin. -->","yoast_head_json":{"title":"Jaya Ros\u00e9 | JAYA Prosecco","robots":{"index":"index","follow":"follow","max-snippet":"max-snippet:-1","max-image-preview":"max-image-preview:large","max-video-preview":"max-video-preview:-1"},"canonical":"https:\/\/jaya-prosecco.com\/de\/produkt\/jaya-rose-flasche\/","og_locale":"de_DE","og_type":"article","og_title":"Jaya Ros\u00e9 | JAYA Prosecco","og_description":"JAYA Ros\u00e9 represents the quintessence of JAYA with the best grape variety of the region, creating an exquisite nectar. When you gaze at JAYA Ros\u00e9, you'll notice a subtle mix of coral and pink salmon hues. This wine boasts an elegant and sparkling character, paired with a fine and delicate structure. A fresh and sharp attack for this supple wine, marked by the gentle Glera and aromatic blend, make this spumante wine both well-rounded and delicate.","og_url":"https:\/\/jaya-prosecco.com\/de\/produkt\/jaya-rose-flasche\/","og_site_name":"JAYA Prosecco","article_modified_time":"2024-03-11T13:06:03+00:00","og_image":[{"width":960,"height":1438,"url":"https:\/\/jaya-prosecco.com\/wp-content\/uploads\/2023\/05\/jaya_rose_bottle.webp","type":"image\/webp"}],"twitter_card":"summary_large_image","twitter_misc":{"Gesch\u00e4tzte Lesezeit":"1\u00a0Minute"},"schema":{"@context":"https:\/\/schema.org","@graph":[{"@type":"WebPage","@id":"https:\/\/jaya-prosecco.com\/product\/jaya-rose-bottle\/","url":"https:\/\/jaya-prosecco.com\/product\/jaya-rose-bottle\/","name":"Jaya Ros\u00e9 | JAYA Prosecco","isPartOf":{"@id":"https:\/\/jaya-prosecco.com\/#website"},"primaryImageOfPage":{"@id":"https:\/\/jaya-prosecco.com\/product\/jaya-rose-bottle\/#primaryimage"},"image":{"@id":"https:\/\/jaya-prosecco.com\/product\/jaya-rose-bottle\/#primaryimage"},"thumbnailUrl":"https:\/\/jaya-prosecco.com\/wp-content\/uploads\/2023\/05\/jaya_rose_bottle.webp","datePublished":"2024-03-08T13:45:18+00:00","dateModified":"2024-03-11T13:06:03+00:00","breadcrumb":{"@id":"https:\/\/jaya-prosecco.com\/product\/jaya-rose-bottle\/#breadcrumb"},"inLanguage":"de","potentialAction":[{"@type":"ReadAction","target":["https:\/\/jaya-prosecco.com\/product\/jaya-rose-bottle\/"]}]},{"@type":"ImageObject","inLanguage":"de","@id":"https:\/\/jaya-prosecco.com\/product\/jaya-rose-bottle\/#primaryimage","url":"https:\/\/jaya-prosecco.com\/wp-content\/uploads\/2023\/05\/jaya_rose_bottle.webp","contentUrl":"https:\/\/jaya-prosecco.com\/wp-content\/uploads\/2023\/05\/jaya_rose_bottle.webp","width":960,"height":1438},{"@type":"BreadcrumbList","@id":"https:\/\/jaya-prosecco.com\/product\/jaya-rose-bottle\/#breadcrumb","itemListElement":[{"@type":"ListItem","position":1,"name":"Home","item":"https:\/\/jaya-prosecco.com\/"},{"@type":"ListItem","position":2,"name":"Shop Online","item":"https:\/\/jaya-prosecco.com\/shop-online\/"},{"@type":"ListItem","position":3,"name":"Jaya Ros\u00e9"}]},{"@type":"WebSite","@id":"https:\/\/jaya-prosecco.com\/#website","url":"https:\/\/jaya-prosecco.com\/","name":"JAYA Prosecco","description":"Freude am Feiern","publisher":{"@id":"https:\/\/jaya-prosecco.com\/#organization"},"potentialAction":[{"@type":"SearchAction","target":{"@type":"EntryPoint","urlTemplate":"https:\/\/jaya-prosecco.com\/?s={search_term_string}"},"query-input":{"@type":"PropertyValueSpecification","valueRequired":true,"valueName":"search_term_string"}}],"inLanguage":"de"},{"@type":"Organization","@id":"https:\/\/jaya-prosecco.com\/#organization","name":"JAYA Prosecco","url":"https:\/\/jaya-prosecco.com\/","logo":{"@type":"ImageObject","inLanguage":"de","@id":"https:\/\/jaya-prosecco.com\/#\/schema\/logo\/image\/","url":"https:\/\/jaya-prosecco.com\/wp-content\/uploads\/2023\/04\/cropped-cropped-jaya_logo_horizontal_dark_background.png","contentUrl":"https:\/\/jaya-prosecco.com\/wp-content\/uploads\/2023\/04\/cropped-cropped-jaya_logo_horizontal_dark_background.png","width":350,"height":168,"caption":"JAYA Prosecco"},"image":{"@id":"https:\/\/jaya-prosecco.com\/#\/schema\/logo\/image\/"}}]}},"_links":{"self":[{"href":"http:\/\/jaya-prosecco.com\/de\/wp-json\/wp\/v2\/product\/44726","targetHints":{"allow":["GET"]}}],"collection":[{"href":"http:\/\/jaya-prosecco.com\/de\/wp-json\/wp\/v2\/product"}],"about":[{"href":"http:\/\/jaya-prosecco.com\/de\/wp-json\/wp\/v2\/types\/product"}],"wp:featuredmedia":[{"embeddable":true,"href":"http:\/\/jaya-prosecco.com\/de\/wp-json\/wp\/v2\/media\/44805"}],"wp:attachment":[{"href":"http:\/\/jaya-prosecco.com\/de\/wp-json\/wp\/v2\/media?parent=44726"}],"wp:term":[{"taxonomy":"product_brand","embeddable":true,"href":"http:\/\/jaya-prosecco.com\/de\/wp-json\/wp\/v2\/product_brand?post=44726"},{"taxonomy":"product_cat","embeddable":true,"href":"http:\/\/jaya-prosecco.com\/de\/wp-json\/wp\/v2\/product_cat?post=44726"},{"taxonomy":"product_tag","embeddable":true,"href":"http:\/\/jaya-prosecco.com\/de\/wp-json\/wp\/v2\/product_tag?post=44726"}],"curies":[{"name":"wp","href":"https:\/\/api.w.org\/{rel}","templated":true}]}}