{"id":30740,"date":"2020-04-05T09:49:23","date_gmt":"2020-04-05T09:49:23","guid":{"rendered":"https:\/\/jaya-prosecco.com\/?post_type=product&#038;p=30740"},"modified":"2024-11-18T13:15:03","modified_gmt":"2024-11-18T13:15:03","slug":"jaya-prosecco-stopsel","status":"publish","type":"product","link":"http:\/\/jaya-prosecco.com\/de\/product\/jaya-prosecco-stopper\/","title":{"rendered":"JAYA Prosecco-Verschluss"},"content":{"rendered":"<p>M\u00f6chten Sie ein Glas JAYA Prosecco genie\u00dfen, ohne die Flasche zu leeren? Mit dem JAYA Prosecco-Stopfen k\u00f6nnen Sie die feinen Bl\u00e4schen Ihres Weins f\u00fcr mehrere Tage bewahren.<\/p>","protected":false},"excerpt":{"rendered":"<p class=\"price2\"><span class=\"woocommerce-Price-amount amount\"><span class=\"woocommerce-Price-currencySymbol2\">CHF<\/span> 12.00 \/ Preis pro Prosecco-Stopfen<\/span><\/p>\n<p><em style=\"font-size: 16px; color: #111 !important;\">* Mindestbestellmenge f\u00fcr dieses Produkt ist 1 JAYA Prosecco Stopper. Der Preis f\u00fcr einen JAYA Prosecco Stopper betr\u00e4gt CHF 12.00 (inkl. MwSt.). <\/em><\/p>","protected":false},"featured_media":46827,"template":"","meta":{"_acf_changed":false},"product_brand":[],"product_cat":[154,15,140],"product_tag":[],"class_list":{"0":"post-30740","1":"product","2":"type-product","3":"status-publish","4":"has-post-thumbnail","6":"product_cat-accessory","7":"product_cat-extra-dry","8":"product_cat-mixed","10":"first","11":"instock","12":"taxable","13":"shipping-taxable","14":"purchasable","15":"product-type-simple"},"acf":[],"yoast_head":"<!-- This site is optimized with the Yoast SEO plugin v27.3 - https:\/\/yoast.com\/product\/yoast-seo-wordpress\/ -->\n<title>JAYA Prosecco Stopper | JAYA Prosecco<\/title>\n<meta name=\"robots\" content=\"index, follow, max-snippet:-1, max-image-preview:large, max-video-preview:-1\" \/>\n<link rel=\"canonical\" href=\"https:\/\/jaya-prosecco.com\/de\/produkt\/jaya-prosecco-stopsel\/\" \/>\n<meta property=\"og:locale\" content=\"de_DE\" \/>\n<meta property=\"og:type\" content=\"article\" \/>\n<meta property=\"og:title\" content=\"JAYA Prosecco Stopper | JAYA Prosecco\" \/>\n<meta property=\"og:description\" content=\"CHF 12.00 \/ price per Prosecco Stopper * Minimum order for this product is 1 JAYA Prosecco Stopper. The price for one JAYA Prosecco Stopper is CHF 12.00 (VAT included).\" \/>\n<meta property=\"og:url\" content=\"https:\/\/jaya-prosecco.com\/de\/produkt\/jaya-prosecco-stopsel\/\" \/>\n<meta property=\"og:site_name\" content=\"JAYA Prosecco\" \/>\n<meta property=\"article:modified_time\" content=\"2024-11-18T13:15:03+00:00\" \/>\n<meta property=\"og:image\" content=\"https:\/\/jaya-prosecco.com\/wp-content\/uploads\/2024\/11\/jaya_bouchon-stopper.webp\" \/>\n\t<meta property=\"og:image:width\" content=\"984\" \/>\n\t<meta property=\"og:image:height\" content=\"768\" \/>\n\t<meta property=\"og:image:type\" content=\"image\/webp\" \/>\n<meta name=\"twitter:card\" content=\"summary_large_image\" \/>\n<meta name=\"twitter:label1\" content=\"Gesch\u00e4tzte Lesezeit\" \/>\n\t<meta name=\"twitter:data1\" content=\"1\u00a0Minute\" \/>\n<script type=\"application\/ld+json\" class=\"yoast-schema-graph\">{\"@context\":\"https:\\\/\\\/schema.org\",\"@graph\":[{\"@type\":\"WebPage\",\"@id\":\"https:\\\/\\\/jaya-prosecco.com\\\/product\\\/jaya-prosecco-stopper\\\/\",\"url\":\"https:\\\/\\\/jaya-prosecco.com\\\/product\\\/jaya-prosecco-stopper\\\/\",\"name\":\"JAYA Prosecco Stopper | JAYA Prosecco\",\"isPartOf\":{\"@id\":\"https:\\\/\\\/jaya-prosecco.com\\\/#website\"},\"primaryImageOfPage\":{\"@id\":\"https:\\\/\\\/jaya-prosecco.com\\\/product\\\/jaya-prosecco-stopper\\\/#primaryimage\"},\"image\":{\"@id\":\"https:\\\/\\\/jaya-prosecco.com\\\/product\\\/jaya-prosecco-stopper\\\/#primaryimage\"},\"thumbnailUrl\":\"https:\\\/\\\/jaya-prosecco.com\\\/wp-content\\\/uploads\\\/2024\\\/11\\\/jaya_bouchon-stopper.webp\",\"datePublished\":\"2020-04-05T09:49:23+00:00\",\"dateModified\":\"2024-11-18T13:15:03+00:00\",\"breadcrumb\":{\"@id\":\"https:\\\/\\\/jaya-prosecco.com\\\/product\\\/jaya-prosecco-stopper\\\/#breadcrumb\"},\"inLanguage\":\"de\",\"potentialAction\":[{\"@type\":\"ReadAction\",\"target\":[\"https:\\\/\\\/jaya-prosecco.com\\\/product\\\/jaya-prosecco-stopper\\\/\"]}]},{\"@type\":\"ImageObject\",\"inLanguage\":\"de\",\"@id\":\"https:\\\/\\\/jaya-prosecco.com\\\/product\\\/jaya-prosecco-stopper\\\/#primaryimage\",\"url\":\"https:\\\/\\\/jaya-prosecco.com\\\/wp-content\\\/uploads\\\/2024\\\/11\\\/jaya_bouchon-stopper.webp\",\"contentUrl\":\"https:\\\/\\\/jaya-prosecco.com\\\/wp-content\\\/uploads\\\/2024\\\/11\\\/jaya_bouchon-stopper.webp\",\"width\":984,\"height\":768},{\"@type\":\"BreadcrumbList\",\"@id\":\"https:\\\/\\\/jaya-prosecco.com\\\/product\\\/jaya-prosecco-stopper\\\/#breadcrumb\",\"itemListElement\":[{\"@type\":\"ListItem\",\"position\":1,\"name\":\"Home\",\"item\":\"https:\\\/\\\/jaya-prosecco.com\\\/\"},{\"@type\":\"ListItem\",\"position\":2,\"name\":\"Shop Online\",\"item\":\"https:\\\/\\\/jaya-prosecco.com\\\/shop-online\\\/\"},{\"@type\":\"ListItem\",\"position\":3,\"name\":\"JAYA Prosecco Stopper\"}]},{\"@type\":\"WebSite\",\"@id\":\"https:\\\/\\\/jaya-prosecco.com\\\/#website\",\"url\":\"https:\\\/\\\/jaya-prosecco.com\\\/\",\"name\":\"JAYA Prosecco\",\"description\":\"Joy of Celebration\",\"publisher\":{\"@id\":\"https:\\\/\\\/jaya-prosecco.com\\\/#organization\"},\"potentialAction\":[{\"@type\":\"SearchAction\",\"target\":{\"@type\":\"EntryPoint\",\"urlTemplate\":\"https:\\\/\\\/jaya-prosecco.com\\\/?s={search_term_string}\"},\"query-input\":{\"@type\":\"PropertyValueSpecification\",\"valueRequired\":true,\"valueName\":\"search_term_string\"}}],\"inLanguage\":\"de\"},{\"@type\":\"Organization\",\"@id\":\"https:\\\/\\\/jaya-prosecco.com\\\/#organization\",\"name\":\"JAYA Prosecco\",\"url\":\"https:\\\/\\\/jaya-prosecco.com\\\/\",\"logo\":{\"@type\":\"ImageObject\",\"inLanguage\":\"de\",\"@id\":\"https:\\\/\\\/jaya-prosecco.com\\\/#\\\/schema\\\/logo\\\/image\\\/\",\"url\":\"https:\\\/\\\/jaya-prosecco.com\\\/wp-content\\\/uploads\\\/2023\\\/04\\\/cropped-cropped-jaya_logo_horizontal_dark_background.png\",\"contentUrl\":\"https:\\\/\\\/jaya-prosecco.com\\\/wp-content\\\/uploads\\\/2023\\\/04\\\/cropped-cropped-jaya_logo_horizontal_dark_background.png\",\"width\":350,\"height\":168,\"caption\":\"JAYA Prosecco\"},\"image\":{\"@id\":\"https:\\\/\\\/jaya-prosecco.com\\\/#\\\/schema\\\/logo\\\/image\\\/\"}}]}<\/script>\n<!-- \/ Yoast SEO plugin. -->","yoast_head_json":{"title":"JAYA Prosecco-Stopfen | JAYA Prosecco","robots":{"index":"index","follow":"follow","max-snippet":"max-snippet:-1","max-image-preview":"max-image-preview:large","max-video-preview":"max-video-preview:-1"},"canonical":"https:\/\/jaya-prosecco.com\/de\/produkt\/jaya-prosecco-stopsel\/","og_locale":"de_DE","og_type":"article","og_title":"JAYA Prosecco Stopper | JAYA Prosecco","og_description":"CHF 12.00 \/ price per Prosecco Stopper * Minimum order for this product is 1 JAYA Prosecco Stopper. The price for one JAYA Prosecco Stopper is CHF 12.00 (VAT included).","og_url":"https:\/\/jaya-prosecco.com\/de\/produkt\/jaya-prosecco-stopsel\/","og_site_name":"JAYA Prosecco","article_modified_time":"2024-11-18T13:15:03+00:00","og_image":[{"width":984,"height":768,"url":"https:\/\/jaya-prosecco.com\/wp-content\/uploads\/2024\/11\/jaya_bouchon-stopper.webp","type":"image\/webp"}],"twitter_card":"summary_large_image","twitter_misc":{"Gesch\u00e4tzte Lesezeit":"1\u00a0Minute"},"schema":{"@context":"https:\/\/schema.org","@graph":[{"@type":"WebPage","@id":"https:\/\/jaya-prosecco.com\/product\/jaya-prosecco-stopper\/","url":"https:\/\/jaya-prosecco.com\/product\/jaya-prosecco-stopper\/","name":"JAYA Prosecco-Stopfen | JAYA Prosecco","isPartOf":{"@id":"https:\/\/jaya-prosecco.com\/#website"},"primaryImageOfPage":{"@id":"https:\/\/jaya-prosecco.com\/product\/jaya-prosecco-stopper\/#primaryimage"},"image":{"@id":"https:\/\/jaya-prosecco.com\/product\/jaya-prosecco-stopper\/#primaryimage"},"thumbnailUrl":"https:\/\/jaya-prosecco.com\/wp-content\/uploads\/2024\/11\/jaya_bouchon-stopper.webp","datePublished":"2020-04-05T09:49:23+00:00","dateModified":"2024-11-18T13:15:03+00:00","breadcrumb":{"@id":"https:\/\/jaya-prosecco.com\/product\/jaya-prosecco-stopper\/#breadcrumb"},"inLanguage":"de","potentialAction":[{"@type":"ReadAction","target":["https:\/\/jaya-prosecco.com\/product\/jaya-prosecco-stopper\/"]}]},{"@type":"ImageObject","inLanguage":"de","@id":"https:\/\/jaya-prosecco.com\/product\/jaya-prosecco-stopper\/#primaryimage","url":"https:\/\/jaya-prosecco.com\/wp-content\/uploads\/2024\/11\/jaya_bouchon-stopper.webp","contentUrl":"https:\/\/jaya-prosecco.com\/wp-content\/uploads\/2024\/11\/jaya_bouchon-stopper.webp","width":984,"height":768},{"@type":"BreadcrumbList","@id":"https:\/\/jaya-prosecco.com\/product\/jaya-prosecco-stopper\/#breadcrumb","itemListElement":[{"@type":"ListItem","position":1,"name":"Home","item":"https:\/\/jaya-prosecco.com\/"},{"@type":"ListItem","position":2,"name":"Shop Online","item":"https:\/\/jaya-prosecco.com\/shop-online\/"},{"@type":"ListItem","position":3,"name":"JAYA Prosecco Stopper"}]},{"@type":"WebSite","@id":"https:\/\/jaya-prosecco.com\/#website","url":"https:\/\/jaya-prosecco.com\/","name":"JAYA Prosecco","description":"Freude am Feiern","publisher":{"@id":"https:\/\/jaya-prosecco.com\/#organization"},"potentialAction":[{"@type":"SearchAction","target":{"@type":"EntryPoint","urlTemplate":"https:\/\/jaya-prosecco.com\/?s={search_term_string}"},"query-input":{"@type":"PropertyValueSpecification","valueRequired":true,"valueName":"search_term_string"}}],"inLanguage":"de"},{"@type":"Organization","@id":"https:\/\/jaya-prosecco.com\/#organization","name":"JAYA Prosecco","url":"https:\/\/jaya-prosecco.com\/","logo":{"@type":"ImageObject","inLanguage":"de","@id":"https:\/\/jaya-prosecco.com\/#\/schema\/logo\/image\/","url":"https:\/\/jaya-prosecco.com\/wp-content\/uploads\/2023\/04\/cropped-cropped-jaya_logo_horizontal_dark_background.png","contentUrl":"https:\/\/jaya-prosecco.com\/wp-content\/uploads\/2023\/04\/cropped-cropped-jaya_logo_horizontal_dark_background.png","width":350,"height":168,"caption":"JAYA Prosecco"},"image":{"@id":"https:\/\/jaya-prosecco.com\/#\/schema\/logo\/image\/"}}]}},"_links":{"self":[{"href":"http:\/\/jaya-prosecco.com\/de\/wp-json\/wp\/v2\/product\/30740","targetHints":{"allow":["GET"]}}],"collection":[{"href":"http:\/\/jaya-prosecco.com\/de\/wp-json\/wp\/v2\/product"}],"about":[{"href":"http:\/\/jaya-prosecco.com\/de\/wp-json\/wp\/v2\/types\/product"}],"wp:featuredmedia":[{"embeddable":true,"href":"http:\/\/jaya-prosecco.com\/de\/wp-json\/wp\/v2\/media\/46827"}],"wp:attachment":[{"href":"http:\/\/jaya-prosecco.com\/de\/wp-json\/wp\/v2\/media?parent=30740"}],"wp:term":[{"taxonomy":"product_brand","embeddable":true,"href":"http:\/\/jaya-prosecco.com\/de\/wp-json\/wp\/v2\/product_brand?post=30740"},{"taxonomy":"product_cat","embeddable":true,"href":"http:\/\/jaya-prosecco.com\/de\/wp-json\/wp\/v2\/product_cat?post=30740"},{"taxonomy":"product_tag","embeddable":true,"href":"http:\/\/jaya-prosecco.com\/de\/wp-json\/wp\/v2\/product_tag?post=30740"}],"curies":[{"name":"wp","href":"https:\/\/api.w.org\/{rel}","templated":true}]}}